{"id":38038,"date":"2022-02-18T11:37:38","date_gmt":"2022-02-18T10:37:38","guid":{"rendered":"https:\/\/www.altei.cz\/hifi\/?post_type=product&#038;p=38038"},"modified":"2026-03-18T20:54:01","modified_gmt":"2026-03-18T19:54:01","slug":"dr-feickert-analogue-protractor-ng","status":"publish","type":"product","link":"https:\/\/www.altei.cz\/hifi\/produkt\/dr-feickert-analogue-protractor-ng\/","title":{"rendered":"Dr. Feickert Analogue \u2013 Protractor NG"},"content":{"rendered":"<p>P\u0159\u00edpravek pro precizn\u00ed geometrick\u00e9 nastaven\u00ed ram\u00e9nka a p\u0159enosky.<br \/>\nVylep\u0161en\u00e1 verze p\u016fvodn\u00edho Protractoru. Pomoc\u00ed tohoto n\u00e1stroje nastav\u00edte celkovou geometrii ram\u00e9nka a p\u0159enosky podle v\u0161ech t\u0159\u00ed hlavn\u00edch metod, tedy podle Baerwalda, Loefgrena i Stevensona.<\/p>\n","protected":false},"excerpt":{"rendered":"<p>P\u0159\u00edpravek pro precizn\u00ed geometrick\u00e9 nastaven\u00ed ram\u00e9nka a p\u0159enosky. Vylep\u0161en\u00e1 verze p\u016fvodn\u00edho Protractoru. Pomoc\u00ed tohoto n\u00e1stroje nastav\u00edte celkovou geometrii ram\u00e9nka a p\u0159enosky podle v\u0161ech t\u0159\u00ed hlavn\u00edch metod, tedy podle Baerwalda, Loefgrena i Stevensona.<\/p>\n","protected":false},"featured_media":38087,"comment_status":"closed","ping_status":"closed","template":"","meta":[],"pwb-brand":[327],"product_brand":[],"product_cat":[281,232],"product_tag":[103,299,131,300],"class_list":{"0":"post-38038","1":"product","2":"type-product","3":"status-publish","4":"has-post-thumbnail","6":"pwb-brand-feickert","7":"product_cat-feickert","8":"product_cat-gramofony-prislusenstvi","9":"product_tag-gramofon","10":"product_tag-nastaveni","11":"product_tag-prislusenstvi","12":"product_tag-protractor","13":"product_shipping_class-z-1-kg","15":"first","16":"outofstock","17":"taxable","18":"shipping-taxable","19":"purchasable","20":"product-type-simple"},"aioseo_notices":[],"jetpack_sharing_enabled":true,"brands":[{"id":327,"name":"Dr. Feickert Analogue","slug":"feickert"}],"_links":{"self":[{"href":"https:\/\/www.altei.cz\/hifi\/wp-json\/wp\/v2\/product\/38038","targetHints":{"allow":["GET"]}}],"collection":[{"href":"https:\/\/www.altei.cz\/hifi\/wp-json\/wp\/v2\/product"}],"about":[{"href":"https:\/\/www.altei.cz\/hifi\/wp-json\/wp\/v2\/types\/product"}],"replies":[{"embeddable":true,"href":"https:\/\/www.altei.cz\/hifi\/wp-json\/wp\/v2\/comments?post=38038"}],"wp:featuredmedia":[{"embeddable":true,"href":"https:\/\/www.altei.cz\/hifi\/wp-json\/wp\/v2\/media\/38087"}],"wp:attachment":[{"href":"https:\/\/www.altei.cz\/hifi\/wp-json\/wp\/v2\/media?parent=38038"}],"wp:term":[{"taxonomy":"pwb-brand","embeddable":true,"href":"https:\/\/www.altei.cz\/hifi\/wp-json\/wp\/v2\/pwb-brand?post=38038"},{"taxonomy":"product_brand","embeddable":true,"href":"https:\/\/www.altei.cz\/hifi\/wp-json\/wp\/v2\/product_brand?post=38038"},{"taxonomy":"product_cat","embeddable":true,"href":"https:\/\/www.altei.cz\/hifi\/wp-json\/wp\/v2\/product_cat?post=38038"},{"taxonomy":"product_tag","embeddable":true,"href":"https:\/\/www.altei.cz\/hifi\/wp-json\/wp\/v2\/product_tag?post=38038"}],"curies":[{"name":"wp","href":"https:\/\/api.w.org\/{rel}","templated":true}]}}