{"id":38039,"date":"2022-02-18T11:37:38","date_gmt":"2022-02-18T10:37:38","guid":{"rendered":"https:\/\/www.altei.cz\/hifi\/?post_type=product&#038;p=38039"},"modified":"2024-12-20T13:38:48","modified_gmt":"2024-12-20T12:38:48","slug":"dr-feickert-analogue-vitesse","status":"publish","type":"product","link":"https:\/\/www.altei.cz\/hifi\/produkt\/dr-feickert-analogue-vitesse\/","title":{"rendered":"Dr. Feickert Analogue \u2013 Vitesse"},"content":{"rendered":"<p>Precizn\u00ed extern\u00ed univerz\u00e1ln\u00ed motorov\u00e1 jednotka pro \u0159em\u00ednkov\u00fd pohon gramofonov\u00e9ho tal\u00ed\u0159e. U\u017eivatelsky nastaviteln\u00e9 p\u0159edvolby pro 33, 45 a 78 ot. \/ min. Ploch\u00fd pohonn\u00fd \u0159emen je sou\u010d\u00e1st\u00ed dod\u00e1vky.<\/p>\n","protected":false},"excerpt":{"rendered":"<h4>Extern\u00ed pohon pro gramofonov\u00e1 \u0161asi<\/h4>\n","protected":false},"featured_media":42340,"comment_status":"closed","ping_status":"closed","template":"","meta":[],"pwb-brand":[327],"product_brand":[],"product_cat":[281,232],"product_tag":[103,301,302,291],"class_list":{"0":"post-38039","1":"product","2":"type-product","3":"status-publish","4":"has-post-thumbnail","6":"pwb-brand-feickert","7":"product_cat-feickert","8":"product_cat-gramofony-prislusenstvi","9":"product_tag-gramofon","10":"product_tag-motor","11":"product_tag-pohon","12":"product_tag-reminkovy-pohon","14":"first","15":"onbackorder","16":"taxable","17":"shipping-taxable","18":"purchasable","19":"product-type-simple"},"aioseo_notices":[],"jetpack_sharing_enabled":true,"brands":[{"id":327,"name":"Dr. Feickert Analogue","slug":"feickert"}],"_links":{"self":[{"href":"https:\/\/www.altei.cz\/hifi\/wp-json\/wp\/v2\/product\/38039","targetHints":{"allow":["GET"]}}],"collection":[{"href":"https:\/\/www.altei.cz\/hifi\/wp-json\/wp\/v2\/product"}],"about":[{"href":"https:\/\/www.altei.cz\/hifi\/wp-json\/wp\/v2\/types\/product"}],"replies":[{"embeddable":true,"href":"https:\/\/www.altei.cz\/hifi\/wp-json\/wp\/v2\/comments?post=38039"}],"wp:featuredmedia":[{"embeddable":true,"href":"https:\/\/www.altei.cz\/hifi\/wp-json\/wp\/v2\/media\/42340"}],"wp:attachment":[{"href":"https:\/\/www.altei.cz\/hifi\/wp-json\/wp\/v2\/media?parent=38039"}],"wp:term":[{"taxonomy":"pwb-brand","embeddable":true,"href":"https:\/\/www.altei.cz\/hifi\/wp-json\/wp\/v2\/pwb-brand?post=38039"},{"taxonomy":"product_brand","embeddable":true,"href":"https:\/\/www.altei.cz\/hifi\/wp-json\/wp\/v2\/product_brand?post=38039"},{"taxonomy":"product_cat","embeddable":true,"href":"https:\/\/www.altei.cz\/hifi\/wp-json\/wp\/v2\/product_cat?post=38039"},{"taxonomy":"product_tag","embeddable":true,"href":"https:\/\/www.altei.cz\/hifi\/wp-json\/wp\/v2\/product_tag?post=38039"}],"curies":[{"name":"wp","href":"https:\/\/api.w.org\/{rel}","templated":true}]}}