{"id":38046,"date":"2022-02-18T11:37:39","date_gmt":"2022-02-18T10:37:39","guid":{"rendered":"https:\/\/www.altei.cz\/hifi\/?post_type=product&#038;p=38046"},"modified":"2026-03-16T06:50:52","modified_gmt":"2026-03-16T05:50:52","slug":"hana-ur","status":"publish","type":"product","link":"https:\/\/www.altei.cz\/hifi\/produkt\/hana-ur\/","title":{"rendered":"HANA UR"},"content":{"rendered":"<p>HANA UR tedy UMAMI RED je nejvy\u0161\u0161\u00ed z \u0159ady elektrodynamick\u00fdch (MC) gramofonov\u00fdch p\u0159enosek \u83ef, neboli \u201e<a title=\"HANA\" href=\"https:\/\/www.altei.cz\/hifi\/hana\/\">HANA<\/a>\u201c z Japonska.<\/p>\n<p>\u010cerven\u00e1 UR m\u00e1 t\u011blo Auricle\u2122 vyroben\u00e9 z ultra\u010dist\u00e9ho A7075 aluminia, kter\u00e9 je vyu\u017e\u00edv\u00e1no p\u0159edev\u0161\u00edm pro kosmick\u00e9 technologie a vlo\u017eky z ebenov\u00e9ho d\u0159eva, kter\u00e1 je\u0161t\u011b v\u00edce potla\u010duje necht\u011bn\u00e9 rezonance. Pro tuto p\u0159enosku je specifick\u00e1 i v\u00edcevrstv\u00e1 povrchov\u00e1 \u00faprava Urushi lakem podle slavn\u00e9 japonsk\u00e9 Makie techniky. Tento klasick\u00fd a slo\u017eit\u00fd postup se skl\u00e1d\u00e1 z \u010dern\u00e9ho Urushi podkladu, propracovan\u00e9ho procesu \u010derven\u00e9ho zbarven\u00ed s jemn\u00fdm st\u0159\u00edbrn\u00fdm pr\u00e1\u0161kem, potisku n\u00e1zvu \u201ehana\u201c zlat\u00fdm pr\u00e1\u0161kem a fin\u00e1ln\u00edho laku s n\u011bkolika le\u0161t\u00edc\u00edmi kroky.<\/p>\n<p>Diamantov\u00fd hrot typu Micro Line na chv\u011bjce z boru zachyt\u00ed i ty nejjemn\u011bj\u0161\u00ed detaily dr\u00e1\u017eky pro dosa\u017een\u00ed maxim\u00e1ln\u00edho frekven\u010dn\u00edho rozsahu. Nejen excelentn\u00ed bezkysl\u00edkat\u00e1 m\u011b\u010f pou\u017eit\u00e1 na vinut\u00ed, ale i vyu\u017eit\u00ed kryogenn\u00edho procesu potom posunuje sonick\u00e9 vlastnosti p\u0159enosky je\u0161t\u011b v\u00fd\u0161e.<\/p>\n<p>Ru\u010dn\u011b vyr\u00e1b\u011bn\u00e1 MC p\u0159enoska HANA-Umami Red zt\u011bles\u0148uje &#8222;Umami&#8220; &#8211; ofici\u00e1ln\u011b vytvo\u0159en\u00fd v roce 1908 japonsk\u00fdm chemikem Kikunae Ikeda-sanem jako velmi p\u0159\u00edjemn\u00e1 nebo lahodn\u00e1 chu\u0165 na pat\u0159e, synergick\u00fd efekt, kter\u00fd vede k vy\u0161\u0161\u00ed intenzit\u011b chuti.<\/p>\n<p>Mistr konstrukt\u00e9r p\u0159enosek Hana Maseo Okada-san tento koncept uplat\u0148uje, kdy\u017e kombinuje brilantn\u00ed materi\u00e1ly a klasick\u00e9 japonsk\u00e9 techniky s modern\u00edm zvukov\u00fdm in\u017een\u00fdrstv\u00edm.<\/p>\n<p>Kryogenn\u011b o\u0161et\u0159en\u00fd MC gener\u00e1tor je vybaven samarium\/kobaltov\u00fdm magnetem s \u010dist\u011b \u017eeleznou \u010dtvercovou kotvou, ru\u010dn\u011b vinutou 30mikronov\u00fdm m\u011bd\u011bn\u00fdm dr\u00e1tem vysok\u00e9 \u010distoty pro vnit\u0159n\u00ed impedanci 6\u03a9 a v\u00fdstupn\u00ed nap\u011bt\u00ed 0,4 mV.<\/p>\n<p>Hrot z p\u0159\u00edrodn\u00edho diamantu s brusem Microline je p\u0159ilepen k pevn\u00e9 b\u00f3rov\u00e9 chv\u011bjce pro sledov\u00e1n\u00ed nejjemn\u011bj\u0161\u00edch hudebn\u00edch nuanc\u00ed z LP.<\/p>\n<p>&nbsp;<\/p>\n<p><a href=\"https:\/\/www.hifi-voice.com\/testy-a-recenze\/gramofony-a-analog\/3618-hana-umami-red\" target=\"_blank\" rel=\"noopener\">Test HANA UR na serveru HiFi-voice<\/a><\/p>\n<div  class='avia-button-wrap av-p7wpq6-96f008a7f64d007207cde4b58143f564-wrap avia-button-center  avia-builder-el-0  avia-builder-el-no-sibling '><a href='https:\/\/www.altei.cz\/hifi\/hana\/'  class='avia-button av-p7wpq6-96f008a7f64d007207cde4b58143f564 av-link-btn avia-icon_select-no avia-size-small avia-position-center avia-color-theme-color'   aria-label=\"V\u00edce\"><span class='avia_iconbox_title' >V\u00edce<\/span><\/a><\/div>\n","protected":false},"excerpt":{"rendered":"<h4>Referen\u010dn\u00ed elektrodynamick\u00e1 p\u0159enoska MC MicroLine<\/h4>\n","protected":false},"featured_media":38102,"comment_status":"closed","ping_status":"closed","template":"","meta":[],"pwb-brand":[155],"product_brand":[],"product_cat":[157],"product_tag":[304,289,103,160,290,305,159,306],"class_list":{"0":"post-38046","1":"product","2":"type-product","3":"status-publish","4":"has-post-thumbnail","6":"pwb-brand-hana","7":"product_cat-gramofonove-prenosky","8":"product_tag-cartridge","9":"product_tag-diamant-prirodni","10":"product_tag-gramofon","11":"product_tag-mc-prenoska","12":"product_tag-microline","13":"product_tag-phono","14":"product_tag-prenoska","15":"product_tag-urushi","17":"first","18":"onbackorder","19":"featured","20":"taxable","21":"shipping-taxable","22":"purchasable","23":"product-type-simple"},"aioseo_notices":[],"jetpack_sharing_enabled":true,"brands":[{"id":155,"name":"HANA","slug":"hana"}],"_links":{"self":[{"href":"https:\/\/www.altei.cz\/hifi\/wp-json\/wp\/v2\/product\/38046","targetHints":{"allow":["GET"]}}],"collection":[{"href":"https:\/\/www.altei.cz\/hifi\/wp-json\/wp\/v2\/product"}],"about":[{"href":"https:\/\/www.altei.cz\/hifi\/wp-json\/wp\/v2\/types\/product"}],"replies":[{"embeddable":true,"href":"https:\/\/www.altei.cz\/hifi\/wp-json\/wp\/v2\/comments?post=38046"}],"wp:featuredmedia":[{"embeddable":true,"href":"https:\/\/www.altei.cz\/hifi\/wp-json\/wp\/v2\/media\/38102"}],"wp:attachment":[{"href":"https:\/\/www.altei.cz\/hifi\/wp-json\/wp\/v2\/media?parent=38046"}],"wp:term":[{"taxonomy":"pwb-brand","embeddable":true,"href":"https:\/\/www.altei.cz\/hifi\/wp-json\/wp\/v2\/pwb-brand?post=38046"},{"taxonomy":"product_brand","embeddable":true,"href":"https:\/\/www.altei.cz\/hifi\/wp-json\/wp\/v2\/product_brand?post=38046"},{"taxonomy":"product_cat","embeddable":true,"href":"https:\/\/www.altei.cz\/hifi\/wp-json\/wp\/v2\/product_cat?post=38046"},{"taxonomy":"product_tag","embeddable":true,"href":"https:\/\/www.altei.cz\/hifi\/wp-json\/wp\/v2\/product_tag?post=38046"}],"curies":[{"name":"wp","href":"https:\/\/api.w.org\/{rel}","templated":true}]}}