{"id":38134,"date":"2022-02-22T11:43:19","date_gmt":"2022-02-22T10:43:19","guid":{"rendered":"https:\/\/www.altei.cz\/hifi\/?post_type=product&#038;p=38134"},"modified":"2026-03-18T20:42:56","modified_gmt":"2026-03-18T19:42:56","slug":"sorane-sa-1-2","status":"publish","type":"product","link":"https:\/\/www.altei.cz\/hifi\/produkt\/sorane-sa-1-2\/","title":{"rendered":"Sorane SA-1.2"},"content":{"rendered":"<section  class='av_textblock_section av-ke9w4g8a-9dc883c59d1f17aef95aa3e0d57af183 '   itemscope=\"itemscope\" itemtype=\"https:\/\/schema.org\/CreativeWork\" ><div class='avia_textblock'  itemprop=\"text\" ><p>Precizn\u00ed gramofonov\u00e9 ram\u00e9nko pro n\u00e1ro\u010dn\u00e9 audiofily, d\u00e9lka 9&#8243;, nastaviteln\u00e1 geometrie, odn\u00edmateln\u00e1 hlavi\u010dka pro p\u0159enosky s 1\/2&#8243; uchycen\u00edm.<\/p>\n<\/div><\/section>\n","protected":false},"excerpt":{"rendered":"<h4>Gramofonov\u00e9 ram\u00e9nko 9&#8243;<\/h4>\n","protected":false},"featured_media":38155,"comment_status":"closed","ping_status":"closed","template":"","meta":[],"pwb-brand":[335],"product_brand":[],"product_cat":[236,307],"product_tag":[308,238,309],"class_list":{"0":"post-38134","1":"product","2":"type-product","3":"status-publish","4":"has-post-thumbnail","6":"pwb-brand-sorane","7":"product_cat-gramofonova-ramena","8":"product_cat-sorane","9":"product_tag-abis","10":"product_tag-gramofonove-rameno","11":"product_tag-sorane","12":"product_shipping_class-z-5-kg","14":"first","15":"instock","16":"taxable","17":"shipping-taxable","18":"purchasable","19":"product-type-simple"},"aioseo_notices":[],"jetpack_sharing_enabled":true,"brands":[{"id":335,"name":"Sorane","slug":"sorane"}],"_links":{"self":[{"href":"https:\/\/www.altei.cz\/hifi\/wp-json\/wp\/v2\/product\/38134","targetHints":{"allow":["GET"]}}],"collection":[{"href":"https:\/\/www.altei.cz\/hifi\/wp-json\/wp\/v2\/product"}],"about":[{"href":"https:\/\/www.altei.cz\/hifi\/wp-json\/wp\/v2\/types\/product"}],"replies":[{"embeddable":true,"href":"https:\/\/www.altei.cz\/hifi\/wp-json\/wp\/v2\/comments?post=38134"}],"wp:featuredmedia":[{"embeddable":true,"href":"https:\/\/www.altei.cz\/hifi\/wp-json\/wp\/v2\/media\/38155"}],"wp:attachment":[{"href":"https:\/\/www.altei.cz\/hifi\/wp-json\/wp\/v2\/media?parent=38134"}],"wp:term":[{"taxonomy":"pwb-brand","embeddable":true,"href":"https:\/\/www.altei.cz\/hifi\/wp-json\/wp\/v2\/pwb-brand?post=38134"},{"taxonomy":"product_brand","embeddable":true,"href":"https:\/\/www.altei.cz\/hifi\/wp-json\/wp\/v2\/product_brand?post=38134"},{"taxonomy":"product_cat","embeddable":true,"href":"https:\/\/www.altei.cz\/hifi\/wp-json\/wp\/v2\/product_cat?post=38134"},{"taxonomy":"product_tag","embeddable":true,"href":"https:\/\/www.altei.cz\/hifi\/wp-json\/wp\/v2\/product_tag?post=38134"}],"curies":[{"name":"wp","href":"https:\/\/api.w.org\/{rel}","templated":true}]}}