{"id":38142,"date":"2022-02-22T11:43:20","date_gmt":"2022-02-22T10:43:20","guid":{"rendered":"https:\/\/www.altei.cz\/hifi\/?post_type=product&#038;p=38142"},"modified":"2024-02-06T17:34:32","modified_gmt":"2024-02-06T16:34:32","slug":"weiss-dac-502","status":"publish","type":"product","link":"https:\/\/www.altei.cz\/hifi\/produkt\/weiss-dac-502\/","title":{"rendered":"Weiss DAC-502"},"content":{"rendered":"\n<style type=\"text\/css\" data-created_by=\"avia_inline_auto\" id=\"style-css-av-ufomsc-3778971887161dfd76a604c62d6a7fd0\">\n.flex_column.av-ufomsc-3778971887161dfd76a604c62d6a7fd0{\nborder-radius:0px 0px 0px 0px;\npadding:0px 0px 0px 0px;\n}\n<\/style>\n<div  class='flex_column av-ufomsc-3778971887161dfd76a604c62d6a7fd0 av_one_full  avia-builder-el-0  avia-builder-el-no-sibling  first flex_column_div av-zero-column-padding  '     ><section  class='av_textblock_section av-jrqk2ajk-63fc4de2f292a6d07786a6ca187cecbc '   itemscope=\"itemscope\" itemtype=\"https:\/\/schema.org\/CreativeWork\" ><div class='avia_textblock'  itemprop=\"text\" ><p>DAC501 \u0161pi\u010dkov\u00fd \u0161v\u00fdcarsk\u00fd digit\u00e1ln\u00ed p\u0159evodn\u00edk, sluch\u00e1tkov\u00fd zesilova\u010d a streamer vybaven\u00fd hned n\u011bkolika neobvykl\u00fdmi funkcemi. Je toti\u017e vybaven v\u00fdkonn\u00fdm DSP a webov\u00fdm rozhran\u00edm, kter\u00e9 umo\u017e\u0148uje jeho konfiguraci pomoc\u00ed webov\u00e9ho prohl\u00ed\u017ee\u010de. N\u00e1sleduj\u00edc\u00ed funkce jsou p\u0159\u00edstupn\u00e9 p\u0159es webov\u00e9 rozhran\u00ed: Ovl\u00e1d\u00e1n\u00ed hlasitosti a balance, v\u00fdb\u011br vstupu, typ v\u00fdstupu, konfigurace DSP algoritm\u016f, konfigurace snapshot\u016f DSP.<\/p>\n<\/div><\/section><\/div>\n","protected":false},"excerpt":{"rendered":"<h4 class=\"ls-l-1\">DA p\u0159evodn\u00edk a s\u00ed\u0165ov\u00fd renderer Roon Ready<\/h4>\n","protected":false},"featured_media":38181,"comment_status":"closed","ping_status":"closed","template":"","meta":[],"pwb-brand":[332],"product_brand":[],"product_cat":[40,261,23,25,336],"product_tag":[33,35,36,337],"class_list":{"0":"post-38142","1":"product","2":"type-product","3":"status-publish","4":"has-post-thumbnail","6":"pwb-brand-weiss","7":"product_cat-audio-prevodniky","8":"product_cat-prehravace","9":"product_cat-roon-ready","10":"product_cat-streamovaci-prehravace","11":"product_cat-weiss-hifi","12":"product_tag-dac","13":"product_tag-prevodniky","14":"product_tag-roon-ready","15":"product_tag-weiss-hifi","17":"first","18":"onbackorder","19":"taxable","20":"shipping-taxable","21":"purchasable","22":"product-type-simple"},"aioseo_notices":[],"jetpack_sharing_enabled":true,"brands":[{"id":332,"name":"WEISS","slug":"weiss"}],"_links":{"self":[{"href":"https:\/\/www.altei.cz\/hifi\/wp-json\/wp\/v2\/product\/38142","targetHints":{"allow":["GET"]}}],"collection":[{"href":"https:\/\/www.altei.cz\/hifi\/wp-json\/wp\/v2\/product"}],"about":[{"href":"https:\/\/www.altei.cz\/hifi\/wp-json\/wp\/v2\/types\/product"}],"replies":[{"embeddable":true,"href":"https:\/\/www.altei.cz\/hifi\/wp-json\/wp\/v2\/comments?post=38142"}],"wp:featuredmedia":[{"embeddable":true,"href":"https:\/\/www.altei.cz\/hifi\/wp-json\/wp\/v2\/media\/38181"}],"wp:attachment":[{"href":"https:\/\/www.altei.cz\/hifi\/wp-json\/wp\/v2\/media?parent=38142"}],"wp:term":[{"taxonomy":"pwb-brand","embeddable":true,"href":"https:\/\/www.altei.cz\/hifi\/wp-json\/wp\/v2\/pwb-brand?post=38142"},{"taxonomy":"product_brand","embeddable":true,"href":"https:\/\/www.altei.cz\/hifi\/wp-json\/wp\/v2\/product_brand?post=38142"},{"taxonomy":"product_cat","embeddable":true,"href":"https:\/\/www.altei.cz\/hifi\/wp-json\/wp\/v2\/product_cat?post=38142"},{"taxonomy":"product_tag","embeddable":true,"href":"https:\/\/www.altei.cz\/hifi\/wp-json\/wp\/v2\/product_tag?post=38142"}],"curies":[{"name":"wp","href":"https:\/\/api.w.org\/{rel}","templated":true}]}}