{"id":38143,"date":"2022-02-22T11:43:20","date_gmt":"2022-02-22T10:43:20","guid":{"rendered":"https:\/\/www.altei.cz\/hifi\/?post_type=product&#038;p=38143"},"modified":"2024-02-06T17:34:54","modified_gmt":"2024-02-06T16:34:54","slug":"weiss-dsp-502","status":"publish","type":"product","link":"https:\/\/www.altei.cz\/hifi\/produkt\/weiss-dsp-502\/","title":{"rendered":"Weiss DSP-502"},"content":{"rendered":"\n<style type=\"text\/css\" data-created_by=\"avia_inline_auto\" id=\"style-css-av-ufomsc-3778971887161dfd76a604c62d6a7fd0\">\n.flex_column.av-ufomsc-3778971887161dfd76a604c62d6a7fd0{\nborder-radius:0px 0px 0px 0px;\npadding:0px 0px 0px 0px;\n}\n<\/style>\n<div  class='flex_column av-ufomsc-3778971887161dfd76a604c62d6a7fd0 av_one_full  avia-builder-el-0  avia-builder-el-no-sibling  first flex_column_div av-zero-column-padding  '     ><section  class='av_textblock_section av-jrqk2ajk-63fc4de2f292a6d07786a6ca187cecbc '   itemscope=\"itemscope\" itemtype=\"https:\/\/schema.org\/CreativeWork\" ><div class='avia_textblock'  itemprop=\"text\" ><p>\u0160pi\u010dkovy\u0301 digit\u00e1ln\u00ed sign\u00e1lovy\u0301 procesor funkcemi shodny\u0301 s DSP-501 av\u0161ak v pln\u00e9m rozm\u011bru boxu, ktery\u0301 pracuje s pokro\u010dily\u0301mi algoritmy, pomoc\u00ed ktery\u0301ch je mo\u017eno upravit sign\u00e1l jako takovy\u0301, nebo jej p\u0159izp\u016fsobit prostorov\u00e9 akustice \u010di vlastnostem reprosoustav. Funkce: Room EQ, Creative EQ, De-Essing, Constant volume, Crosstalk cancelling, Loudness Control, Headphone EQ. Digit\u00e1ln\u00ed vstupy AES\/EBU, SPDIF, upNp\/dlna, USB. Form\u00e1ty: PCM (44,1 a\u017e 384 kHz), DSD 64\/128. Roon Ready. N\u00e1sleduj\u00edc\u00ed funkce jsou p\u0159\u00edstupn\u00e9 p\u0159es webov\u00e9 rozhran\u00ed: Ovl\u00e1d\u00e1n\u00ed hlasitosti a balance, v\u00fdb\u011br vstupu, typ v\u00fdstupu, konfigurace DSP algoritm\u016f, konfigurace snapshot\u016f DSP.<\/p>\n<\/div><\/section><\/div>\n","protected":false},"excerpt":{"rendered":"<h4 class=\"ls-l-1\">DSP procesor a s\u00ed\u0165ov\u00fd renderer Roon Ready<\/h4>\n","protected":false},"featured_media":38182,"comment_status":"closed","ping_status":"closed","template":"","meta":[],"pwb-brand":[332],"product_brand":[],"product_cat":[261,25,336],"product_tag":[338,26,272,339,340,36,337],"class_list":{"0":"post-38143","1":"product","2":"type-product","3":"status-publish","4":"has-post-thumbnail","6":"pwb-brand-weiss","7":"product_cat-prehravace","8":"product_cat-streamovaci-prehravace","9":"product_cat-weiss-hifi","10":"product_tag-de-esser","11":"product_tag-dsp","12":"product_tag-eq","13":"product_tag-loudness","14":"product_tag-procesor","15":"product_tag-roon-ready","16":"product_tag-weiss-hifi","18":"first","19":"onbackorder","20":"taxable","21":"shipping-taxable","22":"purchasable","23":"product-type-simple"},"aioseo_notices":[],"jetpack_sharing_enabled":true,"brands":[{"id":332,"name":"WEISS","slug":"weiss"}],"_links":{"self":[{"href":"https:\/\/www.altei.cz\/hifi\/wp-json\/wp\/v2\/product\/38143","targetHints":{"allow":["GET"]}}],"collection":[{"href":"https:\/\/www.altei.cz\/hifi\/wp-json\/wp\/v2\/product"}],"about":[{"href":"https:\/\/www.altei.cz\/hifi\/wp-json\/wp\/v2\/types\/product"}],"replies":[{"embeddable":true,"href":"https:\/\/www.altei.cz\/hifi\/wp-json\/wp\/v2\/comments?post=38143"}],"wp:featuredmedia":[{"embeddable":true,"href":"https:\/\/www.altei.cz\/hifi\/wp-json\/wp\/v2\/media\/38182"}],"wp:attachment":[{"href":"https:\/\/www.altei.cz\/hifi\/wp-json\/wp\/v2\/media?parent=38143"}],"wp:term":[{"taxonomy":"pwb-brand","embeddable":true,"href":"https:\/\/www.altei.cz\/hifi\/wp-json\/wp\/v2\/pwb-brand?post=38143"},{"taxonomy":"product_brand","embeddable":true,"href":"https:\/\/www.altei.cz\/hifi\/wp-json\/wp\/v2\/product_brand?post=38143"},{"taxonomy":"product_cat","embeddable":true,"href":"https:\/\/www.altei.cz\/hifi\/wp-json\/wp\/v2\/product_cat?post=38143"},{"taxonomy":"product_tag","embeddable":true,"href":"https:\/\/www.altei.cz\/hifi\/wp-json\/wp\/v2\/product_tag?post=38143"}],"curies":[{"name":"wp","href":"https:\/\/api.w.org\/{rel}","templated":true}]}}