{"id":38187,"date":"2022-02-22T17:57:44","date_gmt":"2022-02-22T16:57:44","guid":{"rendered":"https:\/\/www.altei.cz\/hifi\/?post_type=product&#038;p=38187"},"modified":"2026-03-18T21:41:58","modified_gmt":"2026-03-18T20:41:58","slug":"orb-df-01ia","status":"publish","type":"product","link":"https:\/\/www.altei.cz\/hifi\/produkt\/orb-df-01ia\/","title":{"rendered":"ORB DF-01iA"},"content":{"rendered":"<p>Japonsk\u00e1 spole\u010dnost <a href=\"https:\/\/www.altei.cz\/hifi\/orb-disc-flattener\/\">ORB<\/a> vyr\u00e1b\u00ed u\u017eite\u010dn\u00e9ho pomocn\u00edka pro v\u0161echny, kdo holduj\u00ed poslechu analogov\u00fdch vinylov\u00fdch desek. ORB DF-01iA &#8211; Vinyl flattener (pec na rovn\u00e1n\u00ed vinylov\u00e9 desky).<\/p>\n<p>Pec na rovn\u00e1n\u00ed zvln\u011bn\u00fdch vinylov\u00fdch gramofonov\u00fdch desek s groove guard. Pevn\u011b nastaven\u00e1 stabilizovan\u00e1 teplota oh\u0159evu 57\u00b0C, doba oh\u0159evu 30 a\u017e 120 minut, ur\u010deno pro desky o pr\u016fm\u011bru od 7&#8243; do 12&#8243;, hmotnost LP a\u017e do 130g.<\/p>\n<p>DF-01iA je z\u00e1kladn\u00ed model, kter\u00fd pojme desky s groove guard. Oproti tomu vy\u0161\u0161\u00ed model DF-01iA+ disponuje, adapt\u00e9rem pro desky, kter\u00e9 groove guard nemaj\u00ed, jako jsou nap\u0159\u00edklad t\u011b\u017e\u0161\u00ed gramodesky s hmotnost\u00ed 180 g.<\/p>\n<p><strong>Jak pec funguje<br \/>\n<\/strong>Gramofonov\u00e9 desky vyrobeny z polyvinylchloridu, b\u011b\u017en\u011b zn\u00e1m\u00e9ho jako vinyl. Kv\u016fli citlivosti na teplo je d\u016fle\u017eit\u00fd zp\u016fsob, jak\u00fdm se desky skladuj\u00ed, aby nedo\u0161lo k jejich pok\u0159iven\u00ed a jin\u00e9mu po\u0161kozen\u00ed. Deformaci vinylov\u00fdch desek m\u016f\u017ee zp\u016fsobit tak\u00e9 jejich st\u00e1rnut\u00ed. Jemn\u00fdm zah\u0159\u00edv\u00e1n\u00edm desky rovnom\u011brn\u00fdm tlakem lze vinyl vr\u00e1tit do p\u016fvodn\u00edho ploch\u00e9ho stavu, ani\u017e by se naru\u0161ila kvalita zvuku. Upozor\u0148ujeme, \u017ee nejsou podporov\u00e1ny desky SP, desky s vysokou hmotnost\u00ed a flexi desky (zn\u00e1m\u00e9 tak\u00e9 jako phonosheet nebo sooundsheet).<\/p>\n<p><strong>Struktura za\u0159\u00edzen\u00ed<br \/>\n<\/strong>Za\u0159\u00edzen\u00ed ORB DF-01iA m\u00e1 polovodi\u010dovou f\u00f3lii aplikovanou v horn\u00edm a spodn\u00edm oh\u0159\u00edva\u010di jednotky, co\u017e umo\u017e\u0148uje rovnom\u011brn\u00fd proces oh\u0159evu v kombinaci s rovnom\u011brn\u00fdm tlakem.<\/p>\n<table>\n<tbody>\n<tr>\n<td width=\"121\">Velikost<\/td>\n<td width=\"121\">Deska<br \/>\n(Rychlost ot\u00e1\u010den\u00ed)<\/td>\n<td width=\"121\">Okraj<\/td>\n<td width=\"121\">DF-10iA<\/td>\n<td width=\"121\">DF-10iA+<\/td>\n<\/tr>\n<tr>\n<td rowspan=\"3\" width=\"121\">30 cm (12inch)<\/td>\n<td rowspan=\"2\" width=\"121\">LP (33 1\/3)<br \/>\nSingle (45)<\/td>\n<td width=\"121\">Groove guard<\/td>\n<td width=\"121\">\u2713<\/td>\n<td width=\"121\">\u2713<\/td>\n<\/tr>\n<tr>\n<td width=\"121\">Flat edge<\/td>\n<td width=\"121\">X<\/td>\n<td width=\"121\">\u2713<\/td>\n<\/tr>\n<tr>\n<td width=\"121\">\u0160elakov\u00e9 desky<br \/>\n(78rpm)<\/td>\n<td width=\"121\">Flat edge<\/td>\n<td width=\"121\">X<\/td>\n<td width=\"121\">X<\/td>\n<\/tr>\n<tr>\n<td rowspan=\"3\" width=\"121\">25 cm (10inch)<\/td>\n<td rowspan=\"2\" width=\"121\">LP (33 1\/3)<\/td>\n<td width=\"121\">Groove guard<\/td>\n<td width=\"121\">\u2713<\/td>\n<td width=\"121\">\u2713<\/td>\n<\/tr>\n<tr>\n<td width=\"121\">Flat edge<\/td>\n<td width=\"121\">X<\/td>\n<td width=\"121\">\u2713<\/td>\n<\/tr>\n<tr>\n<td width=\"121\">\u0160elakov\u00e9 desky<br \/>\n(78rpm)<\/td>\n<td width=\"121\">Flat edge<\/td>\n<td width=\"121\">X<\/td>\n<td width=\"121\">X<\/td>\n<\/tr>\n<tr>\n<td rowspan=\"2\" width=\"121\">17 cm (7inch)<\/td>\n<td rowspan=\"2\" width=\"121\">EP (45)<br \/>\nCompact (33 1\/3)<\/td>\n<td width=\"121\">Groove guard<\/td>\n<td width=\"121\">\u2713<\/td>\n<td width=\"121\">\u2713<\/td>\n<\/tr>\n<tr>\n<td width=\"121\">Flat edge<\/td>\n<td width=\"121\">X<\/td>\n<td width=\"121\">\u2713<\/td>\n<\/tr>\n<\/tbody>\n<\/table>\n<p><a href=\"https:\/\/www.altei.cz\/hifi\/wp-content\/uploads\/2022\/02\/ORB_Disctype_Shop.png\"><img loading=\"lazy\" decoding=\"async\" class=\"aligncenter wp-image-42316 size-full\" src=\"https:\/\/www.altei.cz\/hifi\/wp-content\/uploads\/2022\/02\/ORB_Disctype_Shop.png\" alt=\"\" width=\"950\" height=\"330\" srcset=\"https:\/\/www.altei.cz\/hifi\/wp-content\/uploads\/2022\/02\/ORB_Disctype_Shop.png 950w, https:\/\/www.altei.cz\/hifi\/wp-content\/uploads\/2022\/02\/ORB_Disctype_Shop-300x104.png 300w, https:\/\/www.altei.cz\/hifi\/wp-content\/uploads\/2022\/02\/ORB_Disctype_Shop-768x267.png 768w, https:\/\/www.altei.cz\/hifi\/wp-content\/uploads\/2022\/02\/ORB_Disctype_Shop-705x245.png 705w, https:\/\/www.altei.cz\/hifi\/wp-content\/uploads\/2022\/02\/ORB_Disctype_Shop-450x156.png 450w, https:\/\/www.altei.cz\/hifi\/wp-content\/uploads\/2022\/02\/ORB_Disctype_Shop-600x208.png 600w, https:\/\/www.altei.cz\/hifi\/wp-content\/uploads\/2022\/02\/ORB_Disctype_Shop-64x22.png 64w\" sizes=\"auto, (max-width: 950px) 100vw, 950px\" \/><\/a><\/p>\n<p><a href=\"https:\/\/www.hifiroom.cz\/recenze\/orb-df-01ia-t25442.html\"><strong>HIFIroom recenze ORB DF-01iA+<\/strong><\/a><\/p>\n<div  class='avia-button-wrap av-swpztz-dcab041a79edcd053b3b44baa6464877-wrap avia-button-center  avia-builder-el-0  avia-builder-el-no-sibling '><a href='https:\/\/www.altei.cz\/hifi\/orb-disc-flattener\/'  class='avia-button av-swpztz-dcab041a79edcd053b3b44baa6464877 av-link-btn avia-icon_select-no avia-size-small avia-position-center avia-color-theme-color'   aria-label=\"V\u00edce\"><span class='avia_iconbox_title' >V\u00edce<\/span><\/a><\/div>\n","protected":false},"excerpt":{"rendered":"<h4>Pec na rovn\u00e1n\u00ed\u00a0vinylov\u00fdch desek<\/h4>\n","protected":false},"featured_media":38189,"comment_status":"closed","ping_status":"closed","template":"","meta":[],"pwb-brand":[331],"product_brand":[],"product_cat":[232,342],"product_tag":[103,131],"class_list":{"0":"post-38187","1":"product","2":"type-product","3":"status-publish","4":"has-post-thumbnail","6":"pwb-brand-orb","7":"product_cat-gramofony-prislusenstvi","8":"product_cat-orb","9":"product_tag-gramofon","10":"product_tag-prislusenstvi","12":"first","13":"onbackorder","14":"taxable","15":"shipping-taxable","16":"purchasable","17":"product-type-simple"},"aioseo_notices":[],"jetpack_sharing_enabled":true,"brands":[{"id":331,"name":"ORB","slug":"orb"}],"_links":{"self":[{"href":"https:\/\/www.altei.cz\/hifi\/wp-json\/wp\/v2\/product\/38187","targetHints":{"allow":["GET"]}}],"collection":[{"href":"https:\/\/www.altei.cz\/hifi\/wp-json\/wp\/v2\/product"}],"about":[{"href":"https:\/\/www.altei.cz\/hifi\/wp-json\/wp\/v2\/types\/product"}],"replies":[{"embeddable":true,"href":"https:\/\/www.altei.cz\/hifi\/wp-json\/wp\/v2\/comments?post=38187"}],"wp:featuredmedia":[{"embeddable":true,"href":"https:\/\/www.altei.cz\/hifi\/wp-json\/wp\/v2\/media\/38189"}],"wp:attachment":[{"href":"https:\/\/www.altei.cz\/hifi\/wp-json\/wp\/v2\/media?parent=38187"}],"wp:term":[{"taxonomy":"pwb-brand","embeddable":true,"href":"https:\/\/www.altei.cz\/hifi\/wp-json\/wp\/v2\/pwb-brand?post=38187"},{"taxonomy":"product_brand","embeddable":true,"href":"https:\/\/www.altei.cz\/hifi\/wp-json\/wp\/v2\/product_brand?post=38187"},{"taxonomy":"product_cat","embeddable":true,"href":"https:\/\/www.altei.cz\/hifi\/wp-json\/wp\/v2\/product_cat?post=38187"},{"taxonomy":"product_tag","embeddable":true,"href":"https:\/\/www.altei.cz\/hifi\/wp-json\/wp\/v2\/product_tag?post=38187"}],"curies":[{"name":"wp","href":"https:\/\/api.w.org\/{rel}","templated":true}]}}