{"id":38200,"date":"2022-02-22T18:02:05","date_gmt":"2022-02-22T17:02:05","guid":{"rendered":"https:\/\/www.altei.cz\/hifi\/?post_type=product&#038;p=38200"},"modified":"2023-09-04T20:19:21","modified_gmt":"2023-09-04T18:19:21","slug":"stax-sr-002","status":"publish","type":"product","link":"https:\/\/www.altei.cz\/hifi\/produkt\/stax-sr-002\/","title":{"rendered":"STAX SR-002"},"content":{"rendered":"<p>Otev\u0159en\u00e1 mobiln\u00ed elektrostatick\u00e1 sluch\u00e1tka, ur\u010den\u00e1 pro spojen\u00ed s p\u0159enosn\u00fdm bateriov\u00fdm nap\u00e1jec\u00edm zesilova\u010dem SRM-002. Mohou b\u00fdt pou\u017eita jako &#8222;\u0161punty&#8220; do u\u0161\u00ed nebo pomoc\u00ed hlavov\u00e9ho mostu jako n\u00e1hlavn\u00ed sluch\u00e1tka. Pro v\u0161echny audiofily, kte\u0159\u00ed po\u017eaduj\u00ed nekompromisn\u00ed zvukovou kvalitu i na cest\u00e1ch a pro zvukov\u00e9 profesion\u00e1ly, kte\u0159\u00ed cht\u011bj\u00ed m\u00edt v\u017edy po ruce referen\u010dn\u00ed poslech.<\/p>\n","protected":false},"excerpt":{"rendered":"<h4>Mobiln\u00ed otev\u0159en\u00e1 sluch\u00e1tka STAX<\/h4>\n","protected":false},"featured_media":38230,"comment_status":"closed","ping_status":"closed","template":"","meta":[],"pwb-brand":[330],"product_brand":[],"product_cat":[117,275],"product_tag":[276,119,277],"class_list":{"0":"post-38200","1":"product","2":"type-product","3":"status-publish","4":"has-post-thumbnail","6":"pwb-brand-stax","7":"product_cat-sluchatka","8":"product_cat-stax","9":"product_tag-elektrostaticka-sluchatka","10":"product_tag-sluchatka","11":"product_tag-stax","13":"first","14":"outofstock","15":"taxable","16":"shipping-taxable","17":"purchasable","18":"product-type-simple"},"aioseo_notices":[],"jetpack_sharing_enabled":true,"brands":[{"id":330,"name":"STAX","slug":"stax"}],"_links":{"self":[{"href":"https:\/\/www.altei.cz\/hifi\/wp-json\/wp\/v2\/product\/38200","targetHints":{"allow":["GET"]}}],"collection":[{"href":"https:\/\/www.altei.cz\/hifi\/wp-json\/wp\/v2\/product"}],"about":[{"href":"https:\/\/www.altei.cz\/hifi\/wp-json\/wp\/v2\/types\/product"}],"replies":[{"embeddable":true,"href":"https:\/\/www.altei.cz\/hifi\/wp-json\/wp\/v2\/comments?post=38200"}],"wp:featuredmedia":[{"embeddable":true,"href":"https:\/\/www.altei.cz\/hifi\/wp-json\/wp\/v2\/media\/38230"}],"wp:attachment":[{"href":"https:\/\/www.altei.cz\/hifi\/wp-json\/wp\/v2\/media?parent=38200"}],"wp:term":[{"taxonomy":"pwb-brand","embeddable":true,"href":"https:\/\/www.altei.cz\/hifi\/wp-json\/wp\/v2\/pwb-brand?post=38200"},{"taxonomy":"product_brand","embeddable":true,"href":"https:\/\/www.altei.cz\/hifi\/wp-json\/wp\/v2\/product_brand?post=38200"},{"taxonomy":"product_cat","embeddable":true,"href":"https:\/\/www.altei.cz\/hifi\/wp-json\/wp\/v2\/product_cat?post=38200"},{"taxonomy":"product_tag","embeddable":true,"href":"https:\/\/www.altei.cz\/hifi\/wp-json\/wp\/v2\/product_tag?post=38200"}],"curies":[{"name":"wp","href":"https:\/\/api.w.org\/{rel}","templated":true}]}}