{"id":38201,"date":"2022-02-22T18:02:05","date_gmt":"2022-02-22T17:02:05","guid":{"rendered":"https:\/\/www.altei.cz\/hifi\/?post_type=product&#038;p=38201"},"modified":"2024-10-30T16:36:36","modified_gmt":"2024-10-30T15:36:36","slug":"stax-sr-003-mkii","status":"publish","type":"product","link":"https:\/\/www.altei.cz\/hifi\/produkt\/stax-sr-003-mkii\/","title":{"rendered":"STAX SR-003 MKII"},"content":{"rendered":"<p>STAX SR-003 MKII jsou lehk\u00e1 otev\u0159en\u00e1 elektrostatick\u00e1 sluch\u00e1tka, ur\u010den\u00e1 pro spojen\u00ed s libovoln\u00fdm\u00a0 <a href=\"https:\/\/www.altei.cz\/hifi\/stitek-produktu\/sluchatkovy-zesilovac\/?pwb-brand-filter=stax\">nap\u00e1jec\u00edm zesilova\u010dem STAX<\/a>. Mohou b\u00fdt pou\u017eita jako &#8222;\u0161punty&#8220; do u\u0161\u00ed nebo ve spojen\u00ed s hlavov\u00fdm mostem jako n\u00e1hlavn\u00ed sluch\u00e1tka.<\/p>\n<p><strong><a href=\"https:\/\/www.hifi-voice.com\/testy-a-recenze\/sluchatka\/2149-stax-sr-003mk2\">Hi-Fi Voice recenze STAX SR-003MK2<\/a><\/strong><\/p>\n<p><span style=\"font-size: 14pt\"><strong>Specifikace<\/strong><\/span><\/p>\n<p>Typ: elektrostatick\u00fd push-pull, do u\u0161\u00ed<br \/>\nFrekven\u010dn\u00ed odezva: 20 &#8211; 20 kHz (\u00b14 dB)<br \/>\nElektrostatick\u00e1 kapacita: 44pF<br \/>\nCitlivost na akustick\u00fd tlak: 110 dB\/100 V r.m.s. \/ 1 kHz<br \/>\nPolariza\u010dn\u00ed nap\u011bt\u00ed: 550V &#8211; 580V<br \/>\nU\u0161n\u00ed \u010d\u00e1st: velikost L\/M\/S ze silikonov\u00e9 gumy<br \/>\nKabel: 5kol\u00edkov\u00fd pro STAX PRO bias, 6\u017eilov\u00fd paraleln\u00ed, celkov\u00e1 d\u00e9lka 1,5 m<br \/>\nHmotnost: 38 g, 12 g (pouze hlavn\u00ed \u010d\u00e1st)<br \/>\nRozm\u011br: 28 mm (pr\u016fm\u011br)<br \/>\nHmotnost horn\u00edho oblouku: 15 g<\/p>\n","protected":false},"excerpt":{"rendered":"<h4>Mobiln\u00ed otev\u0159en\u00e1 sluch\u00e1tka STAX<\/h4>\n","protected":false},"featured_media":38231,"comment_status":"closed","ping_status":"closed","template":"","meta":[],"pwb-brand":[330],"product_brand":[],"product_cat":[117,275],"product_tag":[276,119,277],"class_list":{"0":"post-38201","1":"product","2":"type-product","3":"status-publish","4":"has-post-thumbnail","6":"pwb-brand-stax","7":"product_cat-sluchatka","8":"product_cat-stax","9":"product_tag-elektrostaticka-sluchatka","10":"product_tag-sluchatka","11":"product_tag-stax","13":"first","14":"instock","15":"taxable","16":"shipping-taxable","17":"purchasable","18":"product-type-simple"},"aioseo_notices":[],"jetpack_sharing_enabled":true,"brands":[{"id":330,"name":"STAX","slug":"stax"}],"_links":{"self":[{"href":"https:\/\/www.altei.cz\/hifi\/wp-json\/wp\/v2\/product\/38201","targetHints":{"allow":["GET"]}}],"collection":[{"href":"https:\/\/www.altei.cz\/hifi\/wp-json\/wp\/v2\/product"}],"about":[{"href":"https:\/\/www.altei.cz\/hifi\/wp-json\/wp\/v2\/types\/product"}],"replies":[{"embeddable":true,"href":"https:\/\/www.altei.cz\/hifi\/wp-json\/wp\/v2\/comments?post=38201"}],"wp:featuredmedia":[{"embeddable":true,"href":"https:\/\/www.altei.cz\/hifi\/wp-json\/wp\/v2\/media\/38231"}],"wp:attachment":[{"href":"https:\/\/www.altei.cz\/hifi\/wp-json\/wp\/v2\/media?parent=38201"}],"wp:term":[{"taxonomy":"pwb-brand","embeddable":true,"href":"https:\/\/www.altei.cz\/hifi\/wp-json\/wp\/v2\/pwb-brand?post=38201"},{"taxonomy":"product_brand","embeddable":true,"href":"https:\/\/www.altei.cz\/hifi\/wp-json\/wp\/v2\/product_brand?post=38201"},{"taxonomy":"product_cat","embeddable":true,"href":"https:\/\/www.altei.cz\/hifi\/wp-json\/wp\/v2\/product_cat?post=38201"},{"taxonomy":"product_tag","embeddable":true,"href":"https:\/\/www.altei.cz\/hifi\/wp-json\/wp\/v2\/product_tag?post=38201"}],"curies":[{"name":"wp","href":"https:\/\/api.w.org\/{rel}","templated":true}]}}