{"id":38217,"date":"2022-02-22T18:02:06","date_gmt":"2022-02-22T17:02:06","guid":{"rendered":"https:\/\/www.altei.cz\/hifi\/?post_type=product&#038;p=38217"},"modified":"2026-02-03T11:50:03","modified_gmt":"2026-02-03T10:50:03","slug":"stax-cpc-1","status":"publish","type":"product","link":"https:\/\/www.altei.cz\/hifi\/produkt\/stax-cpc-1\/","title":{"rendered":"STAX CPC-1"},"content":{"rendered":"<section  class='av_textblock_section av-aju3e-93d5048aa74fd2bcc33a6cbb5fac50c5 '   itemscope=\"itemscope\" itemtype=\"https:\/\/schema.org\/CreativeWork\" ><div class='avia_textblock'  itemprop=\"text\" ><p>Pr\u016fhledn\u00fd ochrann\u00fd kryt STAX CPC-1 pom\u00e1h\u00e1 udr\u017eet vzhled va\u0161ich sluch\u00e1tek stejn\u00fd jako v den, kdy jste si je koupili! Tento \u010dir\u00fd ochrann\u00fd kryt na sluch\u00e1tka pou\u017eijte se stojanem STAX HPS-2 Natural Wood Stand (nebo s jak\u00fdmkoli jin\u00fdm stojanem na sluch\u00e1tka), abyste ochr\u00e1nili sv\u00e1 sluch\u00e1tka p\u0159ed prachem a jin\u00fdmi ne\u010distotami, kdy\u017e je nepou\u017e\u00edv\u00e1te.<\/p>\n<h4><\/h4>\n<h4><\/h4>\n<\/div><\/section>\n","protected":false},"excerpt":{"rendered":"<h4>Prachov\u00fd kryt\u00a0ke sluch\u00e1tk\u016fm STAX<\/h4>\n","protected":false},"featured_media":41107,"comment_status":"closed","ping_status":"closed","template":"","meta":[],"pwb-brand":[330],"product_brand":[],"product_cat":[221,275],"product_tag":[276,131,277],"class_list":{"0":"post-38217","1":"product","2":"type-product","3":"status-publish","4":"has-post-thumbnail","6":"pwb-brand-stax","7":"product_cat-prislusenstvi","8":"product_cat-stax","9":"product_tag-elektrostaticka-sluchatka","10":"product_tag-prislusenstvi","11":"product_tag-stax","12":"product_shipping_class-z-1-kg","14":"first","15":"outofstock","16":"taxable","17":"shipping-taxable","18":"purchasable","19":"product-type-simple"},"aioseo_notices":[],"jetpack_sharing_enabled":true,"brands":[{"id":330,"name":"STAX","slug":"stax"}],"_links":{"self":[{"href":"https:\/\/www.altei.cz\/hifi\/wp-json\/wp\/v2\/product\/38217","targetHints":{"allow":["GET"]}}],"collection":[{"href":"https:\/\/www.altei.cz\/hifi\/wp-json\/wp\/v2\/product"}],"about":[{"href":"https:\/\/www.altei.cz\/hifi\/wp-json\/wp\/v2\/types\/product"}],"replies":[{"embeddable":true,"href":"https:\/\/www.altei.cz\/hifi\/wp-json\/wp\/v2\/comments?post=38217"}],"wp:featuredmedia":[{"embeddable":true,"href":"https:\/\/www.altei.cz\/hifi\/wp-json\/wp\/v2\/media\/41107"}],"wp:attachment":[{"href":"https:\/\/www.altei.cz\/hifi\/wp-json\/wp\/v2\/media?parent=38217"}],"wp:term":[{"taxonomy":"pwb-brand","embeddable":true,"href":"https:\/\/www.altei.cz\/hifi\/wp-json\/wp\/v2\/pwb-brand?post=38217"},{"taxonomy":"product_brand","embeddable":true,"href":"https:\/\/www.altei.cz\/hifi\/wp-json\/wp\/v2\/product_brand?post=38217"},{"taxonomy":"product_cat","embeddable":true,"href":"https:\/\/www.altei.cz\/hifi\/wp-json\/wp\/v2\/product_cat?post=38217"},{"taxonomy":"product_tag","embeddable":true,"href":"https:\/\/www.altei.cz\/hifi\/wp-json\/wp\/v2\/product_tag?post=38217"}],"curies":[{"name":"wp","href":"https:\/\/api.w.org\/{rel}","templated":true}]}}