{"id":38263,"date":"2022-02-22T18:02:38","date_gmt":"2022-02-22T17:02:38","guid":{"rendered":"https:\/\/www.altei.cz\/hifi\/?post_type=product&#038;p=38263"},"modified":"2024-10-30T16:46:29","modified_gmt":"2024-10-30T15:46:29","slug":"stax-sr-009s","status":"publish","type":"product","link":"https:\/\/www.altei.cz\/hifi\/produkt\/stax-sr-009s\/","title":{"rendered":"STAX SR-009S"},"content":{"rendered":"<p>Referen\u010dn\u00ed model otev\u0159en\u00fdch elektrostatick\u00fdch sluch\u00e1tek STAX, ur\u010den\u00fd pro nejn\u00e1ro\u010dn\u011bj\u0161\u00ed audiofily, vy\u017eaduj\u00edc\u00ed nekompromisn\u00ed kvalitu zvukov\u00e9 reprodukce v cel\u00e9m frekven\u010dn\u00edm p\u00e1smu. D\u00edky nov\u00e9 generaci zten\u010den\u00fdch elektrostatick\u00fdch membr\u00e1n s fixn\u00ed elektrodou (MLER2) a zlacen\u00fdm povrchem, kter\u00fd svou vysokou spec. hmotnost\u00ed eliminuje ne\u017e\u00e1douc\u00ed vibrace, p\u0159in\u00e1\u0161\u00ed sluch\u00e1tka neb\u00fdvale vyrovnanou reprodukci i v oblasti nejhlub\u0161\u00edch kmito\u010dt\u016f. Celokovov\u00e9 sluch\u00e1tkov\u00e9 ko\u0161e prakticky vylu\u010duj\u00ed ne\u017e\u00e1douc\u00ed rezonance. Sluch\u00e1tka jsou ur\u010dena pro spojen\u00ed s libovoln\u00fdm stoln\u00edm nap\u00e1jec\u00edm zesilova\u010dem STAX. Barva st\u0159\u00edbrn\u00e1.<\/p>\n<p><strong>UNBOXING<\/strong><\/p>\n<div class='avia-iframe-wrap'><iframe loading=\"lazy\" title=\"Unboxing: New! STAX SR 009S Electrostatic Headphones\" width=\"1500\" height=\"844\" src=\"https:\/\/www.youtube.com\/embed\/egU9WzGhYDw?list=PLWJ7CS6aXhT49G_vJt9zNwueFPPNmUM3E\" frameborder=\"0\" allow=\"accelerometer; autoplay; clipboard-write; encrypted-media; gyroscope; picture-in-picture; web-share\" referrerpolicy=\"strict-origin-when-cross-origin\" allowfullscreen><\/iframe><\/div>\n","protected":false},"excerpt":{"rendered":"<h4>Referen\u010dn\u00ed model otev\u0159en\u00fdch sluch\u00e1tek STAX pro n\u00e1ro\u010dn\u00e9<\/h4>\n","protected":false},"featured_media":38286,"comment_status":"closed","ping_status":"closed","template":"","meta":[],"pwb-brand":[330],"product_brand":[],"product_cat":[117,275],"product_tag":[276,108,119,277],"class_list":{"0":"post-38263","1":"product","2":"type-product","3":"status-publish","4":"has-post-thumbnail","6":"pwb-brand-stax","7":"product_cat-sluchatka","8":"product_cat-stax","9":"product_tag-elektrostaticka-sluchatka","10":"product_tag-referencni","11":"product_tag-sluchatka","12":"product_tag-stax","14":"first","15":"onbackorder","16":"taxable","17":"shipping-taxable","18":"purchasable","19":"product-type-simple"},"aioseo_notices":[],"jetpack_sharing_enabled":true,"brands":[{"id":330,"name":"STAX","slug":"stax"}],"_links":{"self":[{"href":"https:\/\/www.altei.cz\/hifi\/wp-json\/wp\/v2\/product\/38263","targetHints":{"allow":["GET"]}}],"collection":[{"href":"https:\/\/www.altei.cz\/hifi\/wp-json\/wp\/v2\/product"}],"about":[{"href":"https:\/\/www.altei.cz\/hifi\/wp-json\/wp\/v2\/types\/product"}],"replies":[{"embeddable":true,"href":"https:\/\/www.altei.cz\/hifi\/wp-json\/wp\/v2\/comments?post=38263"}],"wp:featuredmedia":[{"embeddable":true,"href":"https:\/\/www.altei.cz\/hifi\/wp-json\/wp\/v2\/media\/38286"}],"wp:attachment":[{"href":"https:\/\/www.altei.cz\/hifi\/wp-json\/wp\/v2\/media?parent=38263"}],"wp:term":[{"taxonomy":"pwb-brand","embeddable":true,"href":"https:\/\/www.altei.cz\/hifi\/wp-json\/wp\/v2\/pwb-brand?post=38263"},{"taxonomy":"product_brand","embeddable":true,"href":"https:\/\/www.altei.cz\/hifi\/wp-json\/wp\/v2\/product_brand?post=38263"},{"taxonomy":"product_cat","embeddable":true,"href":"https:\/\/www.altei.cz\/hifi\/wp-json\/wp\/v2\/product_cat?post=38263"},{"taxonomy":"product_tag","embeddable":true,"href":"https:\/\/www.altei.cz\/hifi\/wp-json\/wp\/v2\/product_tag?post=38263"}],"curies":[{"name":"wp","href":"https:\/\/api.w.org\/{rel}","templated":true}]}}