{"id":38265,"date":"2022-02-22T18:02:38","date_gmt":"2022-02-22T17:02:38","guid":{"rendered":"https:\/\/www.altei.cz\/hifi\/?post_type=product&#038;p=38265"},"modified":"2025-06-03T14:03:17","modified_gmt":"2025-06-03T12:03:17","slug":"stax-ces-a1","status":"publish","type":"product","link":"https:\/\/www.altei.cz\/hifi\/produkt\/stax-ces-a1\/","title":{"rendered":"STAX CES-A1"},"content":{"rendered":"<p>CES-A1 je sada t\u011bsnic\u00edho krytu a n\u00e1u\u0161n\u00edku speci\u00e1ln\u011b vyroben\u00e1 pro sluch\u00e1tka do u\u0161\u00ed Stax SR-003MK2 a SRS-002. Sada byla vyvinuta s c\u00edlem zajistit ut\u011bsn\u011bn\u00ed pro minimalizaci \u00faniku zvuku a zlep\u0161it komfort no\u0161en\u00ed p\u0159i dlouhodob\u00e9m pou\u017e\u00edv\u00e1n\u00ed.<\/p>\n<ul>\n<li>Sada obsahuje dva t\u011bsnic\u00ed kryty (CC-A1) a dva n\u00e1u\u0161n\u00edky (ET-A1)<\/li>\n<li>Vhodn\u00e9 pro SR-001 MK2, SR-002, SR-003, SR-003 MK2<\/li>\n<\/ul>\n<h4><\/h4>\n","protected":false},"excerpt":{"rendered":"<h4>Modifika\u010dn\u00ed sada k in-ear STAX sluch\u00e1tk\u016fm<\/h4>\n","protected":false},"featured_media":38295,"comment_status":"closed","ping_status":"closed","template":"","meta":[],"pwb-brand":[330],"product_brand":[],"product_cat":[221,275],"product_tag":[276,131,277],"class_list":{"0":"post-38265","1":"product","2":"type-product","3":"status-publish","4":"has-post-thumbnail","6":"pwb-brand-stax","7":"product_cat-prislusenstvi","8":"product_cat-stax","9":"product_tag-elektrostaticka-sluchatka","10":"product_tag-prislusenstvi","11":"product_tag-stax","12":"product_shipping_class-dpd-1-kg","14":"first","15":"instock","16":"taxable","17":"shipping-taxable","18":"purchasable","19":"product-type-simple"},"aioseo_notices":[],"jetpack_sharing_enabled":true,"brands":[{"id":330,"name":"STAX","slug":"stax"}],"_links":{"self":[{"href":"https:\/\/www.altei.cz\/hifi\/wp-json\/wp\/v2\/product\/38265","targetHints":{"allow":["GET"]}}],"collection":[{"href":"https:\/\/www.altei.cz\/hifi\/wp-json\/wp\/v2\/product"}],"about":[{"href":"https:\/\/www.altei.cz\/hifi\/wp-json\/wp\/v2\/types\/product"}],"replies":[{"embeddable":true,"href":"https:\/\/www.altei.cz\/hifi\/wp-json\/wp\/v2\/comments?post=38265"}],"wp:featuredmedia":[{"embeddable":true,"href":"https:\/\/www.altei.cz\/hifi\/wp-json\/wp\/v2\/media\/38295"}],"wp:attachment":[{"href":"https:\/\/www.altei.cz\/hifi\/wp-json\/wp\/v2\/media?parent=38265"}],"wp:term":[{"taxonomy":"pwb-brand","embeddable":true,"href":"https:\/\/www.altei.cz\/hifi\/wp-json\/wp\/v2\/pwb-brand?post=38265"},{"taxonomy":"product_brand","embeddable":true,"href":"https:\/\/www.altei.cz\/hifi\/wp-json\/wp\/v2\/product_brand?post=38265"},{"taxonomy":"product_cat","embeddable":true,"href":"https:\/\/www.altei.cz\/hifi\/wp-json\/wp\/v2\/product_cat?post=38265"},{"taxonomy":"product_tag","embeddable":true,"href":"https:\/\/www.altei.cz\/hifi\/wp-json\/wp\/v2\/product_tag?post=38265"}],"curies":[{"name":"wp","href":"https:\/\/api.w.org\/{rel}","templated":true}]}}