{"id":38266,"date":"2022-02-22T18:02:38","date_gmt":"2022-02-22T17:02:38","guid":{"rendered":"https:\/\/www.altei.cz\/hifi\/?post_type=product&#038;p=38266"},"modified":"2025-06-03T14:03:08","modified_gmt":"2025-06-03T12:03:08","slug":"stax-srm-700t","status":"publish","type":"product","link":"https:\/\/www.altei.cz\/hifi\/produkt\/stax-srm-700t\/","title":{"rendered":"STAX SRM-700T"},"content":{"rendered":"<p>\u0160pi\u010dkov\u00fd hybridn\u00ed nap\u00e1jec\u00ed zesilova\u010d, kter\u00fd v sob\u011b kloub\u00ed to nejlep\u0161\u00ed z elektronkov\u00fdch (6SN7 GT) a tranzistorov\u00fdch FET obvod\u016f, aby ve spojen\u00ed s elektrostatick\u00fdmi sluch\u00e1tky umo\u017enil nekompromisn\u00ed z\u00e1\u017eitek ve sv\u011bt\u011b sluch\u00e1tkov\u00e9ho poslechu. Zesilova\u010d je mo\u017en\u00e9 pou\u017e\u00edt s libovoln\u00fdmi elektrostatick\u00fdmi sluch\u00e1tky STAX krom\u011b mobiln\u00edch SR-002. Barva st\u0159\u00edbrn\u00e1.<\/p>\n<p><img loading=\"lazy\" decoding=\"async\" class=\"alignnone size-full wp-image-36352\" src=\"https:\/\/www.altei.cz\/wp-content\/uploads\/2020\/02\/SRM-500T_parts-1.jpg\" alt=\"\" width=\"400\" height=\"300\" \/><\/p>\n","protected":false},"excerpt":{"rendered":"<h4>\u0160pi\u010dkov\u00fd hybridn\u00ed\u00a0nap\u00e1jec\u00ed\u00a0zesilova\u010d pro sluch\u00e1tka\u00a0STAX<\/h4>\n","protected":false},"featured_media":38300,"comment_status":"closed","ping_status":"closed","template":"","meta":[],"pwb-brand":[330],"product_brand":[],"product_cat":[121,275,133],"product_tag":[345,123,277],"class_list":{"0":"post-38266","1":"product","2":"type-product","3":"status-publish","4":"has-post-thumbnail","6":"pwb-brand-stax","7":"product_cat-sluchatkove-zesilovace","8":"product_cat-stax","9":"product_cat-zesilovace-high-end-audio","10":"product_tag-hybridni","11":"product_tag-sluchatkovy-zesilovac","12":"product_tag-stax","14":"first","15":"instock","16":"taxable","17":"shipping-taxable","18":"purchasable","19":"product-type-simple"},"aioseo_notices":[],"jetpack_sharing_enabled":true,"brands":[{"id":330,"name":"STAX","slug":"stax"}],"_links":{"self":[{"href":"https:\/\/www.altei.cz\/hifi\/wp-json\/wp\/v2\/product\/38266","targetHints":{"allow":["GET"]}}],"collection":[{"href":"https:\/\/www.altei.cz\/hifi\/wp-json\/wp\/v2\/product"}],"about":[{"href":"https:\/\/www.altei.cz\/hifi\/wp-json\/wp\/v2\/types\/product"}],"replies":[{"embeddable":true,"href":"https:\/\/www.altei.cz\/hifi\/wp-json\/wp\/v2\/comments?post=38266"}],"wp:featuredmedia":[{"embeddable":true,"href":"https:\/\/www.altei.cz\/hifi\/wp-json\/wp\/v2\/media\/38300"}],"wp:attachment":[{"href":"https:\/\/www.altei.cz\/hifi\/wp-json\/wp\/v2\/media?parent=38266"}],"wp:term":[{"taxonomy":"pwb-brand","embeddable":true,"href":"https:\/\/www.altei.cz\/hifi\/wp-json\/wp\/v2\/pwb-brand?post=38266"},{"taxonomy":"product_brand","embeddable":true,"href":"https:\/\/www.altei.cz\/hifi\/wp-json\/wp\/v2\/product_brand?post=38266"},{"taxonomy":"product_cat","embeddable":true,"href":"https:\/\/www.altei.cz\/hifi\/wp-json\/wp\/v2\/product_cat?post=38266"},{"taxonomy":"product_tag","embeddable":true,"href":"https:\/\/www.altei.cz\/hifi\/wp-json\/wp\/v2\/product_tag?post=38266"}],"curies":[{"name":"wp","href":"https:\/\/api.w.org\/{rel}","templated":true}]}}