{"id":38267,"date":"2022-02-22T18:02:38","date_gmt":"2022-02-22T17:02:38","guid":{"rendered":"https:\/\/www.altei.cz\/hifi\/?post_type=product&#038;p=38267"},"modified":"2025-06-03T14:03:01","modified_gmt":"2025-06-03T12:03:01","slug":"stax-srm-700s","status":"publish","type":"product","link":"https:\/\/www.altei.cz\/hifi\/produkt\/stax-srm-700s\/","title":{"rendered":"STAX SRM-700S"},"content":{"rendered":"<div>\n<p><img loading=\"lazy\" decoding=\"async\" class=\"alignnone size-full wp-image-31287\" src=\"https:\/\/www.altei.cz\/wp-content\/uploads\/2019\/06\/stax-logo-slider.png\" alt=\"\" width=\"164\" height=\"50\" \/><\/p>\n<p>\u0160pi\u010dkov\u00fd japonsk\u00fd stoln\u00ed tranzistorov\u00fd nap\u00e1jec\u00ed zesilova\u010d osazen\u00fd v\u00fdhradn\u011b tranzistory FET. D\u00edky vysok\u00e9mu rozkmitu v\u00fdstupn\u00edho nap\u011bt\u00ed, obvodov\u00e9 linearizaci a ni\u017e\u0161\u00edmu vnit\u0159n\u00edmu odporu poskytuje transparentn\u011b \u010dist\u00fd poslech prost\u00fd sebemen\u0161\u00edch zkreslen\u00ed i p\u0159i vysok\u00fdch hlasitostech.<\/p>\n<\/div>\n<div>Zesilova\u010d je vybaven dv\u011bma p\u00e1ry vstup\u016f (XLR a RCA &#8211; p\u0159ep\u00ednateln\u00e9). Zesilova\u010d je d\u00e1le vybaven funkc\u00ed External Bypass, kter\u00e1 obch\u00e1z\u00ed vestav\u011bn\u00e9 ovl\u00e1d\u00e1n\u00ed hlasitosti a umo\u017en\u00ed tak p\u0159ipojen\u00ed ke zdroj\u016fm sign\u00e1lu s vlastn\u00ed regulac\u00ed hlasitosti nebo p\u0159ipojit extern\u00ed ovlada\u010d. P\u0159\u00edstroj tedy m\u016f\u017ee b\u00fdt vyu\u017eit jako koncov\u00fd stupe\u0148 pro elektrostatick\u00e1 sluch\u00e1tka. Vstup (RCA) je nav\u00edc vybaven Parallel Out v\u00fdstupem pro dal\u0161\u00ed vyu\u017eit\u00ed vstupn\u00edho sign\u00e1lu.<\/div>\n<div>Zesilova\u010d je mo\u017en\u00e9 pou\u017e\u00edt s libovoln\u00fdmi elektrostatick\u00fdmi sluch\u00e1tky STAX krom\u011b mobiln\u00edch SR-002. Barva st\u0159\u00edbrn\u00e1.<\/div>\n<div><img loading=\"lazy\" decoding=\"async\" class=\"alignnone wp-image-36354\" src=\"https:\/\/www.altei.cz\/wp-content\/uploads\/2020\/02\/98HE2e5-845x684.jpg\" alt=\"\" width=\"410\" height=\"464\" \/><\/div>\n<p>&nbsp;<\/p>\n","protected":false},"excerpt":{"rendered":"<h4>\u0160pi\u010dkov\u00fd FET nap\u00e1jec\u00ed\u00a0zesilova\u010d pro sluch\u00e1tka\u00a0STAX<\/h4>\n","protected":false},"featured_media":38304,"comment_status":"closed","ping_status":"closed","template":"","meta":[],"pwb-brand":[330],"product_brand":[],"product_cat":[121,275,133],"product_tag":[347,123,277],"class_list":{"0":"post-38267","1":"product","2":"type-product","3":"status-publish","4":"has-post-thumbnail","6":"pwb-brand-stax","7":"product_cat-sluchatkove-zesilovace","8":"product_cat-stax","9":"product_cat-zesilovace-high-end-audio","10":"product_tag-fet","11":"product_tag-sluchatkovy-zesilovac","12":"product_tag-stax","14":"first","15":"instock","16":"taxable","17":"shipping-taxable","18":"purchasable","19":"product-type-simple"},"aioseo_notices":[],"jetpack_sharing_enabled":true,"brands":[{"id":330,"name":"STAX","slug":"stax"}],"_links":{"self":[{"href":"https:\/\/www.altei.cz\/hifi\/wp-json\/wp\/v2\/product\/38267","targetHints":{"allow":["GET"]}}],"collection":[{"href":"https:\/\/www.altei.cz\/hifi\/wp-json\/wp\/v2\/product"}],"about":[{"href":"https:\/\/www.altei.cz\/hifi\/wp-json\/wp\/v2\/types\/product"}],"replies":[{"embeddable":true,"href":"https:\/\/www.altei.cz\/hifi\/wp-json\/wp\/v2\/comments?post=38267"}],"wp:featuredmedia":[{"embeddable":true,"href":"https:\/\/www.altei.cz\/hifi\/wp-json\/wp\/v2\/media\/38304"}],"wp:attachment":[{"href":"https:\/\/www.altei.cz\/hifi\/wp-json\/wp\/v2\/media?parent=38267"}],"wp:term":[{"taxonomy":"pwb-brand","embeddable":true,"href":"https:\/\/www.altei.cz\/hifi\/wp-json\/wp\/v2\/pwb-brand?post=38267"},{"taxonomy":"product_brand","embeddable":true,"href":"https:\/\/www.altei.cz\/hifi\/wp-json\/wp\/v2\/product_brand?post=38267"},{"taxonomy":"product_cat","embeddable":true,"href":"https:\/\/www.altei.cz\/hifi\/wp-json\/wp\/v2\/product_cat?post=38267"},{"taxonomy":"product_tag","embeddable":true,"href":"https:\/\/www.altei.cz\/hifi\/wp-json\/wp\/v2\/product_tag?post=38267"}],"curies":[{"name":"wp","href":"https:\/\/api.w.org\/{rel}","templated":true}]}}