{"id":38268,"date":"2022-02-22T18:02:38","date_gmt":"2022-02-22T17:02:38","guid":{"rendered":"https:\/\/www.altei.cz\/hifi\/?post_type=product&#038;p=38268"},"modified":"2025-06-03T14:02:52","modified_gmt":"2025-06-03T12:02:52","slug":"stax-sr-l500-mk-ii","status":"publish","type":"product","link":"https:\/\/www.altei.cz\/hifi\/produkt\/stax-sr-l500-mk-ii\/","title":{"rendered":"STAX SR-L500 MK II"},"content":{"rendered":"<p>Vy\u0161\u0161\u00ed model otev\u0159en\u00fdch elektrostatick\u00fdch sluch\u00e1tek nov\u00e9 \u0159ady Lambda pro n\u00e1ro\u010dn\u011bj\u0161\u00ed audiofily, kter\u00fdm toto \u0159e\u0161en\u00ed p\u0159in\u00e1\u0161\u00ed nev\u0161edn\u00ed z\u00e1\u017eitky p\u0159i sluch\u00e1tkov\u00e9m poslechu. Sluch\u00e1tka jsou ur\u010dena pro spojen\u00ed s libovoln\u00fdm stoln\u00edm nap\u00e1jec\u00edm zesilova\u010dem STAX.<\/p>\n","protected":false},"excerpt":{"rendered":"<h4>Vy\u0161\u0161\u00ed model\u00a0otev\u0159en\u00fdch sluch\u00e1tek STAX<\/h4>\n","protected":false},"featured_media":38233,"comment_status":"closed","ping_status":"closed","template":"","meta":[],"pwb-brand":[330],"product_brand":[],"product_cat":[117,275],"product_tag":[276,119,277],"class_list":{"0":"post-38268","1":"product","2":"type-product","3":"status-publish","4":"has-post-thumbnail","6":"pwb-brand-stax","7":"product_cat-sluchatka","8":"product_cat-stax","9":"product_tag-elektrostaticka-sluchatka","10":"product_tag-sluchatka","11":"product_tag-stax","13":"first","14":"instock","15":"taxable","16":"shipping-taxable","17":"purchasable","18":"product-type-simple"},"aioseo_notices":[],"jetpack_sharing_enabled":true,"brands":[{"id":330,"name":"STAX","slug":"stax"}],"_links":{"self":[{"href":"https:\/\/www.altei.cz\/hifi\/wp-json\/wp\/v2\/product\/38268","targetHints":{"allow":["GET"]}}],"collection":[{"href":"https:\/\/www.altei.cz\/hifi\/wp-json\/wp\/v2\/product"}],"about":[{"href":"https:\/\/www.altei.cz\/hifi\/wp-json\/wp\/v2\/types\/product"}],"replies":[{"embeddable":true,"href":"https:\/\/www.altei.cz\/hifi\/wp-json\/wp\/v2\/comments?post=38268"}],"wp:featuredmedia":[{"embeddable":true,"href":"https:\/\/www.altei.cz\/hifi\/wp-json\/wp\/v2\/media\/38233"}],"wp:attachment":[{"href":"https:\/\/www.altei.cz\/hifi\/wp-json\/wp\/v2\/media?parent=38268"}],"wp:term":[{"taxonomy":"pwb-brand","embeddable":true,"href":"https:\/\/www.altei.cz\/hifi\/wp-json\/wp\/v2\/pwb-brand?post=38268"},{"taxonomy":"product_brand","embeddable":true,"href":"https:\/\/www.altei.cz\/hifi\/wp-json\/wp\/v2\/product_brand?post=38268"},{"taxonomy":"product_cat","embeddable":true,"href":"https:\/\/www.altei.cz\/hifi\/wp-json\/wp\/v2\/product_cat?post=38268"},{"taxonomy":"product_tag","embeddable":true,"href":"https:\/\/www.altei.cz\/hifi\/wp-json\/wp\/v2\/product_tag?post=38268"}],"curies":[{"name":"wp","href":"https:\/\/api.w.org\/{rel}","templated":true}]}}