{"id":38269,"date":"2022-02-22T18:02:38","date_gmt":"2022-02-22T17:02:38","guid":{"rendered":"https:\/\/www.altei.cz\/hifi\/?post_type=product&#038;p=38269"},"modified":"2025-06-03T14:02:44","modified_gmt":"2025-06-03T12:02:44","slug":"stax-sr-l700-mkii","status":"publish","type":"product","link":"https:\/\/www.altei.cz\/hifi\/produkt\/stax-sr-l700-mkii\/","title":{"rendered":"STAX SR-L700 MKII"},"content":{"rendered":"<p>STAX SR-L700 MKII je nejvy\u0161\u0161\u00ed model otev\u0159en\u00fdch elektrostatick\u00fdch sluch\u00e1tek nov\u00e9 \u0159ady Lambda pro n\u00e1ro\u010dn\u00e9 audiofily. D\u00edky nov\u00e9 generaci zten\u010den\u00fdch elektrostatick\u00fdch membr\u00e1n s fixn\u00ed elektrodou MLER p\u0159in\u00e1\u0161\u00ed sluch\u00e1tka neb\u00fdvale vyrovnanou frekven\u010dn\u00ed charakteristiku v oblasti nejhlub\u0161\u00edch kmito\u010dt\u016f. Sluch\u00e1tka jsou ur\u010dena pro spojen\u00ed s libovoln\u00fdm stoln\u00edm nap\u00e1jec\u00edm zesilova\u010dem STAX.<\/p>\n","protected":false},"excerpt":{"rendered":"<h4>Nejvy\u0161\u0161\u00ed model\u00a0otev\u0159en\u00fdch sluch\u00e1tek STAX<\/h4>\n","protected":false},"featured_media":38234,"comment_status":"closed","ping_status":"closed","template":"","meta":[],"pwb-brand":[330],"product_brand":[],"product_cat":[117,275],"product_tag":[276,119,277],"class_list":{"0":"post-38269","1":"product","2":"type-product","3":"status-publish","4":"has-post-thumbnail","6":"pwb-brand-stax","7":"product_cat-sluchatka","8":"product_cat-stax","9":"product_tag-elektrostaticka-sluchatka","10":"product_tag-sluchatka","11":"product_tag-stax","12":"product_shipping_class-z-5-kg","14":"first","15":"instock","16":"taxable","17":"shipping-taxable","18":"purchasable","19":"product-type-simple"},"aioseo_notices":[],"jetpack_sharing_enabled":true,"brands":[{"id":330,"name":"STAX","slug":"stax"}],"_links":{"self":[{"href":"https:\/\/www.altei.cz\/hifi\/wp-json\/wp\/v2\/product\/38269","targetHints":{"allow":["GET"]}}],"collection":[{"href":"https:\/\/www.altei.cz\/hifi\/wp-json\/wp\/v2\/product"}],"about":[{"href":"https:\/\/www.altei.cz\/hifi\/wp-json\/wp\/v2\/types\/product"}],"replies":[{"embeddable":true,"href":"https:\/\/www.altei.cz\/hifi\/wp-json\/wp\/v2\/comments?post=38269"}],"wp:featuredmedia":[{"embeddable":true,"href":"https:\/\/www.altei.cz\/hifi\/wp-json\/wp\/v2\/media\/38234"}],"wp:attachment":[{"href":"https:\/\/www.altei.cz\/hifi\/wp-json\/wp\/v2\/media?parent=38269"}],"wp:term":[{"taxonomy":"pwb-brand","embeddable":true,"href":"https:\/\/www.altei.cz\/hifi\/wp-json\/wp\/v2\/pwb-brand?post=38269"},{"taxonomy":"product_brand","embeddable":true,"href":"https:\/\/www.altei.cz\/hifi\/wp-json\/wp\/v2\/product_brand?post=38269"},{"taxonomy":"product_cat","embeddable":true,"href":"https:\/\/www.altei.cz\/hifi\/wp-json\/wp\/v2\/product_cat?post=38269"},{"taxonomy":"product_tag","embeddable":true,"href":"https:\/\/www.altei.cz\/hifi\/wp-json\/wp\/v2\/product_tag?post=38269"}],"curies":[{"name":"wp","href":"https:\/\/api.w.org\/{rel}","templated":true}]}}