{"id":38272,"date":"2022-02-22T18:02:39","date_gmt":"2022-02-22T17:02:39","guid":{"rendered":"https:\/\/www.altei.cz\/hifi\/?post_type=product&#038;p=38272"},"modified":"2025-07-18T16:40:58","modified_gmt":"2025-07-18T14:40:58","slug":"stax-sr-x9000","status":"publish","type":"product","link":"https:\/\/www.altei.cz\/hifi\/produkt\/stax-sr-x9000\/","title":{"rendered":"STAX SR-X9000"},"content":{"rendered":"<p>STAX SR-X9000 je nejvy\u0161\u0161\u00ed model otev\u0159en\u00fdch elektrostatick\u00fdch sluch\u00e1tek japonsk\u00e9ho v\u00fdrobce <a href=\"https:\/\/staxheadphones.com\/collections\/earspeakers\/products\/sr-x9000\" target=\"_blank\" rel=\"noopener\">STAX<\/a>, ur\u010den\u00fd pro nejn\u00e1ro\u010dn\u011bj\u0161\u00ed audiofily, vy\u017eaduj\u00edc\u00ed nekompromisn\u00ed kvalitu zvukov\u00e9 reprodukce v cel\u00e9m frekven\u010dn\u00edm p\u00e1smu. D\u00edky zcela nov\u00e9 generaci elektrostatick\u00fdch membr\u00e1n s fixn\u00ed elektrodou (MLER3) a zlacen\u00fdm povrchem, kter\u00fd svou vysokou spec. hmotnost\u00ed eliminuje ne\u017e\u00e1douc\u00ed vibrace p\u0159in\u00e1\u0161\u00ed sluch\u00e1tka neb\u00fdvale vyrovnanou reprodukci i v oblasti nejhlub\u0161\u00edch kmito\u010dt\u016f. Celokovov\u00e9 sluch\u00e1tkov\u00e9 ko\u0161e prakticky vylu\u010duj\u00ed ne\u017e\u00e1douc\u00ed rezonance. Sluch\u00e1tka jsou ur\u010den\u00e1 pro spojen\u00ed s libovoln\u00fdm stoln\u00edm nap\u00e1jec\u00edm zesilova\u010dem STAX.\u00a0 Barva st\u0159\u00edbrn\u00e1.<\/p>\n<p>&nbsp;<\/p>\n<p><strong>X Faktor p\u0159ich\u00e1z\u00ed: Nov\u00e1 vlajkov\u00e1 lo\u010f spole\u010dnosti STAX<\/strong><\/p>\n<p>STAX SR-X9000 je nov\u00fd top model od STAX. Byl zcela p\u0159epracov\u00e1n a p\u0159in\u00e1\u0161\u00ed vzru\u0161uj\u00edc\u00ed zvukov\u00fd z\u00e1\u017eitek, kter\u00fd poslucha\u010de vt\u00e1hne p\u0159\u00edmo do hudebn\u00edho d\u011bn\u00ed. STAX SR-X9000 nab\u00edz\u00ed v\u00fdjime\u010dn\u00fd hudebn\u00ed z\u00e1\u017eitek. Ohrom\u00ed \u017eiv\u00fdm zvukov\u00fdm obrazem, kter\u00fd kombinuje precizn\u00ed reprodukci bas\u016f s vynikaj\u00edc\u00ed transparentnost\u00ed a dynamikou. Ne nadarmo japonsk\u00fd v\u00fdrobce ozna\u010duje sv\u00e9 modely jako u\u0161n\u00ed reproduktory &#8211; earspeakers&#8230;<\/p>\n<p>Pro model SR-X9000 vyvinula spole\u010dnost STAX novou elektrodu MLER3 s pevn\u011bj\u0161\u00ed strukturou m\u0159\u00ed\u017eky. Ve srovn\u00e1n\u00ed s dal\u0161\u00edm \u0161pi\u010dkov\u00fdm modelem <a title=\"STAX SR-009S\" href=\"https:\/\/www.altei.cz\/hifi\/produkt\/stax-sr-009s\/\">STAX SR-009S<\/a> zv\u011bt\u0161il STAX plochu f\u00f3lie o 20 %. D\u00edky sou\u010dasn\u00e9 \u00faspo\u0159e hmotnosti dosahuj\u00ed SR-X9000 vynikaj\u00edc\u00edch p\u0159echodov\u00fdch charakteristik a realizuj\u00ed extr\u00e9mn\u011b \u0161irokop\u00e1smov\u00e9 zvukov\u00e9 pole.<\/p>\n<p><strong>Pouzdro z pevn\u00e9ho hlin\u00edku odoln\u00e9 proti vibrac\u00edm<\/strong><\/p>\n<p>Kryty m\u011bni\u010d\u016f neboli mu\u0161le sluch\u00e1tek\u00a0 jsou d\u016fmysln\u011b vyrobeny z robustn\u00edho hlin\u00edku. Tato nov\u00e1 konstrukce pevn\u011b fixuje zvukovou jednotku na m\u00edst\u011b a zcela eliminuje zbyte\u010dn\u00e9 vibrace.<\/p>\n<p><strong>Proveden\u00ed m\u0159\u00ed\u017eky s ochranou proti odraz\u016fm<\/strong><\/p>\n<p>Spole\u010dnost STAX rovn\u011b\u017e nov\u011b vyvinula ochrannou m\u0159\u00ed\u017eku modelu SR-X9000. Na rozd\u00edl od klasick\u00e9 verze, kter\u00e1 je instalov\u00e1na rovnob\u011b\u017en\u011b se zvukovou jednotkou, m\u00e1 nov\u00e1 ochrann\u00e1 m\u0159\u00ed\u017eka vp\u0159edu a vzadu sloupky r\u016fzn\u00e9 v\u00fd\u0161ky. To znamen\u00e1, \u017ee mezera mezi m\u011bni\u010dem a ochrannou m\u0159\u00ed\u017ekou m\u00e1 r\u016fznou v\u00fd\u0161ku, co\u017e eliminuje p\u0159\u00edpadn\u00e9 odrazy. V\u00fdsledkem je zcela \u010dist\u00fd a pr\u016fzra\u010dn\u00fd zvukov\u00fd obraz.<\/p>\n<p><strong>Sestava hlavov\u00e9ho mostu z nerezov\u00e9 oceli s 9stup\u0148ov\u00fdm syst\u00e9mem nastaven\u00ed<br \/>\n<\/strong><\/p>\n<p>Sluch\u00e1tka STAX SR-X9000 se hladce p\u0159izp\u016fsob\u00ed u\u0161\u00edm u\u017eivatele d\u00edky nov\u00e9 sestav\u011b hlavov\u00e9ho mostu, kter\u00e1 je mnohem tolerantn\u011bj\u0161\u00ed v\u016f\u010di zkrutu. Stabiliz\u00e1tor ve tvaru p\u00edsmene I v horn\u00ed \u010d\u00e1sti sestavy hlavov\u00e9ho mostu t\u00e9m\u011b\u0159 zcela eliminuje vibrace.<\/p>\n<p><strong>Pohodln\u00e9 n\u00e1u\u0161n\u00edky pro dlouhotrvaj\u00edc\u00ed pot\u011b\u0161en\u00ed z poslechu<\/strong><\/p>\n<p>Na pohodln\u00e9 a p\u0159esn\u011b padnouc\u00ed u\u0161n\u00ed pol\u0161t\u00e1\u0159ky pou\u017e\u00edv\u00e1 STAX vysoce kvalitn\u00ed, obzvl\u00e1\u0161t\u011b m\u011bkkou jehn\u011b\u010d\u00ed k\u016f\u017ei. Ta m\u00e1 vynikaj\u00edc\u00ed prody\u0161nost a zaji\u0161\u0165uje, \u017ee sluch\u00e1tka SR-X9000 dlouho t\u011bsn\u011b, ale pohodln\u011b sed\u00ed na u\u0161\u00edch. T\u00edm se eliminuje \u00fanava a p\u0159ich\u00e1z\u00ed neru\u0161en\u00fd po\u017eitek z hudby.<\/p>\n<p><strong>Expect the Unexpected<\/strong><\/p>\n<div class='avia-iframe-wrap'><iframe loading=\"lazy\" title=\"STAX SR-X9000. Expect the Unexpected.\" width=\"1500\" height=\"844\" src=\"https:\/\/www.youtube.com\/embed\/Dyg4R5LEQIs?feature=oembed\" frameborder=\"0\" allow=\"accelerometer; autoplay; clipboard-write; encrypted-media; gyroscope; picture-in-picture; web-share\" referrerpolicy=\"strict-origin-when-cross-origin\" allowfullscreen><\/iframe><\/div>\n","protected":false},"excerpt":{"rendered":"<h4>Nejvy\u0161\u0161\u00ed referen\u010dn\u00ed\u00a0model\u00a0otev\u0159en\u00fdch sluch\u00e1tek STAX pro n\u00e1ro\u010dn\u00e9<\/h4>\n","protected":false},"featured_media":38319,"comment_status":"closed","ping_status":"closed","template":"","meta":[],"pwb-brand":[330],"product_brand":[],"product_cat":[117,275],"product_tag":[276,534,108,119,277],"class_list":{"0":"post-38272","1":"product","2":"type-product","3":"status-publish","4":"has-post-thumbnail","6":"pwb-brand-stax","7":"product_cat-sluchatka","8":"product_cat-stax","9":"product_tag-elektrostaticka-sluchatka","10":"product_tag-mler3","11":"product_tag-referencni","12":"product_tag-sluchatka","13":"product_tag-stax","15":"first","16":"instock","17":"taxable","18":"shipping-taxable","19":"purchasable","20":"product-type-simple"},"aioseo_notices":[],"jetpack_sharing_enabled":true,"brands":[{"id":330,"name":"STAX","slug":"stax"}],"_links":{"self":[{"href":"https:\/\/www.altei.cz\/hifi\/wp-json\/wp\/v2\/product\/38272","targetHints":{"allow":["GET"]}}],"collection":[{"href":"https:\/\/www.altei.cz\/hifi\/wp-json\/wp\/v2\/product"}],"about":[{"href":"https:\/\/www.altei.cz\/hifi\/wp-json\/wp\/v2\/types\/product"}],"replies":[{"embeddable":true,"href":"https:\/\/www.altei.cz\/hifi\/wp-json\/wp\/v2\/comments?post=38272"}],"wp:featuredmedia":[{"embeddable":true,"href":"https:\/\/www.altei.cz\/hifi\/wp-json\/wp\/v2\/media\/38319"}],"wp:attachment":[{"href":"https:\/\/www.altei.cz\/hifi\/wp-json\/wp\/v2\/media?parent=38272"}],"wp:term":[{"taxonomy":"pwb-brand","embeddable":true,"href":"https:\/\/www.altei.cz\/hifi\/wp-json\/wp\/v2\/pwb-brand?post=38272"},{"taxonomy":"product_brand","embeddable":true,"href":"https:\/\/www.altei.cz\/hifi\/wp-json\/wp\/v2\/product_brand?post=38272"},{"taxonomy":"product_cat","embeddable":true,"href":"https:\/\/www.altei.cz\/hifi\/wp-json\/wp\/v2\/product_cat?post=38272"},{"taxonomy":"product_tag","embeddable":true,"href":"https:\/\/www.altei.cz\/hifi\/wp-json\/wp\/v2\/product_tag?post=38272"}],"curies":[{"name":"wp","href":"https:\/\/api.w.org\/{rel}","templated":true}]}}