{"id":38273,"date":"2022-02-22T18:02:39","date_gmt":"2022-02-22T17:02:39","guid":{"rendered":"https:\/\/www.altei.cz\/hifi\/?post_type=product&#038;p=38273"},"modified":"2026-03-19T07:05:44","modified_gmt":"2026-03-19T06:05:44","slug":"stax-sr-007-a","status":"publish","type":"product","link":"https:\/\/www.altei.cz\/hifi\/produkt\/stax-sr-007-a\/","title":{"rendered":"STAX SR-007 A"},"content":{"rendered":"<p>Referen\u010dn\u00ed otev\u0159en\u00e1 elektrostatick\u00e1 sluch\u00e1tka, ur\u010den\u00e1 pro nejn\u00e1ro\u010dn\u011bj\u0161\u00ed audiofily, kte\u0159\u00ed vy\u017eaduj\u00edc\u00ed v\u00fdbornou kvalitu reprodukce zvuku s minim\u00e1ln\u00edm zabarven\u00edm. D\u00edky celokovov\u00e9 konstrukci sluch\u00e1tkov\u00fdch ko\u0161\u016f jsou prakticky vylou\u010deny ne\u017e\u00e1douc\u00ed rezonance. Sluch\u00e1tka jsou ur\u010dena pro spojen\u00ed s libovoln\u00fdm stoln\u00edm nap\u00e1jec\u00edm zesilova\u010dem STAX. Barva st\u0159\u00edbrn\u00e1.<\/p>\n","protected":false},"excerpt":{"rendered":"<h4>Referen\u010dn\u00ed\u00a0model\u00a0otev\u0159en\u00fdch sluch\u00e1tek STAX<\/h4>\n","protected":false},"featured_media":38320,"comment_status":"closed","ping_status":"closed","template":"","meta":[],"pwb-brand":[330],"product_brand":[],"product_cat":[369,117,275],"product_tag":[276,108,119,277],"class_list":{"0":"post-38273","1":"product","2":"type-product","3":"status-publish","4":"has-post-thumbnail","6":"pwb-brand-stax","7":"product_cat-akce","8":"product_cat-sluchatka","9":"product_cat-stax","10":"product_tag-elektrostaticka-sluchatka","11":"product_tag-referencni","12":"product_tag-sluchatka","13":"product_tag-stax","15":"first","16":"instock","17":"sale","18":"taxable","19":"shipping-taxable","20":"purchasable","21":"product-type-simple"},"aioseo_notices":[],"jetpack_sharing_enabled":true,"brands":[{"id":330,"name":"STAX","slug":"stax"}],"_links":{"self":[{"href":"https:\/\/www.altei.cz\/hifi\/wp-json\/wp\/v2\/product\/38273","targetHints":{"allow":["GET"]}}],"collection":[{"href":"https:\/\/www.altei.cz\/hifi\/wp-json\/wp\/v2\/product"}],"about":[{"href":"https:\/\/www.altei.cz\/hifi\/wp-json\/wp\/v2\/types\/product"}],"replies":[{"embeddable":true,"href":"https:\/\/www.altei.cz\/hifi\/wp-json\/wp\/v2\/comments?post=38273"}],"wp:featuredmedia":[{"embeddable":true,"href":"https:\/\/www.altei.cz\/hifi\/wp-json\/wp\/v2\/media\/38320"}],"wp:attachment":[{"href":"https:\/\/www.altei.cz\/hifi\/wp-json\/wp\/v2\/media?parent=38273"}],"wp:term":[{"taxonomy":"pwb-brand","embeddable":true,"href":"https:\/\/www.altei.cz\/hifi\/wp-json\/wp\/v2\/pwb-brand?post=38273"},{"taxonomy":"product_brand","embeddable":true,"href":"https:\/\/www.altei.cz\/hifi\/wp-json\/wp\/v2\/product_brand?post=38273"},{"taxonomy":"product_cat","embeddable":true,"href":"https:\/\/www.altei.cz\/hifi\/wp-json\/wp\/v2\/product_cat?post=38273"},{"taxonomy":"product_tag","embeddable":true,"href":"https:\/\/www.altei.cz\/hifi\/wp-json\/wp\/v2\/product_tag?post=38273"}],"curies":[{"name":"wp","href":"https:\/\/api.w.org\/{rel}","templated":true}]}}