{"id":38336,"date":"2022-04-04T18:01:29","date_gmt":"2022-04-04T16:01:29","guid":{"rendered":"https:\/\/www.altei.cz\/hifi\/?post_type=product&#038;p=38336"},"modified":"2026-04-24T11:23:22","modified_gmt":"2026-04-24T09:23:22","slug":"rtm-lpr35-mgf-tape-r34512","status":"publish","type":"product","link":"https:\/\/www.altei.cz\/hifi\/produkt\/rtm-lpr35-mgf-tape-r34512\/","title":{"rendered":"RTM LPR35 mgf tape R34512"},"content":{"rendered":"<p>RTM LPR35 magnetofonov\u00fd p\u00e1s tl. 35 \u00b5m, 1\/4&#8243; (6,3mm) na plastov\u00e9 c\u00edvce Trident 10,5&#8243; (26,5 cm) s n\u00e1vinem 3608 ft (1100 m).<\/p>\n<p>Cena za 1 kus.<\/p>\n","protected":false},"excerpt":{"rendered":"<p>RTM LPR35 magnetofonov\u00fd p\u00e1s tl. 35 \u00b5m, 1\/4&#8243; (6,3mm) na plastov\u00e9 c\u00edvce Trident 10,5&#8243; (26,5 cm) s n\u00e1vinem 3608 ft (1100 m). Cena za 1 kus.<\/p>\n","protected":false},"featured_media":38337,"comment_status":"open","ping_status":"closed","template":"","meta":[],"pwb-brand":[349],"product_brand":[],"product_cat":[352,350,366],"product_tag":[355],"class_list":{"0":"post-38336","1":"product","2":"type-product","3":"status-publish","4":"has-post-thumbnail","6":"pwb-brand-rtm","7":"product_cat-mgf-pas","8":"product_cat-mgf-pasy","9":"product_cat-rtm","10":"product_tag-mgf-pas-1-4","11":"product_shipping_class-z-2-kg","13":"first","14":"instock","15":"taxable","16":"shipping-taxable","17":"purchasable","18":"product-type-simple"},"aioseo_notices":[],"jetpack_sharing_enabled":true,"brands":[{"id":349,"name":"RTM","slug":"rtm"}],"_links":{"self":[{"href":"https:\/\/www.altei.cz\/hifi\/wp-json\/wp\/v2\/product\/38336","targetHints":{"allow":["GET"]}}],"collection":[{"href":"https:\/\/www.altei.cz\/hifi\/wp-json\/wp\/v2\/product"}],"about":[{"href":"https:\/\/www.altei.cz\/hifi\/wp-json\/wp\/v2\/types\/product"}],"replies":[{"embeddable":true,"href":"https:\/\/www.altei.cz\/hifi\/wp-json\/wp\/v2\/comments?post=38336"}],"wp:featuredmedia":[{"embeddable":true,"href":"https:\/\/www.altei.cz\/hifi\/wp-json\/wp\/v2\/media\/38337"}],"wp:attachment":[{"href":"https:\/\/www.altei.cz\/hifi\/wp-json\/wp\/v2\/media?parent=38336"}],"wp:term":[{"taxonomy":"pwb-brand","embeddable":true,"href":"https:\/\/www.altei.cz\/hifi\/wp-json\/wp\/v2\/pwb-brand?post=38336"},{"taxonomy":"product_brand","embeddable":true,"href":"https:\/\/www.altei.cz\/hifi\/wp-json\/wp\/v2\/product_brand?post=38336"},{"taxonomy":"product_cat","embeddable":true,"href":"https:\/\/www.altei.cz\/hifi\/wp-json\/wp\/v2\/product_cat?post=38336"},{"taxonomy":"product_tag","embeddable":true,"href":"https:\/\/www.altei.cz\/hifi\/wp-json\/wp\/v2\/product_tag?post=38336"}],"curies":[{"name":"wp","href":"https:\/\/api.w.org\/{rel}","templated":true}]}}