{"id":38340,"date":"2022-04-04T18:09:43","date_gmt":"2022-04-04T16:09:43","guid":{"rendered":"https:\/\/www.altei.cz\/hifi\/?post_type=product&#038;p=38340"},"modified":"2026-04-14T16:48:44","modified_gmt":"2026-04-14T14:48:44","slug":"rtm-lpr35-mgf-tape-r34530","status":"publish","type":"product","link":"https:\/\/www.altei.cz\/hifi\/produkt\/rtm-lpr35-mgf-tape-r34530\/","title":{"rendered":"RTM LPR35 mgf tape R34530"},"content":{"rendered":"<p>RTM LPR35 mgf tape R34530 je magnetofonov\u00fd p\u00e1s tl. 35 \u00b5m, 1\/4&#8243; (6,3mm) na pancake st\u0159edovce 10&#8243; (25 cm) NAB s n\u00e1vinem 3608 ft (1100 m). Kompatibiln\u00ed s n\u00edzkorychlostn\u00edm z\u00e1znamem. Stejn\u00e9 slo\u017een\u00ed jako SM 911. Bez zav\u00e1d\u011bc\u00edho p\u00e1su. Baleno v kartonu. Vyr\u00e1b\u00ed <a title=\"RTM Recording The Masters\" href=\"https:\/\/www.altei.cz\/hifi\/rtm-recording-the-masters\/\" target=\"_blank\" rel=\"noopener\">RTM<\/a> ve Francii.<\/p>\n<p>Cena za 1 kus.<\/p>\n<p>Za\u017eijte ten dobr\u00fd pocit z analogov\u00e9ho nahr\u00e1v\u00e1n\u00ed s LPR35, vynikaj\u00edc\u00edm p\u00e1sem pro kotou\u010dov\u00e9 magnetofony navr\u017een\u00fdm pro vynikaj\u00edc\u00ed v\u011brnost zvuku. Tato vysoce v\u00fdkonn\u00e1 p\u00e1ska s n\u00edzk\u00fdm \u0161umem je ide\u00e1ln\u00ed pro mastering, archivaci a studiov\u00e9 nahr\u00e1vky a zaji\u0161\u0165uje \u010distotu a spolehlivost zvuku na profesion\u00e1ln\u00ed \u00farovni. A\u0165 u\u017e uchov\u00e1v\u00e1te vz\u00e1cn\u00e9 nahr\u00e1vky nebo vytv\u00e1\u0159\u00edte nov\u00e1 mistrovsk\u00e1 zvukov\u00e1 d\u00edla, p\u00e1s LPR35 poskytuje bezkonkuren\u010dn\u00ed v\u00fdkon a trvanlivost. D\u016fv\u011b\u0159uj\u00ed j\u00ed zvukov\u00ed profesion\u00e1lov\u00e9 po cel\u00e9m sv\u011bt\u011b a je to nejlep\u0161\u00ed volba pro zachycen\u00ed v\u00fdjime\u010dn\u00e9ho zvuku. Znovu objevte kouzlo analogu s RTM LPR35 mgf tape R34530.<\/p>\n<p>&nbsp;<\/p>\n","protected":false},"excerpt":{"rendered":"<p>RTM LPR35 magnetofonov\u00fd p\u00e1s R34530<\/p>\n","protected":false},"featured_media":38341,"comment_status":"open","ping_status":"closed","template":"","meta":[],"pwb-brand":[349],"product_brand":[],"product_cat":[352,350,366],"product_tag":[556,355,357],"class_list":{"0":"post-38340","1":"product","2":"type-product","3":"status-publish","4":"has-post-thumbnail","6":"pwb-brand-rtm","7":"product_cat-mgf-pas","8":"product_cat-mgf-pasy","9":"product_cat-rtm","10":"product_tag-magnetofonovy","11":"product_tag-mgf-pas-1-4","12":"product_tag-pancake","13":"product_shipping_class-z-2-kg","15":"first","16":"instock","17":"taxable","18":"shipping-taxable","19":"purchasable","20":"product-type-simple"},"aioseo_notices":[],"jetpack_sharing_enabled":true,"brands":[{"id":349,"name":"RTM","slug":"rtm"}],"_links":{"self":[{"href":"https:\/\/www.altei.cz\/hifi\/wp-json\/wp\/v2\/product\/38340","targetHints":{"allow":["GET"]}}],"collection":[{"href":"https:\/\/www.altei.cz\/hifi\/wp-json\/wp\/v2\/product"}],"about":[{"href":"https:\/\/www.altei.cz\/hifi\/wp-json\/wp\/v2\/types\/product"}],"replies":[{"embeddable":true,"href":"https:\/\/www.altei.cz\/hifi\/wp-json\/wp\/v2\/comments?post=38340"}],"wp:featuredmedia":[{"embeddable":true,"href":"https:\/\/www.altei.cz\/hifi\/wp-json\/wp\/v2\/media\/38341"}],"wp:attachment":[{"href":"https:\/\/www.altei.cz\/hifi\/wp-json\/wp\/v2\/media?parent=38340"}],"wp:term":[{"taxonomy":"pwb-brand","embeddable":true,"href":"https:\/\/www.altei.cz\/hifi\/wp-json\/wp\/v2\/pwb-brand?post=38340"},{"taxonomy":"product_brand","embeddable":true,"href":"https:\/\/www.altei.cz\/hifi\/wp-json\/wp\/v2\/product_brand?post=38340"},{"taxonomy":"product_cat","embeddable":true,"href":"https:\/\/www.altei.cz\/hifi\/wp-json\/wp\/v2\/product_cat?post=38340"},{"taxonomy":"product_tag","embeddable":true,"href":"https:\/\/www.altei.cz\/hifi\/wp-json\/wp\/v2\/product_tag?post=38340"}],"curies":[{"name":"wp","href":"https:\/\/api.w.org\/{rel}","templated":true}]}}