{"id":38344,"date":"2022-04-04T18:19:53","date_gmt":"2022-04-04T16:19:53","guid":{"rendered":"https:\/\/www.altei.cz\/hifi\/?post_type=product&#038;p=38344"},"modified":"2026-04-14T14:21:46","modified_gmt":"2026-04-14T12:21:46","slug":"rtm-lpr90-mgf-tape-r38520","status":"publish","type":"product","link":"https:\/\/www.altei.cz\/hifi\/produkt\/rtm-lpr90-mgf-tape-r38520\/","title":{"rendered":"RTM LPR90 mgf tape R38520"},"content":{"rendered":"<p>RTM LPR90 R38520 magnetofonov\u00fd p\u00e1s 1\/4&#8243; (6,3mm) na kovov\u00e9 10,5&#8243; (26,5 cm) c\u00edvce NAB s n\u00e1vinem 3608 ft (1100 m) Cena za 1 kus.<\/p>\n","protected":false},"excerpt":{"rendered":"<p>LPR90 magnetofonov\u00fd 1\/4&#8243; <\/p>\n","protected":false},"featured_media":38345,"comment_status":"open","ping_status":"closed","template":"","meta":[],"pwb-brand":[349],"product_brand":[],"product_cat":[352,350,366],"product_tag":[358,355,356],"class_list":{"0":"post-38344","1":"product","2":"type-product","3":"status-publish","4":"has-post-thumbnail","6":"pwb-brand-rtm","7":"product_cat-mgf-pas","8":"product_cat-mgf-pasy","9":"product_cat-rtm","10":"product_tag-lpr90","11":"product_tag-mgf-pas-1-4","12":"product_tag-nab-reel","13":"product_shipping_class-z-2-kg","15":"first","16":"instock","17":"taxable","18":"shipping-taxable","19":"purchasable","20":"product-type-simple"},"aioseo_notices":[],"jetpack_sharing_enabled":true,"brands":[{"id":349,"name":"RTM","slug":"rtm"}],"_links":{"self":[{"href":"https:\/\/www.altei.cz\/hifi\/wp-json\/wp\/v2\/product\/38344","targetHints":{"allow":["GET"]}}],"collection":[{"href":"https:\/\/www.altei.cz\/hifi\/wp-json\/wp\/v2\/product"}],"about":[{"href":"https:\/\/www.altei.cz\/hifi\/wp-json\/wp\/v2\/types\/product"}],"replies":[{"embeddable":true,"href":"https:\/\/www.altei.cz\/hifi\/wp-json\/wp\/v2\/comments?post=38344"}],"wp:featuredmedia":[{"embeddable":true,"href":"https:\/\/www.altei.cz\/hifi\/wp-json\/wp\/v2\/media\/38345"}],"wp:attachment":[{"href":"https:\/\/www.altei.cz\/hifi\/wp-json\/wp\/v2\/media?parent=38344"}],"wp:term":[{"taxonomy":"pwb-brand","embeddable":true,"href":"https:\/\/www.altei.cz\/hifi\/wp-json\/wp\/v2\/pwb-brand?post=38344"},{"taxonomy":"product_brand","embeddable":true,"href":"https:\/\/www.altei.cz\/hifi\/wp-json\/wp\/v2\/product_brand?post=38344"},{"taxonomy":"product_cat","embeddable":true,"href":"https:\/\/www.altei.cz\/hifi\/wp-json\/wp\/v2\/product_cat?post=38344"},{"taxonomy":"product_tag","embeddable":true,"href":"https:\/\/www.altei.cz\/hifi\/wp-json\/wp\/v2\/product_tag?post=38344"}],"curies":[{"name":"wp","href":"https:\/\/api.w.org\/{rel}","templated":true}]}}