{"id":39408,"date":"2022-06-01T22:35:42","date_gmt":"2022-06-01T20:35:42","guid":{"rendered":"https:\/\/www.altei.cz\/hifi\/?post_type=product&#038;p=39408"},"modified":"2026-02-17T20:24:40","modified_gmt":"2026-02-17T19:24:40","slug":"manley-absolute","status":"publish","type":"product","link":"https:\/\/www.altei.cz\/hifi\/produkt\/manley-absolute\/","title":{"rendered":"Manley ABSOLUTE"},"content":{"rendered":"<p><b>MANLEY ABSOLUTE <\/b>sluch\u00e1tkov\u00fd zesilova\u010d je v\u00fdsledkem 30 let zku\u0161enost\u00ed v navrhov\u00e1n\u00ed a ru\u010dn\u00ed v\u00fdrob\u011b elektronkov\u00fdch audioza\u0159\u00edzen\u00ed pro studiov\u00e9 a dom\u00e1c\u00ed pou\u017eit\u00ed. Absolute je vybaven patn\u00e1cti ovl\u00e1dac\u00edmi prvky, kter\u00e9 zaji\u0161\u0165uj\u00ed maxim\u00e1ln\u00ed u\u017eivatelsk\u00e9 pohodl\u00ed a zvukovou variabilitu. Dva p\u00e1ry stereo RCA jack\u016f na vstupech jsou tak\u00e9 vlastn\u00edm v\u00fdrobkem (Teflonov\u00e1 izolace a pozlacen\u00e9 kontakty). Ovl\u00e1d\u00e1n\u00ed hlasitosti precizn\u00edm krokov\u00fdm rel\u00e9ov\u00fdm regul\u00e1torem po 0,5 dB kroc\u00edch na p\u0159edn\u00edm panelu pomoc\u00ed mohutn\u00e9ho ovlada\u010de nebo dod\u00e1van\u00e9ho RF d\u00e1lkov\u00e9ho ovl\u00e1d\u00e1n\u00ed. Dal\u0161\u00edm tla\u010d\u00edtkem se ovl\u00e1d\u00e1 Mute syst\u00e9mu (stejn\u011b jako ot\u00e1\u010den\u00edm hlavn\u00edho ovlada\u010de). Dal\u0161\u00ed vychyt\u00e1vkou je u\u017eivatelsky nastaviteln\u00e1 ochrana proti p\u0159ebuzen\u00ed sluch\u00e1tek, chr\u00e1n\u00edc\u00ed va\u0161e obl\u00edben\u00e1 sluch\u00e1tka i v\u00e1\u0161 sluch. Pro p\u0159\u00edpad poslechu mono LP je vybaven i Mono tla\u010d\u00edtkem. Zesilova\u010d Absolute se vyr\u00e1b\u00ed v USA ve t\u0159ech barevn\u00fdch variant\u00e1ch &#8211; \u010dern\u00e9, st\u0159\u00edbrn\u00e9 a bronzov\u00e9.<\/p>\n<p><strong>EX DEMO<\/strong><\/p>\n<p><a href=\"https:\/\/www.altei.cz\/download\/Absolute-Manley-recenze.pdf\">RECENZE: Stereo Video<\/a><\/p>\n<div class=\"flex_column av_one_half flex_column_div av-zero-column-padding first avia-builder-el-6 el_after_av_textblock el_before_av_one_half column-top-margin\">\n<section class=\"av_textblock_section \">\n<div class=\"avia_textblock \"><\/div>\n<\/section>\n<\/div>\n<div class=\"flex_column av_one_half flex_column_div av-zero-column-padding avia-builder-el-8 el_after_av_one_half avia-builder-el-last column-top-margin\">\n<section class=\"av_textblock_section \">\n<div class=\"avia_textblock \"><a href=\"https:\/\/youtu.be\/kOxaXLLOMCs\" target=\"_blank\" rel=\"noopener\">Video<\/a><\/div>\n<\/section>\n<\/div>\n","protected":false},"excerpt":{"rendered":"<h4>ABSOLUTE &#8211; Lampov\u00fd sluch\u00e1tkov\u00fd zesilova\u010d<\/h4>\n","protected":false},"featured_media":39444,"comment_status":"closed","ping_status":"closed","template":"","meta":[],"pwb-brand":[326],"product_brand":[],"product_cat":[369,294,121,133],"product_tag":[267,448,449,123],"class_list":{"0":"post-39408","1":"product","2":"type-product","3":"status-publish","4":"has-post-thumbnail","6":"pwb-brand-manley","7":"product_cat-akce","8":"product_cat-manley-hi-fi","9":"product_cat-sluchatkove-zesilovace","10":"product_cat-zesilovace-high-end-audio","11":"product_tag-elektronkovy","12":"product_tag-push-pull","13":"product_tag-single-ended","14":"product_tag-sluchatkovy-zesilovac","15":"product_shipping_class-z-10-kg","17":"first","18":"instock","19":"sale","20":"taxable","21":"shipping-taxable","22":"purchasable","23":"product-type-simple"},"aioseo_notices":[],"jetpack_sharing_enabled":true,"brands":[{"id":326,"name":"Manley","slug":"manley"}],"_links":{"self":[{"href":"https:\/\/www.altei.cz\/hifi\/wp-json\/wp\/v2\/product\/39408","targetHints":{"allow":["GET"]}}],"collection":[{"href":"https:\/\/www.altei.cz\/hifi\/wp-json\/wp\/v2\/product"}],"about":[{"href":"https:\/\/www.altei.cz\/hifi\/wp-json\/wp\/v2\/types\/product"}],"replies":[{"embeddable":true,"href":"https:\/\/www.altei.cz\/hifi\/wp-json\/wp\/v2\/comments?post=39408"}],"wp:featuredmedia":[{"embeddable":true,"href":"https:\/\/www.altei.cz\/hifi\/wp-json\/wp\/v2\/media\/39444"}],"wp:attachment":[{"href":"https:\/\/www.altei.cz\/hifi\/wp-json\/wp\/v2\/media?parent=39408"}],"wp:term":[{"taxonomy":"pwb-brand","embeddable":true,"href":"https:\/\/www.altei.cz\/hifi\/wp-json\/wp\/v2\/pwb-brand?post=39408"},{"taxonomy":"product_brand","embeddable":true,"href":"https:\/\/www.altei.cz\/hifi\/wp-json\/wp\/v2\/product_brand?post=39408"},{"taxonomy":"product_cat","embeddable":true,"href":"https:\/\/www.altei.cz\/hifi\/wp-json\/wp\/v2\/product_cat?post=39408"},{"taxonomy":"product_tag","embeddable":true,"href":"https:\/\/www.altei.cz\/hifi\/wp-json\/wp\/v2\/product_tag?post=39408"}],"curies":[{"name":"wp","href":"https:\/\/api.w.org\/{rel}","templated":true}]}}