{"id":39413,"date":"2022-06-01T22:35:42","date_gmt":"2022-06-01T20:35:42","guid":{"rendered":"https:\/\/www.altei.cz\/hifi\/?post_type=product&#038;p=39413"},"modified":"2022-12-29T16:35:07","modified_gmt":"2022-12-29T15:35:07","slug":"manley-neo-classic-300-b-rc","status":"publish","type":"product","link":"https:\/\/www.altei.cz\/hifi\/produkt\/manley-neo-classic-300-b-rc\/","title":{"rendered":"Manley NEO-Classic 300 B RC"},"content":{"rendered":"<p>\u0160pi\u010dkov\u00fd p\u0159edzesilova\u010d vyu\u017e\u00edvaj\u00edc\u00ed unik\u00e1tn\u00ed zapojen\u00ed v\u00fdkonov\u00e9 elektronky 300B. Cel\u00e1 topologie\u00a0 zapojen\u00ed je v \u010dist\u00e9 t\u0159\u00edd\u011b A, v budic\u00ed \u010d\u00e1sti s elektronkou 6SL7GT a pln\u011b elektronkov\u00fdm s\u00ed\u0165ov\u00fdm zdrojem. Regulace hlasitosti je \u0159e\u0161ena \u0161pi\u010dkov\u00fdm krokov\u00fdm atenu\u00e1torem Grayhill vybaven\u00fdm zlacen\u00fdmi kontakty. P\u011bt vstup\u016f, t\u0159i v\u00fdstupy (1x Tape, 2x reg.). V\u010detn\u011b d\u00e1lkov\u00e9ho ovl\u00e1d\u00e1n\u00ed Remora.<\/p>\n<p>&nbsp;<\/p>\n<p><strong>Specifikace<\/strong><\/p>\n<p>&nbsp;<\/p>\n<table class=\"Styl1\" style=\"height: 369px;\" border=\"0\" width=\"894\" cellspacing=\"0\" cellpadding=\"0\">\n<tbody>\n<tr>\n<td valign=\"top\">Model<\/td>\n<td valign=\"top\">Neo Classic 300B RC<\/td>\n<\/tr>\n<tr>\n<td valign=\"top\">Vstupy<\/td>\n<td valign=\"top\">\u00a05 stereo p\u00e1r\u016f RCA<\/td>\n<\/tr>\n<tr>\n<td valign=\"top\">V\u00fdstupy<\/td>\n<td valign=\"top\">\u00a02 stereo p\u00e1ry RCA<\/td>\n<\/tr>\n<tr>\n<td valign=\"top\">Sluch\u00e1tkov\u00e9 v\u00fdstupy<\/td>\n<td valign=\"top\">\u00a02 stereo jack 6,3 mm na p\u0159edn\u00edm panelu<\/td>\n<\/tr>\n<tr>\n<td valign=\"top\">Odstup sign\u00e1l\/\u0161um<\/td>\n<td valign=\"top\">105 dB (A WGT, 20 Hz &#8211; 20 KHz)<\/td>\n<\/tr>\n<tr>\n<td valign=\"top\">Frekven\u010dn\u00ed rozsah<\/td>\n<td valign=\"top\">5 Hz &#8211; 50 000 Hz 1dB<\/td>\n<\/tr>\n<tr>\n<td valign=\"top\">Zkreslen\u00ed (THD)<\/td>\n<td valign=\"top\">0.08 % @ 1KHz p\u0159i 1V rms v\u00fdstupu<\/td>\n<\/tr>\n<tr>\n<td valign=\"top\">V\u00fdstupn\u00ed impedance<\/td>\n<td valign=\"top\">100 Ohm<\/td>\n<\/tr>\n<tr>\n<td valign=\"top\">Maximum v\u00fdstup<\/td>\n<td valign=\"top\">17.2dBu nebo 5.636 Vrms @ 1KHz, ovl\u00e1d\u00e1n\u00ed hlasitosti na maximum<\/td>\n<\/tr>\n<tr>\n<td valign=\"top\">Hmotnost<\/td>\n<td valign=\"top\">12,7 Kg<\/td>\n<\/tr>\n<tr>\n<td valign=\"top\">Rozm\u011bry (\u0160 x V x H)<\/td>\n<td valign=\"top\">216 x 228 x 584 mm<\/td>\n<\/tr>\n<tr>\n<td valign=\"top\">D\u00e1lkov\u00e9 ovl\u00e1d\u00e1n\u00ed<\/td>\n<td valign=\"top\">Remora<\/td>\n<\/tr>\n<\/tbody>\n<\/table>\n<p>&nbsp;<\/p>\n","protected":false},"excerpt":{"rendered":"<p>NEO CLASSIC elektronkov\u00fd hifi p\u0159edzesilova\u010d<\/p>\n","protected":false},"featured_media":39465,"comment_status":"closed","ping_status":"closed","template":"","meta":[],"pwb-brand":[326],"product_brand":[],"product_cat":[294,30],"product_tag":[267,66,34],"class_list":{"0":"post-39413","1":"product","2":"type-product","3":"status-publish","4":"has-post-thumbnail","6":"pwb-brand-manley","7":"product_cat-manley-hi-fi","8":"product_cat-predzesilovace","9":"product_tag-elektronkovy","10":"product_tag-hi-fi","11":"product_tag-predzesilovac","13":"first","14":"onbackorder","15":"taxable","16":"shipping-taxable","17":"purchasable","18":"product-type-simple"},"aioseo_notices":[],"jetpack_sharing_enabled":true,"brands":[{"id":326,"name":"Manley","slug":"manley"}],"_links":{"self":[{"href":"https:\/\/www.altei.cz\/hifi\/wp-json\/wp\/v2\/product\/39413","targetHints":{"allow":["GET"]}}],"collection":[{"href":"https:\/\/www.altei.cz\/hifi\/wp-json\/wp\/v2\/product"}],"about":[{"href":"https:\/\/www.altei.cz\/hifi\/wp-json\/wp\/v2\/types\/product"}],"replies":[{"embeddable":true,"href":"https:\/\/www.altei.cz\/hifi\/wp-json\/wp\/v2\/comments?post=39413"}],"wp:featuredmedia":[{"embeddable":true,"href":"https:\/\/www.altei.cz\/hifi\/wp-json\/wp\/v2\/media\/39465"}],"wp:attachment":[{"href":"https:\/\/www.altei.cz\/hifi\/wp-json\/wp\/v2\/media?parent=39413"}],"wp:term":[{"taxonomy":"pwb-brand","embeddable":true,"href":"https:\/\/www.altei.cz\/hifi\/wp-json\/wp\/v2\/pwb-brand?post=39413"},{"taxonomy":"product_brand","embeddable":true,"href":"https:\/\/www.altei.cz\/hifi\/wp-json\/wp\/v2\/product_brand?post=39413"},{"taxonomy":"product_cat","embeddable":true,"href":"https:\/\/www.altei.cz\/hifi\/wp-json\/wp\/v2\/product_cat?post=39413"},{"taxonomy":"product_tag","embeddable":true,"href":"https:\/\/www.altei.cz\/hifi\/wp-json\/wp\/v2\/product_tag?post=39413"}],"curies":[{"name":"wp","href":"https:\/\/api.w.org\/{rel}","templated":true}]}}