{"id":39415,"date":"2022-06-01T22:35:42","date_gmt":"2022-06-01T20:35:42","guid":{"rendered":"https:\/\/www.altei.cz\/hifi\/?post_type=product&#038;p=39415"},"modified":"2022-12-29T16:56:32","modified_gmt":"2022-12-29T15:56:32","slug":"manley-stingray-ll","status":"publish","type":"product","link":"https:\/\/www.altei.cz\/hifi\/produkt\/manley-stingray-ll\/","title":{"rendered":"Manley STINGRAY\u00ae ll"},"content":{"rendered":"<p>Manley STINGRAY\u00ae ll je zat\u00edm posledn\u00ed evoluc\u00ed legend\u00e1rn\u00edho integrovan\u00e9ho elektronkov\u00e9ho zesilova\u010de pou\u017e\u00edvaj\u00edc\u00ed na v\u00fdstupu po \u010dty\u0159ech pentod\u00e1ch EL84M na kan\u00e1l, kter\u00e9 lze ov\u0161em p\u0159ep\u00ednat mezi triodov\u00fdm (TR) a ultraline\u00e1rn\u00edm pentodov\u00fdm zapojen\u00edm (UL). K nejpodstatn\u011bj\u0161\u00ed zm\u011bn\u011b oproti p\u0159edchoz\u00ed verzi do\u0161lo u s\u00ed\u0165ov\u00e9ho zdroje, kter\u00fd doznal mnoha vylep\u0161en\u00ed, p\u0159edev\u017e\u00edm nav\u00fd\u0161en\u00ed v\u00fdkonu. Stingray II je nyn\u00ed vybaven, krom\u011b standardn\u00edch p\u0159ipojen\u00ed RCA, i 3,5mm jack vstupem pro p\u0159enosn\u00e9 p\u0159ehr\u00e1va\u010de, v\u00fdstupem pro nahr\u00e1v\u00e1n\u00ed, subwooferov\u00fdm a sluch\u00e1tkov\u00fdm v\u00fdstupem. Dal\u0161\u00edm p\u0159\u00edjemn\u00fdm dopl\u0148kem je d\u00e1lkov\u00e9 ovl\u00e1d\u00e1n\u00ed (IR i Radio).<\/p>\n<p>&nbsp;<\/p>\n<p>Specifikace<\/p>\n<table class=\"Styl1\" border=\"0\" width=\"893\" cellspacing=\"0\" cellpadding=\"0\">\n<tbody>\n<tr>\n<td valign=\"top\">Model<\/td>\n<td valign=\"top\">STINGRAY\u00ae II<\/td>\n<\/tr>\n<tr>\n<td valign=\"top\">Vstupy<\/td>\n<td valign=\"top\">3 x stereo p\u00e1r RCA, 1 stereo mini jack<\/td>\n<\/tr>\n<tr>\n<td valign=\"top\">V\u00fdstupy<\/td>\n<td valign=\"top\">Termin\u00e1ly pro reprosoustavy, 3 stereo p\u00e1ry RCA (Rec, Loop Return, Subwoofer)<\/td>\n<\/tr>\n<tr>\n<td valign=\"top\">Sluch\u00e1tkov\u00fd v\u00fdstup<\/td>\n<td valign=\"top\">Stereo jack 6,3 mm na p\u0159edn\u00edm panelu<\/td>\n<\/tr>\n<tr>\n<td valign=\"top\">Osazen\u00ed<\/td>\n<td valign=\"top\">8 x EL84 (v\u00fdstup), 2 x 6414,\u00a0 2 x 12AT7EH (vstup)<\/td>\n<\/tr>\n<tr>\n<td valign=\"top\">Odstup sign\u00e1l\/\u0161um<\/td>\n<td valign=\"top\">\u00a072 dB (v\u00e1\u017eeno k\u0159ivkou A), 1W v\u00fdstup, 20dB zisk<\/td>\n<\/tr>\n<tr>\n<td valign=\"top\">Frekven\u010dn\u00ed rozsah<\/td>\n<td valign=\"top\">15 Hz \u2013 58 kHz<\/td>\n<\/tr>\n<tr>\n<td valign=\"top\">Optim\u00e1ln\u00ed impedance reprosoustav<\/td>\n<td valign=\"top\">5 Ohm<\/td>\n<\/tr>\n<tr>\n<td valign=\"top\">Maximum v\u00fdstup<\/td>\n<td valign=\"top\">20 W Trioda, 40 W Ultra Linear<\/td>\n<\/tr>\n<tr>\n<td valign=\"top\">Hmotnost<\/td>\n<td valign=\"top\">14 kg<\/td>\n<\/tr>\n<tr>\n<td valign=\"top\">Hmotnost<\/td>\n<td valign=\"top\">14 kg<\/td>\n<\/tr>\n<tr>\n<td valign=\"top\">Rozm\u011bry (\u0160 x V x H)<\/td>\n<td valign=\"top\">\u00a0483 x 190 x 356 mm<\/td>\n<\/tr>\n<\/tbody>\n<\/table>\n<p>&nbsp;<\/p>\n","protected":false},"excerpt":{"rendered":"<p>STINGRAY\u00ae II elektronkov\u00fd hifi integrovan\u00fd zesilova\u010d<\/p>\n","protected":false},"featured_media":39472,"comment_status":"closed","ping_status":"closed","template":"","meta":[],"pwb-brand":[326],"product_brand":[],"product_cat":[63,294],"product_tag":[267,66,64],"class_list":{"0":"post-39415","1":"product","2":"type-product","3":"status-publish","4":"has-post-thumbnail","6":"pwb-brand-manley","7":"product_cat-integrovane-zesilovace","8":"product_cat-manley-hi-fi","9":"product_tag-elektronkovy","10":"product_tag-hi-fi","11":"product_tag-integrovany-zesilovac","13":"first","14":"onbackorder","15":"taxable","16":"shipping-taxable","17":"purchasable","18":"product-type-simple"},"aioseo_notices":[],"jetpack_sharing_enabled":true,"brands":[{"id":326,"name":"Manley","slug":"manley"}],"_links":{"self":[{"href":"https:\/\/www.altei.cz\/hifi\/wp-json\/wp\/v2\/product\/39415","targetHints":{"allow":["GET"]}}],"collection":[{"href":"https:\/\/www.altei.cz\/hifi\/wp-json\/wp\/v2\/product"}],"about":[{"href":"https:\/\/www.altei.cz\/hifi\/wp-json\/wp\/v2\/types\/product"}],"replies":[{"embeddable":true,"href":"https:\/\/www.altei.cz\/hifi\/wp-json\/wp\/v2\/comments?post=39415"}],"wp:featuredmedia":[{"embeddable":true,"href":"https:\/\/www.altei.cz\/hifi\/wp-json\/wp\/v2\/media\/39472"}],"wp:attachment":[{"href":"https:\/\/www.altei.cz\/hifi\/wp-json\/wp\/v2\/media?parent=39415"}],"wp:term":[{"taxonomy":"pwb-brand","embeddable":true,"href":"https:\/\/www.altei.cz\/hifi\/wp-json\/wp\/v2\/pwb-brand?post=39415"},{"taxonomy":"product_brand","embeddable":true,"href":"https:\/\/www.altei.cz\/hifi\/wp-json\/wp\/v2\/product_brand?post=39415"},{"taxonomy":"product_cat","embeddable":true,"href":"https:\/\/www.altei.cz\/hifi\/wp-json\/wp\/v2\/product_cat?post=39415"},{"taxonomy":"product_tag","embeddable":true,"href":"https:\/\/www.altei.cz\/hifi\/wp-json\/wp\/v2\/product_tag?post=39415"}],"curies":[{"name":"wp","href":"https:\/\/api.w.org\/{rel}","templated":true}]}}