{"id":39417,"date":"2022-06-01T22:35:43","date_gmt":"2022-06-01T20:35:43","guid":{"rendered":"https:\/\/www.altei.cz\/hifi\/?post_type=product&#038;p=39417"},"modified":"2022-12-29T16:33:05","modified_gmt":"2022-12-29T15:33:05","slug":"manley-neo-classic-se-pp-300b","status":"publish","type":"product","link":"https:\/\/www.altei.cz\/hifi\/produkt\/manley-neo-classic-se-pp-300b\/","title":{"rendered":"Manley Neo Classic SE\/PP 300B"},"content":{"rendered":"<p>V\u00fdkonov\u00fd zesilova\u010d &#8211; Monoblok (p\u00e1r). Tento pln\u011b elektronkov\u00fd zesilova\u010d klasick\u00e9 konstrukce vyu\u017e\u00edv\u00e1 elektronku 300B jako hlavn\u00ed v\u00fdkonov\u00fd stupe\u0148. Dv\u011b pou\u017eit\u00e9 elektronky Electro-Harmonix mohou b\u00fdt zapojen\u00e9 bu\u010f push-pull (PP) pro vy\u0161\u0161\u00ed v\u00fdkon (25 W) nebo paraleln\u011b single-ended (SE) pro klasickou hudebnost a jemnost tohoto zapojen\u00ed. D\u016fle\u017eitou vlastnost\u00ed tohoto zesilova\u010de je i velmi n\u00edzk\u00e1 \u00farove\u0148 zp\u011btn\u00e9 vazby, nav\u00edc p\u0159ep\u00ednateln\u00e1 v hodnot\u00e1ch &#8211; od 0 do 10 dB. V\u011brnost klasick\u00e9mu konceptu zapojen\u00ed je podtr\u017eena pou\u017eit\u00edm zdroje pln\u011b regulovan\u00e9ho elektronkou.\u00a0 Neo-Classic 300B pova\u017eov\u00e1n za je nej\u010dist\u011bji hraj\u00edc\u00ed zesilova\u010d sv\u00e9 kategorie.<\/p>\n<p>Cena za p\u00e1r<\/p>\n<p>&nbsp;<\/p>\n<p><strong>Specifikace<\/strong><\/p>\n<p>&nbsp;<\/p>\n<table class=\"Styl1\" style=\"height: 369px;\" border=\"0\" width=\"894\" cellspacing=\"0\" cellpadding=\"0\">\n<tbody>\n<tr>\n<td valign=\"top\">Model<\/td>\n<td valign=\"top\">Neo Classic SE\/PP 300B<\/td>\n<\/tr>\n<tr>\n<td valign=\"top\">V\u00fdkon (SE)<\/td>\n<td valign=\"top\">11 W<\/td>\n<\/tr>\n<tr>\n<td valign=\"top\">V\u00fdkon (PP)<\/td>\n<td valign=\"top\">25 W<\/td>\n<\/tr>\n<tr>\n<td valign=\"top\">Osazen\u00ed (p\u00e1r)<\/td>\n<td valign=\"top\">2x 6SL7 (vstup), 2 X 6SN7 (budi\u010d), 4 x 300B (v\u00fdstup)<\/td>\n<\/tr>\n<tr>\n<td valign=\"top\">Odstup sign\u00e1l\/\u0161um<\/td>\n<td valign=\"top\">(PP) 85,4 dB (Ref. 1W; 2.83v\/\/8 Ohm),(SE) 83,5 dB (Ref. 1W; 2.83v\/\/8 Ohm)<\/td>\n<\/tr>\n<tr>\n<td valign=\"top\">Frekven\u010dn\u00ed rozsah<\/td>\n<td valign=\"top\">10 Hz &#8211; 20 000 Hz<\/td>\n<\/tr>\n<tr>\n<td valign=\"top\">Vstupn\u00ed impedance<\/td>\n<td valign=\"top\">100 kOhm<\/td>\n<\/tr>\n<tr>\n<td valign=\"top\">V\u00fdstupn\u00ed impedance<\/td>\n<td valign=\"top\">2,25 Ohm (SE), 1,86 Ohm (PP)<\/td>\n<\/tr>\n<tr>\n<td valign=\"top\">Impedance reprosoustav<\/td>\n<td valign=\"top\">\u00a04-12 Ohm (doporu\u010den\u00e1)<\/td>\n<\/tr>\n<tr>\n<td valign=\"top\">Vstupy<\/td>\n<td valign=\"top\">Linka RCA<\/td>\n<\/tr>\n<tr>\n<td valign=\"top\">Hmotnost<\/td>\n<td valign=\"top\">18,6 kg<\/td>\n<\/tr>\n<tr>\n<td valign=\"top\">Rozm\u011bry (\u0160 x V x H)<\/td>\n<td valign=\"top\">215 x 223 x 584 mm<\/td>\n<\/tr>\n<\/tbody>\n<\/table>\n<p>&nbsp;<\/p>\n","protected":false},"excerpt":{"rendered":"<p>Neo Classic SE\/PP 300B monoblok v\u00fdkonov\u00fd zesilova\u010d (p\u00e1r)<\/p>\n","protected":false},"featured_media":39479,"comment_status":"closed","ping_status":"closed","template":"","meta":[],"pwb-brand":[326],"product_brand":[],"product_cat":[294,133],"product_tag":[267,114,69],"class_list":{"0":"post-39417","1":"product","2":"type-product","3":"status-publish","4":"has-post-thumbnail","6":"pwb-brand-manley","7":"product_cat-manley-hi-fi","8":"product_cat-zesilovace-high-end-audio","9":"product_tag-elektronkovy","10":"product_tag-monoblok","11":"product_tag-zesilovac","13":"first","14":"onbackorder","15":"taxable","16":"shipping-taxable","17":"purchasable","18":"product-type-simple"},"aioseo_notices":[],"jetpack_sharing_enabled":true,"brands":[{"id":326,"name":"Manley","slug":"manley"}],"_links":{"self":[{"href":"https:\/\/www.altei.cz\/hifi\/wp-json\/wp\/v2\/product\/39417","targetHints":{"allow":["GET"]}}],"collection":[{"href":"https:\/\/www.altei.cz\/hifi\/wp-json\/wp\/v2\/product"}],"about":[{"href":"https:\/\/www.altei.cz\/hifi\/wp-json\/wp\/v2\/types\/product"}],"replies":[{"embeddable":true,"href":"https:\/\/www.altei.cz\/hifi\/wp-json\/wp\/v2\/comments?post=39417"}],"wp:featuredmedia":[{"embeddable":true,"href":"https:\/\/www.altei.cz\/hifi\/wp-json\/wp\/v2\/media\/39479"}],"wp:attachment":[{"href":"https:\/\/www.altei.cz\/hifi\/wp-json\/wp\/v2\/media?parent=39417"}],"wp:term":[{"taxonomy":"pwb-brand","embeddable":true,"href":"https:\/\/www.altei.cz\/hifi\/wp-json\/wp\/v2\/pwb-brand?post=39417"},{"taxonomy":"product_brand","embeddable":true,"href":"https:\/\/www.altei.cz\/hifi\/wp-json\/wp\/v2\/product_brand?post=39417"},{"taxonomy":"product_cat","embeddable":true,"href":"https:\/\/www.altei.cz\/hifi\/wp-json\/wp\/v2\/product_cat?post=39417"},{"taxonomy":"product_tag","embeddable":true,"href":"https:\/\/www.altei.cz\/hifi\/wp-json\/wp\/v2\/product_tag?post=39417"}],"curies":[{"name":"wp","href":"https:\/\/api.w.org\/{rel}","templated":true}]}}