{"id":39456,"date":"2022-06-01T22:36:07","date_gmt":"2022-06-01T20:36:07","guid":{"rendered":"https:\/\/www.altei.cz\/hifi\/?post_type=product&#038;p=39456"},"modified":"2023-11-30T14:53:36","modified_gmt":"2023-11-30T13:53:36","slug":"oldstep-profi-elektronkovy-phono-predzesilovac","status":"publish","type":"product","link":"https:\/\/www.altei.cz\/hifi\/produkt\/oldstep-profi-elektronkovy-phono-predzesilovac\/","title":{"rendered":"OldStep PROFI elektronkov\u00fd phono p\u0159edzesilova\u010d"},"content":{"rendered":"<p>Nejvy\u0161\u0161\u00ed model \u0159ady OldStep High End phono p\u0159edzesilova\u010d\u016f PROFI je v\u00fdsledkem dlouholet\u00e9ho v\u00fdvoje, testov\u00e1n\u00ed a porovn\u00e1v\u00e1n\u00ed zvuku a parametr\u016f snad v\u0161ech konstruk\u010dn\u00edch variant korek\u010dn\u00edch RIAA p\u0159edzesilova\u010d\u016f. Zcela nekompromisn\u00ed p\u0159\u00edstup ke ka\u017ed\u00e9mu bloku zapojen\u00ed, precizn\u00ed v\u00fdb\u011br pou\u017eit\u00fdch sou\u010d\u00e1stek a pe\u010dliv\u00e1 ru\u010dn\u00ed pr\u00e1ce p\u0159i v\u00fdrob\u011b a nastaven\u00ed d\u011bl\u00e1 z tohoto za\u0159\u00edzen\u00ed klenot va\u0161eho audio \u0159et\u011bzce. P\u0159edzesilova\u010d se vyzna\u010duje unik\u00e1tn\u00ed pln\u011b symetrickou konstrukc\u00ed obvod\u016f mezi vstupn\u00edmi a v\u00fdstupn\u00edmi konektory. P\u0159edzesilova\u010d je prim\u00e1rn\u011b ur\u010den pro spojen\u00ed s gramofonem a p\u0159edzesilova\u010dem se symetrick\u00fdm p\u0159ipojen\u00edm, ale v p\u0159\u00edpad\u011b \u017ee v\u00e1\u0161 gramofon nedisponuje symetrick\u00fdmi v\u00fdstupy, nebo v\u00e1\u0161 p\u0159edzesilova\u010d nepodporuje symetrick\u00e9 vstupy, m\u016f\u017eete zvolit nesymetrick\u00e9 p\u0159ipojen\u00ed v libovoln\u00e9 kombinaci typu vstupu a v\u00fdstupu. Pln\u011b symetrick\u00e9 zapojen\u00ed je z\u00e1rukou nejlep\u0161\u00edho odstupu v\u0161ech vn\u011bj\u0161\u00edch ru\u0161iv\u00fdch nap\u011bt\u00ed od u\u017eite\u010dn\u00e9ho sign\u00e1lu. Vstupn\u00ed pln\u011b symetrick\u00fd diferenci\u00e1ln\u00ed stupe\u0148 je osazen n\u00edzko\u0161umov\u00fdmi JFET tranzistory Toshiba pro minimalizaci vstupn\u00ed kapacity a zkreslen\u00ed, za kter\u00fdm jako u v\u0161ech zesilova\u010d\u016f OldStep, op\u011bt n\u00e1sleduje pasivn\u00ed paraleln\u00ed RIAA korekce rozd\u011blen\u00e1 do dvou stup\u0148\u016f s excelentn\u00edm soub\u011bhem lev\u00e9ho a prav\u00e9ho kan\u00e1lu a p\u0159esn\u00fdm pr\u016fb\u011bhem RIAA korekce. V\u0161echny elektronkov\u00e9 zesilovac\u00ed stupn\u011b jsou nap\u00e1jeny konstantn\u00edmi zdroji proudu, kter\u00e9 p\u0159esn\u011b nastavuj\u00ed pracovn\u00ed body elektronek a minimalizuj\u00ed \u0161um. Na vstupu i v\u00fdstupu je zesilova\u010d osazen precizn\u00edmi XLR (symetrick\u00e9) a RCA (cinch) konektory NEUTRIC, pou\u017e\u00edv\u00e1 excelentn\u00ed odd\u011blovac\u00ed kondenz\u00e1tory Audiophiler a v korek\u010dkn\u00edch stupn\u00edch kondenz\u00e1tory WIMA. Samoz\u0159ejmost\u00ed jsou p\u00e1rovan\u00e9 elektronky OldStep nakupovan\u00e9 a vyb\u00edran\u00e9 od \u0159ady sv\u011btov\u00fdch v\u00fdrobc\u016f dle p\u0159\u00e1n\u00ed z\u00e1kazn\u00edka. Nap\u00e1jen\u00ed je \u0159e\u0161eno zcela bez kompromisu \u010dty\u0159 hladinov\u00fdm odd\u011blen\u00fdm nap\u00e1jec\u00edm zdrojem, kter\u00fd poskytuje odd\u011blen\u00e1 stabilizovan\u00e1 nap\u011bt\u00ed nejen pro anody elektronek, ale tak\u00e9 pro \u017ehav\u00edc\u00ed obvody, zdroje proudu a vstupn\u00ed obvody. Samoz\u0159ejmost\u00ed je funkce soft start &#8211; pomal\u00fd n\u00e1b\u011bh \u017ehav\u00edc\u00edho a n\u00e1sledn\u011b anodov\u00e9ho proudu pro dosa\u017een\u00ed maxim\u00e1ln\u00ed \u017eivotnosti elektronek.<\/p>\n<p>P\u0159edzesilova\u010d Oldstep PROFI je konstruov\u00e1n sou\u010dasn\u011b s po\u017eadavkem z\u00e1kazn\u00edka, a poroto je nutn\u00e9 p\u0159istupovat k v\u00fdrob\u011b s maxim\u00e1ln\u00ed pe\u010dlivost\u00ed. Cena p\u0159edzesilova\u010de je d\u00e1na v\u00fdb\u011brem sou\u010d\u00e1stkov\u00e9 z\u00e1kladny v\u010detn\u011b konstrukce cel\u00e9 sestavy. Z\u00e1kazn\u00edk si t\u00edmto v\u00fdrobkem spln\u00ed mo\u017en\u00e1 dal\u0161\u00ed sen, \u00fa\u010dastn\u00ed se stavby jeho vysn\u011bn\u00e9ho za\u0159\u00edzen\u00ed. M\u00e1te jedine\u010dnou p\u0159\u00edle\u017eitost&#8230;<\/p>\n<p><a href=\"https:\/\/www.oldstep.com\/products\/elektronkovy-phono-predzesilovac-profi\/\" target=\"_blank\" rel=\"noopener\">V\u00edce zde<\/a><\/p>\n","protected":false},"excerpt":{"rendered":"<h4>RIAA symetrick\u00fd phono p\u0159edzesilova\u010d<\/h4>\n","protected":false},"featured_media":39499,"comment_status":"closed","ping_status":"closed","template":"","meta":[],"pwb-brand":[458],"product_brand":[],"product_cat":[234,315],"product_tag":[322,321,316,317,267,235,298,58],"class_list":{"0":"post-39456","1":"product","2":"type-product","3":"status-publish","4":"has-post-thumbnail","6":"pwb-brand-oldstep","7":"product_cat-gramofonove-predzesilovace","8":"product_cat-oldstep","9":"product_tag-12au7","10":"product_tag-6sn7","11":"product_tag-class-a","12":"product_tag-ecc88","13":"product_tag-elektronkovy","14":"product_tag-gramofonovy-predzesilovac","15":"product_tag-riaa","16":"product_tag-symetricky","18":"first","19":"onbackorder","20":"taxable","21":"shipping-taxable","22":"purchasable","23":"product-type-simple"},"aioseo_notices":[],"jetpack_sharing_enabled":true,"brands":[{"id":458,"name":"OldStep","slug":"oldstep"}],"_links":{"self":[{"href":"https:\/\/www.altei.cz\/hifi\/wp-json\/wp\/v2\/product\/39456","targetHints":{"allow":["GET"]}}],"collection":[{"href":"https:\/\/www.altei.cz\/hifi\/wp-json\/wp\/v2\/product"}],"about":[{"href":"https:\/\/www.altei.cz\/hifi\/wp-json\/wp\/v2\/types\/product"}],"replies":[{"embeddable":true,"href":"https:\/\/www.altei.cz\/hifi\/wp-json\/wp\/v2\/comments?post=39456"}],"wp:featuredmedia":[{"embeddable":true,"href":"https:\/\/www.altei.cz\/hifi\/wp-json\/wp\/v2\/media\/39499"}],"wp:attachment":[{"href":"https:\/\/www.altei.cz\/hifi\/wp-json\/wp\/v2\/media?parent=39456"}],"wp:term":[{"taxonomy":"pwb-brand","embeddable":true,"href":"https:\/\/www.altei.cz\/hifi\/wp-json\/wp\/v2\/pwb-brand?post=39456"},{"taxonomy":"product_brand","embeddable":true,"href":"https:\/\/www.altei.cz\/hifi\/wp-json\/wp\/v2\/product_brand?post=39456"},{"taxonomy":"product_cat","embeddable":true,"href":"https:\/\/www.altei.cz\/hifi\/wp-json\/wp\/v2\/product_cat?post=39456"},{"taxonomy":"product_tag","embeddable":true,"href":"https:\/\/www.altei.cz\/hifi\/wp-json\/wp\/v2\/product_tag?post=39456"}],"curies":[{"name":"wp","href":"https:\/\/api.w.org\/{rel}","templated":true}]}}