{"id":39462,"date":"2022-06-01T22:36:08","date_gmt":"2022-06-01T20:36:08","guid":{"rendered":"https:\/\/www.altei.cz\/hifi\/?post_type=product&#038;p=39462"},"modified":"2023-11-30T14:52:05","modified_gmt":"2023-11-30T13:52:05","slug":"nadral-zero-3-reprosoustava-sloupova","status":"publish","type":"product","link":"https:\/\/www.altei.cz\/hifi\/produkt\/nadral-zero-3-reprosoustava-sloupova\/","title":{"rendered":"Nadral ZERO 3 reprosoustava sloupov\u00e1"},"content":{"rendered":"<p>\u0160t\u00edhl\u00fd design a p\u0159\u00edjemn\u011b p\u0159esn\u00e1 reprodukce nejni\u017e\u0161\u00edch n\u00edzk\u00fdch kmito\u010dt\u016f charakterizuje sloupovou sestavu Zero 3.<br \/>\nZaujme sv\u00fdm vzdu\u0161n\u00fdm zvukov\u00fdm projevem a designovou vyv\u00e1\u017eenost\u00ed. Barva b\u00edl\u00fd lak.<\/p>\n<p>&nbsp;<\/p>\n<p>Cena je za p\u00e1r<\/p>\n","protected":false},"excerpt":{"rendered":"<h4>Sloupov\u00e1 reprosoustava<\/h4>\n","protected":false},"featured_media":39518,"comment_status":"closed","ping_status":"closed","template":"","meta":[],"pwb-brand":[463],"product_brand":[],"product_cat":[454,82],"product_tag":[455,456,264,85],"class_list":{"0":"post-39462","1":"product","2":"type-product","3":"status-publish","4":"has-post-thumbnail","6":"pwb-brand-nadral","7":"product_cat-nadral","8":"product_cat-reprosoustavy","9":"product_tag-dvoupasmova","10":"product_tag-nadral-wave-guide","11":"product_tag-reprosoustava","12":"product_tag-sloupova","14":"first","15":"onbackorder","16":"taxable","17":"shipping-taxable","18":"purchasable","19":"product-type-simple"},"aioseo_notices":[],"jetpack_sharing_enabled":true,"brands":[{"id":463,"name":"Nadral","slug":"nadral"}],"_links":{"self":[{"href":"https:\/\/www.altei.cz\/hifi\/wp-json\/wp\/v2\/product\/39462","targetHints":{"allow":["GET"]}}],"collection":[{"href":"https:\/\/www.altei.cz\/hifi\/wp-json\/wp\/v2\/product"}],"about":[{"href":"https:\/\/www.altei.cz\/hifi\/wp-json\/wp\/v2\/types\/product"}],"replies":[{"embeddable":true,"href":"https:\/\/www.altei.cz\/hifi\/wp-json\/wp\/v2\/comments?post=39462"}],"wp:featuredmedia":[{"embeddable":true,"href":"https:\/\/www.altei.cz\/hifi\/wp-json\/wp\/v2\/media\/39518"}],"wp:attachment":[{"href":"https:\/\/www.altei.cz\/hifi\/wp-json\/wp\/v2\/media?parent=39462"}],"wp:term":[{"taxonomy":"pwb-brand","embeddable":true,"href":"https:\/\/www.altei.cz\/hifi\/wp-json\/wp\/v2\/pwb-brand?post=39462"},{"taxonomy":"product_brand","embeddable":true,"href":"https:\/\/www.altei.cz\/hifi\/wp-json\/wp\/v2\/product_brand?post=39462"},{"taxonomy":"product_cat","embeddable":true,"href":"https:\/\/www.altei.cz\/hifi\/wp-json\/wp\/v2\/product_cat?post=39462"},{"taxonomy":"product_tag","embeddable":true,"href":"https:\/\/www.altei.cz\/hifi\/wp-json\/wp\/v2\/product_tag?post=39462"}],"curies":[{"name":"wp","href":"https:\/\/api.w.org\/{rel}","templated":true}]}}