{"id":39463,"date":"2022-06-01T22:36:08","date_gmt":"2022-06-01T20:36:08","guid":{"rendered":"https:\/\/www.altei.cz\/hifi\/?post_type=product&#038;p=39463"},"modified":"2023-11-30T14:52:39","modified_gmt":"2023-11-30T13:52:39","slug":"nadral-n-sub","status":"publish","type":"product","link":"https:\/\/www.altei.cz\/hifi\/produkt\/nadral-n-sub\/","title":{"rendered":"Nadral N Sub"},"content":{"rendered":"<p>Vyu\u017e\u00edv\u00e1 kompenzace impuls\u016f dvou naproti sob\u011b ulo\u017een\u00fdch reproduktor\u016f s hlin\u00edkov\u00fdmi membr\u00e1nami. Jejich ploch\u00fd, patentovan\u00fd design, dosahuje vysok\u00e9 \u00fa\u010dinnosti bez n\u00e1rok\u016f na objem ozvu\u010dnice. Disponuje velkou v\u00fdkonovou rezervou a v provozu je dokonale stabiln\u00ed. Barva b\u00edl\u00fd lak.<\/p>\n<p>&nbsp;<\/p>\n<p>Cena je za kus<\/p>\n","protected":false},"excerpt":{"rendered":"<h4>Subwoofer<\/h4>\n","protected":false},"featured_media":39519,"comment_status":"closed","ping_status":"closed","template":"","meta":[],"pwb-brand":[463],"product_brand":[],"product_cat":[454,82],"product_tag":[264,457],"class_list":{"0":"post-39463","1":"product","2":"type-product","3":"status-publish","4":"has-post-thumbnail","6":"pwb-brand-nadral","7":"product_cat-nadral","8":"product_cat-reprosoustavy","9":"product_tag-reprosoustava","10":"product_tag-subwoofer","12":"first","13":"onbackorder","14":"taxable","15":"shipping-taxable","16":"purchasable","17":"product-type-simple"},"aioseo_notices":[],"jetpack_sharing_enabled":true,"brands":[{"id":463,"name":"Nadral","slug":"nadral"}],"_links":{"self":[{"href":"https:\/\/www.altei.cz\/hifi\/wp-json\/wp\/v2\/product\/39463","targetHints":{"allow":["GET"]}}],"collection":[{"href":"https:\/\/www.altei.cz\/hifi\/wp-json\/wp\/v2\/product"}],"about":[{"href":"https:\/\/www.altei.cz\/hifi\/wp-json\/wp\/v2\/types\/product"}],"replies":[{"embeddable":true,"href":"https:\/\/www.altei.cz\/hifi\/wp-json\/wp\/v2\/comments?post=39463"}],"wp:featuredmedia":[{"embeddable":true,"href":"https:\/\/www.altei.cz\/hifi\/wp-json\/wp\/v2\/media\/39519"}],"wp:attachment":[{"href":"https:\/\/www.altei.cz\/hifi\/wp-json\/wp\/v2\/media?parent=39463"}],"wp:term":[{"taxonomy":"pwb-brand","embeddable":true,"href":"https:\/\/www.altei.cz\/hifi\/wp-json\/wp\/v2\/pwb-brand?post=39463"},{"taxonomy":"product_brand","embeddable":true,"href":"https:\/\/www.altei.cz\/hifi\/wp-json\/wp\/v2\/product_brand?post=39463"},{"taxonomy":"product_cat","embeddable":true,"href":"https:\/\/www.altei.cz\/hifi\/wp-json\/wp\/v2\/product_cat?post=39463"},{"taxonomy":"product_tag","embeddable":true,"href":"https:\/\/www.altei.cz\/hifi\/wp-json\/wp\/v2\/product_tag?post=39463"}],"curies":[{"name":"wp","href":"https:\/\/api.w.org\/{rel}","templated":true}]}}