{"id":39464,"date":"2022-06-01T22:36:08","date_gmt":"2022-06-01T20:36:08","guid":{"rendered":"https:\/\/www.altei.cz\/hifi\/?post_type=product&#038;p=39464"},"modified":"2023-11-30T14:52:27","modified_gmt":"2023-11-30T13:52:27","slug":"nadral-zero-3-reference-reprosoustava-sloupova","status":"publish","type":"product","link":"https:\/\/www.altei.cz\/hifi\/produkt\/nadral-zero-3-reference-reprosoustava-sloupova\/","title":{"rendered":"Nadral ZERO 3 Reference reprosoustava sloupov\u00e1"},"content":{"rendered":"<p>Velk\u00e1 sloupov\u00e1 sestava s asymetrickou konstrukc\u00ed na masivn\u00edm mramorov\u00e9m soklu.V\u00fdhybka je usazena v prosklen\u00e9 nadstavb\u011b se \u0161pi\u010dkov\u00fdm AMT reproduktorem a tvo\u0159\u00ed dominantu referen\u010dn\u00edho konceptu. Poskytuje poslucha\u010di jasn\u00fd, harmonicky p\u0159irozen\u00fd zvuk, kter\u00fd ohrom\u00ed svou \u00fa\u017easnou autenticitou. Je ur\u010dena pro poslucha\u010de disponuj\u00edc\u00ed dostate\u010dn\u00fdm prostorem a z\u00e1jmem o v\u00fdjime\u010dn\u00fd z\u00e1\u017eitek z poslechu. Barva b\u00edl\u00fd lak.<\/p>\n<p>&nbsp;<\/p>\n<p>Cena je za p\u00e1r<\/p>\n","protected":false},"excerpt":{"rendered":"<h4>Sloupov\u00e1 reprosoustava<\/h4>\n","protected":false},"featured_media":39520,"comment_status":"closed","ping_status":"closed","template":"","meta":[],"pwb-brand":[463],"product_brand":[],"product_cat":[454,82],"product_tag":[456,264,85],"class_list":{"0":"post-39464","1":"product","2":"type-product","3":"status-publish","4":"has-post-thumbnail","6":"pwb-brand-nadral","7":"product_cat-nadral","8":"product_cat-reprosoustavy","9":"product_tag-nadral-wave-guide","10":"product_tag-reprosoustava","11":"product_tag-sloupova","13":"first","14":"onbackorder","15":"taxable","16":"shipping-taxable","17":"purchasable","18":"product-type-simple"},"aioseo_notices":[],"jetpack_sharing_enabled":true,"brands":[{"id":463,"name":"Nadral","slug":"nadral"}],"_links":{"self":[{"href":"https:\/\/www.altei.cz\/hifi\/wp-json\/wp\/v2\/product\/39464","targetHints":{"allow":["GET"]}}],"collection":[{"href":"https:\/\/www.altei.cz\/hifi\/wp-json\/wp\/v2\/product"}],"about":[{"href":"https:\/\/www.altei.cz\/hifi\/wp-json\/wp\/v2\/types\/product"}],"replies":[{"embeddable":true,"href":"https:\/\/www.altei.cz\/hifi\/wp-json\/wp\/v2\/comments?post=39464"}],"wp:featuredmedia":[{"embeddable":true,"href":"https:\/\/www.altei.cz\/hifi\/wp-json\/wp\/v2\/media\/39520"}],"wp:attachment":[{"href":"https:\/\/www.altei.cz\/hifi\/wp-json\/wp\/v2\/media?parent=39464"}],"wp:term":[{"taxonomy":"pwb-brand","embeddable":true,"href":"https:\/\/www.altei.cz\/hifi\/wp-json\/wp\/v2\/pwb-brand?post=39464"},{"taxonomy":"product_brand","embeddable":true,"href":"https:\/\/www.altei.cz\/hifi\/wp-json\/wp\/v2\/product_brand?post=39464"},{"taxonomy":"product_cat","embeddable":true,"href":"https:\/\/www.altei.cz\/hifi\/wp-json\/wp\/v2\/product_cat?post=39464"},{"taxonomy":"product_tag","embeddable":true,"href":"https:\/\/www.altei.cz\/hifi\/wp-json\/wp\/v2\/product_tag?post=39464"}],"curies":[{"name":"wp","href":"https:\/\/api.w.org\/{rel}","templated":true}]}}