{"id":39650,"date":"2022-06-02T02:42:38","date_gmt":"2022-06-02T00:42:38","guid":{"rendered":"https:\/\/www.altei.cz\/hifi\/?post_type=product&#038;p=39650"},"modified":"2023-11-30T14:51:42","modified_gmt":"2023-11-30T13:51:42","slug":"new-horizon-gramofon-201","status":"publish","type":"product","link":"https:\/\/www.altei.cz\/hifi\/produkt\/new-horizon-gramofon-201\/","title":{"rendered":"New Horizon Gramofon 201"},"content":{"rendered":"<p>Gramofon s \u0159em\u00ednkov\u00fdm pohonem. Hybridn\u00ed rameno NH95, 20 mm akryl\u00e1tov\u00fd tal\u00ed\u0159, p\u0159enoska Audiotechnica AT-VM520EB s eliptick\u00fdm hrotem. V\u00fdstup RCA. Barevn\u00e9 proveden\u00ed \u010dern\u00fd mat, b\u00edl\u00fd polomat. (obr. pouze ilustra\u010dn\u00ed).<\/p>\n","protected":false},"excerpt":{"rendered":"<p class=\"hr hr-invisible avia-builder-el-8 el_after_av_section el_before_av_heading avia-builder-el-first \">Gramofon s \u0159em\u00ednkov\u00fdm pohonem s 9&#8243; ramenem a p\u0159enoskou AT-VM520EB<\/p>\n","protected":false},"featured_media":39653,"comment_status":"closed","ping_status":"closed","template":"","meta":[],"pwb-brand":[364],"product_brand":[],"product_cat":[102,22,368],"product_tag":[292,103,291],"class_list":{"0":"post-39650","1":"product","2":"type-product","3":"status-publish","4":"has-post-thumbnail","6":"pwb-brand-new-horizon","7":"product_cat-gramofony","8":"product_cat-high-end-audio","9":"product_cat-new-horizon","10":"product_tag-analogovy","11":"product_tag-gramofon","12":"product_tag-reminkovy-pohon","14":"first","15":"onbackorder","16":"taxable","17":"shipping-taxable","18":"purchasable","19":"product-type-simple"},"aioseo_notices":[],"jetpack_sharing_enabled":true,"brands":[{"id":364,"name":"New Horizon","slug":"new-horizon"}],"_links":{"self":[{"href":"https:\/\/www.altei.cz\/hifi\/wp-json\/wp\/v2\/product\/39650","targetHints":{"allow":["GET"]}}],"collection":[{"href":"https:\/\/www.altei.cz\/hifi\/wp-json\/wp\/v2\/product"}],"about":[{"href":"https:\/\/www.altei.cz\/hifi\/wp-json\/wp\/v2\/types\/product"}],"replies":[{"embeddable":true,"href":"https:\/\/www.altei.cz\/hifi\/wp-json\/wp\/v2\/comments?post=39650"}],"wp:featuredmedia":[{"embeddable":true,"href":"https:\/\/www.altei.cz\/hifi\/wp-json\/wp\/v2\/media\/39653"}],"wp:attachment":[{"href":"https:\/\/www.altei.cz\/hifi\/wp-json\/wp\/v2\/media?parent=39650"}],"wp:term":[{"taxonomy":"pwb-brand","embeddable":true,"href":"https:\/\/www.altei.cz\/hifi\/wp-json\/wp\/v2\/pwb-brand?post=39650"},{"taxonomy":"product_brand","embeddable":true,"href":"https:\/\/www.altei.cz\/hifi\/wp-json\/wp\/v2\/product_brand?post=39650"},{"taxonomy":"product_cat","embeddable":true,"href":"https:\/\/www.altei.cz\/hifi\/wp-json\/wp\/v2\/product_cat?post=39650"},{"taxonomy":"product_tag","embeddable":true,"href":"https:\/\/www.altei.cz\/hifi\/wp-json\/wp\/v2\/product_tag?post=39650"}],"curies":[{"name":"wp","href":"https:\/\/api.w.org\/{rel}","templated":true}]}}