{"id":39654,"date":"2022-06-02T03:00:21","date_gmt":"2022-06-02T01:00:21","guid":{"rendered":"https:\/\/www.altei.cz\/hifi\/?post_type=product&#038;p=39654"},"modified":"2024-12-27T11:56:45","modified_gmt":"2024-12-27T10:56:45","slug":"new-horizon-gramofon-202-h","status":"publish","type":"product","link":"https:\/\/www.altei.cz\/hifi\/produkt\/new-horizon-gramofon-202-h\/","title":{"rendered":"New Horizon Gramofon 202-H"},"content":{"rendered":"<p>New Horizon Gramofon 202-H je p\u0159ehr\u00e1va\u010d vinyl\u016f s \u0159em\u00ednkov\u00fdm pohonem a dvouvrstv\u00fdm \u0161asi. Hybridn\u00ed rameno NH95, akryl\u00e1tov\u00fd tal\u00ed\u0159 o tlou\u0161\u0165ce 20 mm, japonsk\u00e1 MC p\u0159enoska HANA EH\/EL s eliptick\u00fdm hrotem 15Hz a\u017e 25kHz. V\u00fdstup RCA. Barevn\u00e9 proveden\u00ed \u010dern\u00fd mat, b\u00edl\u00fd polomat. (obr. pouze ilustra\u010dn\u00ed). Vyrobeno v It\u00e1lii<\/p>\n<p>&nbsp;<\/p>\n","protected":false},"excerpt":{"rendered":"<p class=\"hr hr-invisible avia-builder-el-8 el_after_av_section el_before_av_heading avia-builder-el-first \">Gramofon s \u0159em\u00ednkov\u00fdm pohonem s 9&#8243; ramenem a p\u0159enoskou HANA<\/p>\n","protected":false},"featured_media":39643,"comment_status":"closed","ping_status":"closed","template":"","meta":[],"pwb-brand":[364],"product_brand":[],"product_cat":[102,22,368],"product_tag":[292,103,291],"class_list":{"0":"post-39654","1":"product","2":"type-product","3":"status-publish","4":"has-post-thumbnail","6":"pwb-brand-new-horizon","7":"product_cat-gramofony","8":"product_cat-high-end-audio","9":"product_cat-new-horizon","10":"product_tag-analogovy","11":"product_tag-gramofon","12":"product_tag-reminkovy-pohon","14":"first","15":"onbackorder","16":"taxable","17":"shipping-taxable","18":"purchasable","19":"product-type-simple"},"aioseo_notices":[],"jetpack_sharing_enabled":true,"brands":[{"id":364,"name":"New Horizon","slug":"new-horizon"}],"_links":{"self":[{"href":"https:\/\/www.altei.cz\/hifi\/wp-json\/wp\/v2\/product\/39654","targetHints":{"allow":["GET"]}}],"collection":[{"href":"https:\/\/www.altei.cz\/hifi\/wp-json\/wp\/v2\/product"}],"about":[{"href":"https:\/\/www.altei.cz\/hifi\/wp-json\/wp\/v2\/types\/product"}],"replies":[{"embeddable":true,"href":"https:\/\/www.altei.cz\/hifi\/wp-json\/wp\/v2\/comments?post=39654"}],"wp:featuredmedia":[{"embeddable":true,"href":"https:\/\/www.altei.cz\/hifi\/wp-json\/wp\/v2\/media\/39643"}],"wp:attachment":[{"href":"https:\/\/www.altei.cz\/hifi\/wp-json\/wp\/v2\/media?parent=39654"}],"wp:term":[{"taxonomy":"pwb-brand","embeddable":true,"href":"https:\/\/www.altei.cz\/hifi\/wp-json\/wp\/v2\/pwb-brand?post=39654"},{"taxonomy":"product_brand","embeddable":true,"href":"https:\/\/www.altei.cz\/hifi\/wp-json\/wp\/v2\/product_brand?post=39654"},{"taxonomy":"product_cat","embeddable":true,"href":"https:\/\/www.altei.cz\/hifi\/wp-json\/wp\/v2\/product_cat?post=39654"},{"taxonomy":"product_tag","embeddable":true,"href":"https:\/\/www.altei.cz\/hifi\/wp-json\/wp\/v2\/product_tag?post=39654"}],"curies":[{"name":"wp","href":"https:\/\/api.w.org\/{rel}","templated":true}]}}