{"id":39657,"date":"2022-06-02T03:10:52","date_gmt":"2022-06-02T01:10:52","guid":{"rendered":"https:\/\/www.altei.cz\/hifi\/?post_type=product&#038;p=39657"},"modified":"2023-11-30T14:50:36","modified_gmt":"2023-11-30T13:50:36","slug":"new-horizon-gramofon-203","status":"publish","type":"product","link":"https:\/\/www.altei.cz\/hifi\/produkt\/new-horizon-gramofon-203\/","title":{"rendered":"New Horizon Gramofon 203"},"content":{"rendered":"<p>Gramofon s \u0159em\u00ednkov\u00fdm pohonem, s t\u0159\u00edvrstv\u00fdm \u0161asi. Hybridn\u00ed rameno NH95 , 20 mm akryl\u00e1tov\u00fd tal\u00ed\u0159, p\u0159enoska Audiotechnica AT-VM520EB s eliptick\u00fdm hrotem. V\u00fdstup RCA. Barevn\u00e9 proveden\u00ed \u010dern\u00fd mat, b\u00edl\u00fd polomat. (obr. pouze ilustra\u010dn\u00ed).<\/p>\n","protected":false},"excerpt":{"rendered":"<p class=\"hr hr-invisible avia-builder-el-8 el_after_av_section el_before_av_heading avia-builder-el-first \">Gramofon s \u0159em\u00ednkov\u00fdm pohonem s 9&#8243; ramenem a p\u0159enoskou AT-VM520EB<\/p>\n","protected":false},"featured_media":39660,"comment_status":"closed","ping_status":"closed","template":"","meta":[],"pwb-brand":[364],"product_brand":[],"product_cat":[100,102,22,368],"product_tag":[292,103,291],"class_list":{"0":"post-39657","1":"product","2":"type-product","3":"status-publish","4":"has-post-thumbnail","6":"pwb-brand-new-horizon","7":"product_cat-gramofonova-chassis","8":"product_cat-gramofony","9":"product_cat-high-end-audio","10":"product_cat-new-horizon","11":"product_tag-analogovy","12":"product_tag-gramofon","13":"product_tag-reminkovy-pohon","15":"first","16":"onbackorder","17":"taxable","18":"shipping-taxable","19":"purchasable","20":"product-type-simple"},"aioseo_notices":[],"jetpack_sharing_enabled":true,"brands":[{"id":364,"name":"New Horizon","slug":"new-horizon"}],"_links":{"self":[{"href":"https:\/\/www.altei.cz\/hifi\/wp-json\/wp\/v2\/product\/39657","targetHints":{"allow":["GET"]}}],"collection":[{"href":"https:\/\/www.altei.cz\/hifi\/wp-json\/wp\/v2\/product"}],"about":[{"href":"https:\/\/www.altei.cz\/hifi\/wp-json\/wp\/v2\/types\/product"}],"replies":[{"embeddable":true,"href":"https:\/\/www.altei.cz\/hifi\/wp-json\/wp\/v2\/comments?post=39657"}],"wp:featuredmedia":[{"embeddable":true,"href":"https:\/\/www.altei.cz\/hifi\/wp-json\/wp\/v2\/media\/39660"}],"wp:attachment":[{"href":"https:\/\/www.altei.cz\/hifi\/wp-json\/wp\/v2\/media?parent=39657"}],"wp:term":[{"taxonomy":"pwb-brand","embeddable":true,"href":"https:\/\/www.altei.cz\/hifi\/wp-json\/wp\/v2\/pwb-brand?post=39657"},{"taxonomy":"product_brand","embeddable":true,"href":"https:\/\/www.altei.cz\/hifi\/wp-json\/wp\/v2\/product_brand?post=39657"},{"taxonomy":"product_cat","embeddable":true,"href":"https:\/\/www.altei.cz\/hifi\/wp-json\/wp\/v2\/product_cat?post=39657"},{"taxonomy":"product_tag","embeddable":true,"href":"https:\/\/www.altei.cz\/hifi\/wp-json\/wp\/v2\/product_tag?post=39657"}],"curies":[{"name":"wp","href":"https:\/\/api.w.org\/{rel}","templated":true}]}}