{"id":39688,"date":"2022-06-02T09:20:03","date_gmt":"2022-06-02T07:20:03","guid":{"rendered":"https:\/\/www.altei.cz\/hifi\/?post_type=product&#038;p=39688"},"modified":"2025-02-24T09:57:01","modified_gmt":"2025-02-24T08:57:01","slug":"new-horizon-gd-clamp","status":"publish","type":"product","link":"https:\/\/www.altei.cz\/hifi\/produkt\/new-horizon-gd-clamp\/","title":{"rendered":"New Horizon GD Clamp"},"content":{"rendered":"<p>New Horizon GD Clamp je p\u0159\u00edtla\u010dn\u00e9 st\u0159edov\u00e9 z\u00e1va\u017e\u00ed z leteck\u00e9ho Aluminia pro p\u0159ehr\u00e1v\u00e1n\u00ed vinylov\u00fdch desek na gramofonu o hmotnosti 500g.<\/p>\n","protected":false},"excerpt":{"rendered":"<h4 class=\"hr hr-invisible avia-builder-el-8 el_after_av_section el_before_av_heading avia-builder-el-first \">P\u0159\u00edtla\u010dn\u00e9 st\u0159edov\u00e9 z\u00e1va\u017e\u00ed<\/h4>\n","protected":false},"featured_media":39687,"comment_status":"closed","ping_status":"closed","template":"","meta":[],"pwb-brand":[364],"product_brand":[],"product_cat":[232,368],"product_tag":[103,131,553],"class_list":{"0":"post-39688","1":"product","2":"type-product","3":"status-publish","4":"has-post-thumbnail","6":"pwb-brand-new-horizon","7":"product_cat-gramofony-prislusenstvi","8":"product_cat-new-horizon","9":"product_tag-gramofon","10":"product_tag-prislusenstvi","11":"product_tag-vinyl","13":"first","14":"onbackorder","15":"taxable","16":"shipping-taxable","17":"purchasable","18":"product-type-simple"},"aioseo_notices":[],"jetpack_sharing_enabled":true,"brands":[{"id":364,"name":"New Horizon","slug":"new-horizon"}],"_links":{"self":[{"href":"https:\/\/www.altei.cz\/hifi\/wp-json\/wp\/v2\/product\/39688","targetHints":{"allow":["GET"]}}],"collection":[{"href":"https:\/\/www.altei.cz\/hifi\/wp-json\/wp\/v2\/product"}],"about":[{"href":"https:\/\/www.altei.cz\/hifi\/wp-json\/wp\/v2\/types\/product"}],"replies":[{"embeddable":true,"href":"https:\/\/www.altei.cz\/hifi\/wp-json\/wp\/v2\/comments?post=39688"}],"wp:featuredmedia":[{"embeddable":true,"href":"https:\/\/www.altei.cz\/hifi\/wp-json\/wp\/v2\/media\/39687"}],"wp:attachment":[{"href":"https:\/\/www.altei.cz\/hifi\/wp-json\/wp\/v2\/media?parent=39688"}],"wp:term":[{"taxonomy":"pwb-brand","embeddable":true,"href":"https:\/\/www.altei.cz\/hifi\/wp-json\/wp\/v2\/pwb-brand?post=39688"},{"taxonomy":"product_brand","embeddable":true,"href":"https:\/\/www.altei.cz\/hifi\/wp-json\/wp\/v2\/product_brand?post=39688"},{"taxonomy":"product_cat","embeddable":true,"href":"https:\/\/www.altei.cz\/hifi\/wp-json\/wp\/v2\/product_cat?post=39688"},{"taxonomy":"product_tag","embeddable":true,"href":"https:\/\/www.altei.cz\/hifi\/wp-json\/wp\/v2\/product_tag?post=39688"}],"curies":[{"name":"wp","href":"https:\/\/api.w.org\/{rel}","templated":true}]}}