{"id":39692,"date":"2022-06-02T10:05:37","date_gmt":"2022-06-02T08:05:37","guid":{"rendered":"https:\/\/www.altei.cz\/hifi\/?post_type=product&#038;p=39692"},"modified":"2026-04-24T11:23:22","modified_gmt":"2026-04-24T09:23:22","slug":"rtm-r39200-lepici","status":"publish","type":"product","link":"https:\/\/www.altei.cz\/hifi\/produkt\/rtm-r39200-lepici\/","title":{"rendered":"RTM R39200 Lep\u00edc\u00ed p\u00e1s"},"content":{"rendered":"<p>Lep\u00edc\u00ed p\u00e1s modr\u00fd 1\/4&#8243; (6,3mm) s n\u00e1vinem 82 ft (25 m). Cena za 1 kus.<\/p>\n","protected":false},"excerpt":{"rendered":"<h4>Lep\u00edc\u00ed p\u00e1s 1\/4&#8243;<\/h4>\n","protected":false},"featured_media":39693,"comment_status":"open","ping_status":"closed","template":"","meta":[],"pwb-brand":[349],"product_brand":[],"product_cat":[352,350,366],"product_tag":[469],"class_list":{"0":"post-39692","1":"product","2":"type-product","3":"status-publish","4":"has-post-thumbnail","6":"pwb-brand-rtm","7":"product_cat-mgf-pas","8":"product_cat-mgf-pasy","9":"product_cat-rtm","10":"product_tag-lepici-pas-1-4","11":"product_shipping_class-z-1-kg","13":"first","14":"instock","15":"taxable","16":"shipping-taxable","17":"purchasable","18":"product-type-simple"},"aioseo_notices":[],"jetpack_sharing_enabled":true,"brands":[{"id":349,"name":"RTM","slug":"rtm"}],"_links":{"self":[{"href":"https:\/\/www.altei.cz\/hifi\/wp-json\/wp\/v2\/product\/39692","targetHints":{"allow":["GET"]}}],"collection":[{"href":"https:\/\/www.altei.cz\/hifi\/wp-json\/wp\/v2\/product"}],"about":[{"href":"https:\/\/www.altei.cz\/hifi\/wp-json\/wp\/v2\/types\/product"}],"replies":[{"embeddable":true,"href":"https:\/\/www.altei.cz\/hifi\/wp-json\/wp\/v2\/comments?post=39692"}],"wp:featuredmedia":[{"embeddable":true,"href":"https:\/\/www.altei.cz\/hifi\/wp-json\/wp\/v2\/media\/39693"}],"wp:attachment":[{"href":"https:\/\/www.altei.cz\/hifi\/wp-json\/wp\/v2\/media?parent=39692"}],"wp:term":[{"taxonomy":"pwb-brand","embeddable":true,"href":"https:\/\/www.altei.cz\/hifi\/wp-json\/wp\/v2\/pwb-brand?post=39692"},{"taxonomy":"product_brand","embeddable":true,"href":"https:\/\/www.altei.cz\/hifi\/wp-json\/wp\/v2\/product_brand?post=39692"},{"taxonomy":"product_cat","embeddable":true,"href":"https:\/\/www.altei.cz\/hifi\/wp-json\/wp\/v2\/product_cat?post=39692"},{"taxonomy":"product_tag","embeddable":true,"href":"https:\/\/www.altei.cz\/hifi\/wp-json\/wp\/v2\/product_tag?post=39692"}],"curies":[{"name":"wp","href":"https:\/\/api.w.org\/{rel}","templated":true}]}}