{"id":39819,"date":"2022-06-13T11:54:10","date_gmt":"2022-06-13T09:54:10","guid":{"rendered":"https:\/\/www.altei.cz\/hifi\/?post_type=product&#038;p=39819"},"modified":"2026-03-18T22:24:10","modified_gmt":"2026-03-18T21:24:10","slug":"ta-m-200","status":"publish","type":"product","link":"https:\/\/www.altei.cz\/hifi\/produkt\/ta-m-200\/","title":{"rendered":"T+A M 200"},"content":{"rendered":"\n<style type=\"text\/css\" data-created_by=\"avia_inline_auto\" id=\"style-css-av-ufomsc-3778971887161dfd76a604c62d6a7fd0\">\n.flex_column.av-ufomsc-3778971887161dfd76a604c62d6a7fd0{\nborder-radius:0px 0px 0px 0px;\npadding:0px 0px 0px 0px;\n}\n<\/style>\n<div  class='flex_column av-ufomsc-3778971887161dfd76a604c62d6a7fd0 av_one_full  avia-builder-el-0  avia-builder-el-no-sibling  first flex_column_div av-zero-column-padding  '     ><section  class='av_textblock_section av-jrqk2ajk-4c215d931592f7f0a11e6269d8edc9af '   itemscope=\"itemscope\" itemtype=\"https:\/\/schema.org\/CreativeWork\" ><div class='avia_textblock'  itemprop=\"text\" ><p>P\u0159i hled\u00e1n\u00ed optim\u00e1ln\u00ed kombinace kvality zvuku, v\u00fdkonu a \u00fa\u010dinnosti byla vyvinuta zcela nov\u00e1 topologie obvod\u016f, kter\u00e1 kombinuje jedine\u010dnou technologii s\u00ed\u0165ov\u00e9ho nap\u00e1jen\u00ed T+A se sinusovou vlnou a v\u00fdstupn\u00edmi stupni PURIFI Eigentakt\u2122. T\u00edmto zp\u016fsobem se poda\u0159ilo p\u0159em\u011bnit surov\u00fd v\u00fdkon na nep\u0159ekonateln\u00fd audiofilsk\u00fd v\u00fdkon.<br \/>\nVe stupni nap\u011b\u0165ov\u00e9ho zesilova\u010de T+A HV je obvodov\u00e1 technologie, kter\u00e1 je sv\u011btov\u011b unik\u00e1tn\u00ed, zaji\u0161\u0165uje mimo\u0159\u00e1dn\u011b p\u0159irozenou linearitu a z\u00e1rove\u0148 eliminuje drsnou z\u00e1pornou zp\u011btnou vazbu. Sinusov\u00fd s\u00ed\u0165ov\u00fd zdroj dod\u00e1v\u00e1 obrovsk\u00e1 kvanta proudu bez setrva\u010dnosti, zat\u00edmco v\u00fdstupn\u00ed stupn\u011b t\u0159\u00eddy D PURIFI bez n\u00e1mahy dod\u00e1vaj\u00ed 420 W kontinu\u00e1ln\u00edho v\u00fdkonu termin\u00e1l\u016fm reproduktor\u016f do 4 Ohm\u016f, a to bez jak\u00e9hokoli n\u00e1znaku zkreslen\u00ed nebo \u0161umu na pozad\u00ed. Frekven\u010dn\u00ed odezva je zcela line\u00e1rn\u00ed a na rozd\u00edl od b\u011b\u017en\u00fdch zesilova\u010d\u016f t\u0159\u00eddy D &#8211; z\u016fst\u00e1v\u00e1 zcela nez\u00e1visl\u00e1 na z\u00e1t\u011b\u017ei.<br \/>\n\u0160pi\u010dkov\u00fd v\u00fdkonov\u00fd zesilova\u010d 420 W do 4 Ohm\u016f, frekven\u010dn\u00ed odezva 1 Hz-60 kHz, odstup sign\u00e1l\/\u0161um 113 dB, harmonick\u00e9 zkreslen\u00ed &lt; 0,002 %, separace kan\u00e1l\u016f &gt; 103 dB.<br \/>\nVstupy: nesymetrick\u00fd (RCA), symetrick\u00fd (XLR).<br \/>\nHmotnost 5 kg. Rozm\u011bry (V x \u0160 x H) 10 x 32 x 34 cm. Barva st\u0159\u00edbrn\u00e1 a \u010dern\u00e1.<\/p>\n<\/div><\/section><\/div>\n","protected":false},"excerpt":{"rendered":"<h4 class=\"ls-l-1\">V\u00fdkonov\u00fd monoblok<\/h4>\n","protected":false},"featured_media":37317,"comment_status":"closed","ping_status":"closed","template":"","meta":[],"pwb-brand":[152],"product_brand":[],"product_cat":[31,133],"product_tag":[137,114,38,69],"class_list":{"0":"post-39819","1":"product","2":"type-product","3":"status-publish","4":"has-post-thumbnail","6":"pwb-brand-ta","7":"product_cat-ta","8":"product_cat-zesilovace-high-end-audio","9":"product_tag-amplifier","10":"product_tag-monoblok","11":"product_tag-ta-hifi","12":"product_tag-zesilovac","14":"first","15":"onbackorder","16":"taxable","17":"shipping-taxable","18":"purchasable","19":"product-type-simple"},"aioseo_notices":[],"jetpack_sharing_enabled":true,"brands":[{"id":152,"name":"T+A","slug":"ta"}],"_links":{"self":[{"href":"https:\/\/www.altei.cz\/hifi\/wp-json\/wp\/v2\/product\/39819","targetHints":{"allow":["GET"]}}],"collection":[{"href":"https:\/\/www.altei.cz\/hifi\/wp-json\/wp\/v2\/product"}],"about":[{"href":"https:\/\/www.altei.cz\/hifi\/wp-json\/wp\/v2\/types\/product"}],"replies":[{"embeddable":true,"href":"https:\/\/www.altei.cz\/hifi\/wp-json\/wp\/v2\/comments?post=39819"}],"wp:featuredmedia":[{"embeddable":true,"href":"https:\/\/www.altei.cz\/hifi\/wp-json\/wp\/v2\/media\/37317"}],"wp:attachment":[{"href":"https:\/\/www.altei.cz\/hifi\/wp-json\/wp\/v2\/media?parent=39819"}],"wp:term":[{"taxonomy":"pwb-brand","embeddable":true,"href":"https:\/\/www.altei.cz\/hifi\/wp-json\/wp\/v2\/pwb-brand?post=39819"},{"taxonomy":"product_brand","embeddable":true,"href":"https:\/\/www.altei.cz\/hifi\/wp-json\/wp\/v2\/product_brand?post=39819"},{"taxonomy":"product_cat","embeddable":true,"href":"https:\/\/www.altei.cz\/hifi\/wp-json\/wp\/v2\/product_cat?post=39819"},{"taxonomy":"product_tag","embeddable":true,"href":"https:\/\/www.altei.cz\/hifi\/wp-json\/wp\/v2\/product_tag?post=39819"}],"curies":[{"name":"wp","href":"https:\/\/api.w.org\/{rel}","templated":true}]}}