{"id":39846,"date":"2022-07-13T18:41:59","date_gmt":"2022-07-13T16:41:59","guid":{"rendered":"https:\/\/www.altei.cz\/hifi\/?post_type=product&#038;p=39846"},"modified":"2024-02-01T19:07:56","modified_gmt":"2024-02-01T18:07:56","slug":"reed-muse-3c-w","status":"publish","type":"product","link":"https:\/\/www.altei.cz\/hifi\/produkt\/reed-muse-3c-w\/","title":{"rendered":"REED MUSE 3C W"},"content":{"rendered":"<p>REED MUSE 3C W je \u0161pi\u010dkov\u00e9 referen\u010dn\u00ed gramofonov\u00e9 \u0161asi se dv\u011bma motory a s M\u011aNITELN\u00ddM P\u0158EVODEM (t\u0159ec\u00ed nebo \u0159em\u00ednkov\u00fd). Mo\u017enost mont\u00e1\u017ee dvou ramen. Rychlost ot\u00e1\u010dek p\u0159ep\u00ednateln\u00e1 33, 45. Z\u00e1kladn\u00ed cena neobsahuje rameno ani p\u0159enosku. Foto ilustra\u010dn\u00ed. Barva chrom a b\u00edl\u00e1.<\/p>\n<p>Po rozs\u00e1hl\u00e9m zkou\u0161en\u00ed prototyp\u016f a dlouhodob\u00fdch experimentech dosp\u011bli technici spole\u010dnosti <a href=\"http:\/\/www.reed.lt\" target=\"_blank\" rel=\"noopener\">Reed<\/a> k \u0159e\u0161en\u00ed pou\u017e\u00edt pro hlavn\u00ed osu axi\u00e1ln\u00ed kuli\u010dkov\u00e9 lo\u017eisko se zp\u011btn\u00fdm posuvem. Lo\u017eiskov\u00e1 kuli\u010dka je vyrobena bu\u010f z oceli, nebo z keramiky a p\u0159\u00ed\u010dn\u00e9 stability je dosa\u017eeno pou\u017eit\u00edm velmi odoln\u00e9ho a tich\u00e9ho polymerov\u00e9ho kluzn\u00e9ho lo\u017eiska. Symetrick\u00fd syst\u00e9m pohonu je navr\u017een tak, aby se zabr\u00e1nilo radi\u00e1ln\u00edmu zat\u00ed\u017een\u00ed lo\u017eiska, a t\u00edm se minimalizoval mo\u017en\u00fd mechanick\u00fd hluk a zajistila se dlouh\u00e1 \u017eivotnost hlavn\u00edho lo\u017eiska.<\/p>\n<p>Reed Muse 3C je poh\u00e1n\u011bn dv\u011bma stejnosm\u011brn\u00fdmi motory a konstruk\u010dn\u011b je poh\u00e1n\u011bn t\u0159en\u00edm, jeho hlavn\u00ed inovac\u00ed je v\u0161ak mo\u017enost p\u0159estavby na \u0159em\u00ednkov\u00fd pohon b\u011bhem n\u011bkolika minut v\u00fdm\u011bnou trak\u010dn\u00edch v\u00e1le\u010dk\u016f a nasazen\u00edm \u0159emene (a samoz\u0159ejm\u011b nastaven\u00edm p\u0159ep\u00edna\u010de do spr\u00e1vn\u00e9 polohy). Aby bylo zabr\u00e1n\u011bno p\u0159\u00edpadn\u00fdm mechanick\u00fdm vibrac\u00edm, jsou pou\u017eity trak\u010dn\u00ed v\u00e1le\u010dky (a\u0165 u\u017e t\u0159ec\u00ed, nebo \u0159emenov\u00e9) r\u016fzn\u00fdch pr\u016fm\u011br\u016f, kter\u00e9 se ot\u00e1\u010dej\u00ed r\u016fznou rychlost\u00ed a maj\u00ed matematicky nen\u00e1sobn\u00fd pr\u016fm\u011br v\u016f\u010di pr\u016fm\u011bru tal\u00ed\u0159e.<\/p>\n<p>Rychlost disku je stabilizov\u00e1na syst\u00e9mem f\u00e1zov\u011b uzam\u010den\u00e9 smy\u010dky (PLL), tak\u017ee pr\u016fm\u011brn\u00e1 odchylka rychlosti z\u00e1vis\u00ed pouze na parametrech k\u0159emenn\u00e9ho krystalu. Pohon tal\u00ed\u0159e je vybaven mechanick\u00fdmi i elektronick\u00fdmi ochrann\u00fdmi syst\u00e9my.<\/p>\n<p>Reed 3C je tak\u00e9 vybaven elektronick\u00fdm inklinometrem (elektronick\u00e1 vodov\u00e1ha ur\u010den\u00e1 k m\u011b\u0159en\u00ed sklonu\/\u00fahlu n\u00e1klonu oto\u010dn\u00e9ho tal\u00ed\u0159e), kter\u00fd umo\u017e\u0148uje u\u017eivateli dos\u00e1hnout dokonal\u00e9ho horizont\u00e1ln\u00edho vyrovn\u00e1n\u00ed bez pou\u017eit\u00ed dal\u0161\u00edch n\u00e1stroj\u016f.<\/p>\n<p>Gramofon <a href=\"https:\/\/www.altei.cz\/hifi\/reed\/\">REED MUSE 3C W<\/a> lze vybavit jedn\u00edm nebo dv\u011bma ram\u00e9nky s efektivn\u00ed d\u00e9lkou od 9,5&#8243; do 12&#8243;.<\/p>\n<p>REED MUSE 3C W se vyr\u00e1b\u00ed dle specifikac\u00ed z\u00e1kazn\u00edka na objedn\u00e1vku a dodac\u00ed lh\u016fta je 2-4 t\u00fddny<\/p>\n<p>&nbsp;<\/p>\n<div  class='avia-button-wrap av-mlnslm-1f9e0bb50ae309d8d1990e03e9adda58-wrap avia-button-center  avia-builder-el-0  avia-builder-el-no-sibling '><a href='https:\/\/www.altei.cz\/hifi\/reed\/'  class='avia-button av-mlnslm-1f9e0bb50ae309d8d1990e03e9adda58 av-link-btn avia-icon_select-no avia-size-small avia-position-center avia-color-theme-color'   aria-label=\"V\u00edce\"><span class='avia_iconbox_title' >V\u00edce<\/span><\/a><\/div>\n","protected":false},"excerpt":{"rendered":"<h4>Gramofonov\u00e9 \u0161asi se dv\u011bma motory a m\u011bniteln\u00fdm pohonem<\/h4>\n","protected":false},"featured_media":39838,"comment_status":"closed","ping_status":"closed","template":"","meta":[],"pwb-brand":[328],"product_brand":[],"product_cat":[100,22,282],"product_tag":[472,103,286,108,291,471],"class_list":{"0":"post-39846","1":"product","2":"type-product","3":"status-publish","4":"has-post-thumbnail","6":"pwb-brand-reed","7":"product_cat-gramofonova-chassis","8":"product_cat-high-end-audio","9":"product_cat-reed","10":"product_tag-dva-motory","11":"product_tag-gramofon","12":"product_tag-reed","13":"product_tag-referencni","14":"product_tag-reminkovy-pohon","15":"product_tag-treci-pohon","17":"first","18":"onbackorder","19":"taxable","20":"shipping-taxable","21":"purchasable","22":"product-type-simple"},"aioseo_notices":[],"jetpack_sharing_enabled":true,"brands":[{"id":328,"name":"Reed","slug":"reed"}],"_links":{"self":[{"href":"https:\/\/www.altei.cz\/hifi\/wp-json\/wp\/v2\/product\/39846","targetHints":{"allow":["GET"]}}],"collection":[{"href":"https:\/\/www.altei.cz\/hifi\/wp-json\/wp\/v2\/product"}],"about":[{"href":"https:\/\/www.altei.cz\/hifi\/wp-json\/wp\/v2\/types\/product"}],"replies":[{"embeddable":true,"href":"https:\/\/www.altei.cz\/hifi\/wp-json\/wp\/v2\/comments?post=39846"}],"wp:featuredmedia":[{"embeddable":true,"href":"https:\/\/www.altei.cz\/hifi\/wp-json\/wp\/v2\/media\/39838"}],"wp:attachment":[{"href":"https:\/\/www.altei.cz\/hifi\/wp-json\/wp\/v2\/media?parent=39846"}],"wp:term":[{"taxonomy":"pwb-brand","embeddable":true,"href":"https:\/\/www.altei.cz\/hifi\/wp-json\/wp\/v2\/pwb-brand?post=39846"},{"taxonomy":"product_brand","embeddable":true,"href":"https:\/\/www.altei.cz\/hifi\/wp-json\/wp\/v2\/product_brand?post=39846"},{"taxonomy":"product_cat","embeddable":true,"href":"https:\/\/www.altei.cz\/hifi\/wp-json\/wp\/v2\/product_cat?post=39846"},{"taxonomy":"product_tag","embeddable":true,"href":"https:\/\/www.altei.cz\/hifi\/wp-json\/wp\/v2\/product_tag?post=39846"}],"curies":[{"name":"wp","href":"https:\/\/api.w.org\/{rel}","templated":true}]}}