{"id":39854,"date":"2022-08-02T16:08:06","date_gmt":"2022-08-02T14:08:06","guid":{"rendered":"https:\/\/www.altei.cz\/hifi\/?post_type=product&#038;p=39854"},"modified":"2026-02-17T20:23:34","modified_gmt":"2026-02-17T19:23:34","slug":"audio-technica-vm540ml","status":"publish","type":"product","link":"https:\/\/www.altei.cz\/hifi\/produkt\/audio-technica-vm540ml\/","title":{"rendered":"Audio-Technica VM540ML"},"content":{"rendered":"<div class=\"aioseo-col col-xs-12 col-md-9 text-xs-left\">\n<div class=\"settings-content\">\n<div class=\"aioseo-focus-keyphrase-panel\">\n<div class=\"aioseo-keyphrase-tag\"><span class=\"aioseo-add-keyphrase-tag\"><span class=\"keyphrase-name\">Audio-Technica VM540ML <\/span><\/span>je kvalitn\u00ed p\u0159enoska s hrotem MicroLine\u00ae v polymerov\u00e9m t\u011ble \u0159ady 500. Konstrukce s dvojit\u00fdm magnetem (Dual Moving Magnet), hlin\u00edkovou chv\u011bjkou a st\u0159edovou desti\u010dkou separuj\u00edc\u00ed kan\u00e1ly.<\/div>\n<\/div>\n<\/div>\n<\/div>\n<p>Gramofonov\u00e1 p\u0159enoska <span class=\"aioseo-add-keyphrase-tag\"><span class=\"keyphrase-name\">Audio-Technica VM540ML <\/span><\/span>MicroLine\u00ae je hlavn\u00edm modelem \u0159ady 500 v nov\u00e9 \u0159ad\u011b p\u0159enosek VM spole\u010dnosti Audio-Technica &#8211; \u0159ad\u011b, kter\u00e1 se vrac\u00ed k po\u010d\u00e1tk\u016fm spole\u010dnosti A-T jako v\u00fdrobce p\u0159edev\u0161\u00edm \u0161pi\u010dkov\u00fdch gramofonov\u00fdch p\u0159enosek a z\u00e1rove\u0148 vyu\u017e\u00edv\u00e1 dne\u0161n\u00ed pokro\u010dil\u00e9 technologie. Stejn\u011b jako v\u0161echny p\u0159enosky VM je\u00a0 i <span class=\"aioseo-add-keyphrase-tag\"><span class=\"keyphrase-name\">Audio-Technica VM540ML <\/span><\/span>vybavena dvojit\u00fdmi magnety, kter\u00e9 jsou um\u00edst\u011bny tak, aby odpov\u00eddaly lev\u00e9mu a prav\u00e9mu kan\u00e1lu ve stereofonn\u00ed dr\u00e1\u017ece z\u00e1znamu, co\u017e zaji\u0161\u0165uje vynikaj\u00edc\u00ed odd\u011blen\u00ed kan\u00e1l\u016f a roz\u0161\u00ed\u0159enou frekven\u010dn\u00ed odezvu. Hrot p\u0159enosky typu MicroLine\u00ae\u00a0 umo\u017e\u0148uje sledovat dr\u00e1\u017eku z\u00e1znamu s neuv\u011b\u0159itelnou p\u0159esnost\u00ed, co\u017e m\u00e1 za n\u00e1sledek vylad\u011bnou reprodukci zvuku, kter\u00e9 se eliptick\u00e9 a k\u00f3nick\u00e9 hroty jednodu\u0161e nevyrovnaj\u00ed. V\u00edce\u00farov\u0148ov\u00fd tvar hrotu se tak\u00e9 l\u00e9pe opot\u0159ebov\u00e1v\u00e1 ne\u017e jin\u00e9 typy a z\u00e1rove\u0148 sni\u017euje opot\u0159eben\u00ed va\u0161ich desek. Sou\u010d\u00e1st\u00ed dod\u00e1vky je mont\u00e1\u017en\u00ed hardware (\u0161roubky a podlo\u017eky z nemagnetick\u00fdch materi\u00e1l\u016f).<\/p>\n","protected":false},"excerpt":{"rendered":"<p>Gramofonov\u00e1 MM p\u0159enoska s MicroLine hrotem<\/p>\n","protected":false},"featured_media":39856,"comment_status":"open","ping_status":"closed","template":"","meta":[],"pwb-brand":[473],"product_brand":[],"product_cat":[526,157],"product_tag":[318,159],"class_list":{"0":"post-39854","1":"product","2":"type-product","3":"status-publish","4":"has-post-thumbnail","6":"pwb-brand-audiotechnica","7":"product_cat-audio-technica","8":"product_cat-gramofonove-prenosky","9":"product_tag-mm-prenoska","10":"product_tag-prenoska","11":"product_shipping_class-z-1-kg","13":"first","14":"instock","15":"taxable","16":"shipping-taxable","17":"purchasable","18":"product-type-simple"},"aioseo_notices":[],"jetpack_sharing_enabled":true,"brands":[{"id":473,"name":"AudioTechnica","slug":"audiotechnica"}],"_links":{"self":[{"href":"https:\/\/www.altei.cz\/hifi\/wp-json\/wp\/v2\/product\/39854","targetHints":{"allow":["GET"]}}],"collection":[{"href":"https:\/\/www.altei.cz\/hifi\/wp-json\/wp\/v2\/product"}],"about":[{"href":"https:\/\/www.altei.cz\/hifi\/wp-json\/wp\/v2\/types\/product"}],"replies":[{"embeddable":true,"href":"https:\/\/www.altei.cz\/hifi\/wp-json\/wp\/v2\/comments?post=39854"}],"wp:featuredmedia":[{"embeddable":true,"href":"https:\/\/www.altei.cz\/hifi\/wp-json\/wp\/v2\/media\/39856"}],"wp:attachment":[{"href":"https:\/\/www.altei.cz\/hifi\/wp-json\/wp\/v2\/media?parent=39854"}],"wp:term":[{"taxonomy":"pwb-brand","embeddable":true,"href":"https:\/\/www.altei.cz\/hifi\/wp-json\/wp\/v2\/pwb-brand?post=39854"},{"taxonomy":"product_brand","embeddable":true,"href":"https:\/\/www.altei.cz\/hifi\/wp-json\/wp\/v2\/product_brand?post=39854"},{"taxonomy":"product_cat","embeddable":true,"href":"https:\/\/www.altei.cz\/hifi\/wp-json\/wp\/v2\/product_cat?post=39854"},{"taxonomy":"product_tag","embeddable":true,"href":"https:\/\/www.altei.cz\/hifi\/wp-json\/wp\/v2\/product_tag?post=39854"}],"curies":[{"name":"wp","href":"https:\/\/api.w.org\/{rel}","templated":true}]}}