{"id":39869,"date":"2022-08-09T17:13:37","date_gmt":"2022-08-09T15:13:37","guid":{"rendered":"https:\/\/www.altei.cz\/hifi\/?post_type=product&#038;p=39869"},"modified":"2026-03-18T22:22:59","modified_gmt":"2026-03-18T21:22:59","slug":"ta-solitaire-t-b","status":"publish","type":"product","link":"https:\/\/www.altei.cz\/hifi\/produkt\/ta-solitaire-t-b\/","title":{"rendered":"T+A Solitaire T-B"},"content":{"rendered":"\n<style type=\"text\/css\" data-created_by=\"avia_inline_auto\" id=\"style-css-av-ufomsc-3778971887161dfd76a604c62d6a7fd0\">\n.flex_column.av-ufomsc-3778971887161dfd76a604c62d6a7fd0{\nborder-radius:0px 0px 0px 0px;\npadding:0px 0px 0px 0px;\n}\n<\/style>\n<div  class='flex_column av-ufomsc-3778971887161dfd76a604c62d6a7fd0 av_one_full  avia-builder-el-0  avia-builder-el-no-sibling  first flex_column_div av-zero-column-padding  '     ><section  class='av_textblock_section av-jrqk2ajk-3801cb87af272ec5305a12b5981d3d06 '   itemscope=\"itemscope\" itemtype=\"https:\/\/schema.org\/CreativeWork\" ><div class='avia_textblock'  itemprop=\"text\" ><p>Sluch\u00e1tka, kter\u00e1 p\u0159eklenuj\u00ed propast mezi dv\u011bma kategoriemi: audiofilsk\u00e9 a bezdr\u00e1tov\u00e9. Tato uzav\u0159en\u00e1 audiofilsk\u00e1 sluch\u00e1tka zapadnou do jak\u00e9hokoli high end sluch\u00e1tkov\u00e9ho syst\u00e9mu a poskytuj\u00ed vynikaj\u00edc\u00ed kvalitu zvuku, ani\u017e by vy\u017eadovala dal\u0161\u00ed elektronick\u00e9 zpracov\u00e1n\u00ed sign\u00e1lu. P\u0159edchoz\u00ed generace bezdr\u00e1tov\u00fdch sluch\u00e1tek se nemohly kvalitou ani zdaleka rovnat dr\u00e1tov\u00fdm typ\u016fm, ale Solitaire T s pasivn\u00edm tlumen\u00edm, aktivn\u00edm potla\u010den\u00edm \u0161umu a vynikaj\u00edc\u00edmi elektronick\u00fdmi sou\u010d\u00e1stkami s vysoce kvalitn\u00edmi kodeky Bluetooth nab\u00edz\u00ed prakticky stejnou kvalitu p\u0159i bezdr\u00e1tov\u00e9m p\u0159ipojen\u00ed.<br \/>\nSolitaire T v\u0161echny tyto vlastnosti ukr\u00fdvaj\u00ed v nad\u010dasov\u011b elegantn\u00edm designu, kter\u00fd kombinuje inovativn\u00ed mechanick\u00e9 \u0159e\u0161en\u00ed, vysoce kvalitn\u00ed materi\u00e1ly a intuitivn\u00ed ovl\u00e1d\u00e1n\u00ed s v\u00fdrazn\u00fdm, sebev\u011bdom\u00fdm, ale nen\u00e1padn\u00fdm vzhledem.<br \/>\nSolitaire T je mnohem v\u00edc ne\u017e jen p\u00e1r audiofilsk\u00fdch sluch\u00e1tek, cestovn\u00edch sluch\u00e1tek nebo kombinace oboj\u00edho.<br \/>\nP\u0159in\u00e1\u0161\u00ed v\u00e1m hudbu v kvalit\u011b T+A bez ohledu na to, kde se zrovna nach\u00e1z\u00edte: doma, v pr\u00e1ci nebo na cest\u011b za nov\u00fdmi obzory. T+A, a\u0165 jste kdekoli. Barva \u010dern\u00e1.<br \/>\nPomoc\u00ed aplikace T+A Solitaire Companion App, kter\u00e1 je k dispozici v <a href=\"https:\/\/apps.apple.com\/cz\/app\/t-a-solitaire-companion-app\/id6444182313?l=cs\">App Store<\/a> a <a href=\"https:\/\/play.google.com\/store\/apps\/details?id=de.tahifi.solitaire\">Google Play<\/a>, m\u016f\u017eete upravovat ekvaliz\u00e9r, aktualizovat software a vyu\u017e\u00edvat dal\u0161\u00ed funkce.<\/p>\n<p><strong><a href=\"https:\/\/www.hifi-voice.com\/testy-a-recenze\/sluchatka\/4257-t-a-solitaire-t\">Hi-Fi Voice recenze T+A Solitaire T<\/a><\/strong><\/p>\n<div  class='avia-button-wrap av-wmzt3x-c8b412f4fb03b2e61ea469f4385dc0b9-wrap avia-button-center  avia-builder-el-2  avia-builder-el-no-sibling '><a href='https:\/\/www.altei.cz\/hifi\/solitaire-t\/'  class='avia-button av-wmzt3x-c8b412f4fb03b2e61ea469f4385dc0b9 av-link-btn avia-icon_select-no avia-size-small avia-position-center avia-color-theme-color'   aria-label=\"V\u00edce\"><span class='avia_iconbox_title' >V\u00edce<\/span><\/a><\/div>\n<\/div><\/section><\/div>\n","protected":false},"excerpt":{"rendered":"<h4 class=\"ls-l-1\">Dynamick\u00e1 uzav\u0159en\u00e1 sluch\u00e1tka s v\u00edce mo\u017enostmi p\u0159ipojen\u00ed<\/h4>\n","protected":false},"featured_media":39866,"comment_status":"closed","ping_status":"closed","template":"","meta":[],"pwb-brand":[152],"product_brand":[],"product_cat":[117,31],"product_tag":[46,474,119,38,230,517],"class_list":{"0":"post-39869","1":"product","2":"type-product","3":"status-publish","4":"has-post-thumbnail","6":"pwb-brand-ta","7":"product_cat-sluchatka","8":"product_cat-ta","9":"product_tag-bluetooth","10":"product_tag-dynamicka","11":"product_tag-sluchatka","12":"product_tag-ta-hifi","13":"product_tag-usb-c","14":"product_tag-uzavrena","15":"product_shipping_class-z-2-kg","17":"first","18":"instock","19":"taxable","20":"shipping-taxable","21":"purchasable","22":"product-type-simple"},"aioseo_notices":[],"jetpack_sharing_enabled":true,"brands":[{"id":152,"name":"T+A","slug":"ta"}],"_links":{"self":[{"href":"https:\/\/www.altei.cz\/hifi\/wp-json\/wp\/v2\/product\/39869","targetHints":{"allow":["GET"]}}],"collection":[{"href":"https:\/\/www.altei.cz\/hifi\/wp-json\/wp\/v2\/product"}],"about":[{"href":"https:\/\/www.altei.cz\/hifi\/wp-json\/wp\/v2\/types\/product"}],"replies":[{"embeddable":true,"href":"https:\/\/www.altei.cz\/hifi\/wp-json\/wp\/v2\/comments?post=39869"}],"wp:featuredmedia":[{"embeddable":true,"href":"https:\/\/www.altei.cz\/hifi\/wp-json\/wp\/v2\/media\/39866"}],"wp:attachment":[{"href":"https:\/\/www.altei.cz\/hifi\/wp-json\/wp\/v2\/media?parent=39869"}],"wp:term":[{"taxonomy":"pwb-brand","embeddable":true,"href":"https:\/\/www.altei.cz\/hifi\/wp-json\/wp\/v2\/pwb-brand?post=39869"},{"taxonomy":"product_brand","embeddable":true,"href":"https:\/\/www.altei.cz\/hifi\/wp-json\/wp\/v2\/product_brand?post=39869"},{"taxonomy":"product_cat","embeddable":true,"href":"https:\/\/www.altei.cz\/hifi\/wp-json\/wp\/v2\/product_cat?post=39869"},{"taxonomy":"product_tag","embeddable":true,"href":"https:\/\/www.altei.cz\/hifi\/wp-json\/wp\/v2\/product_tag?post=39869"}],"curies":[{"name":"wp","href":"https:\/\/api.w.org\/{rel}","templated":true}]}}