{"id":39870,"date":"2022-08-09T17:17:09","date_gmt":"2022-08-09T15:17:09","guid":{"rendered":"https:\/\/www.altei.cz\/hifi\/?post_type=product&#038;p=39870"},"modified":"2026-03-18T22:21:57","modified_gmt":"2026-03-18T21:21:57","slug":"ta-psd-3100-hv","status":"publish","type":"product","link":"https:\/\/www.altei.cz\/hifi\/produkt\/ta-psd-3100-hv\/","title":{"rendered":"T+A PSD 3100 HV"},"content":{"rendered":"<p><span class=\"VIiyi\" lang=\"cs\"><span class=\"JLqJ4b\" data-language-for-alternatives=\"cs\" data-language-to-translate-into=\"en\" data-phrase-index=\"0\">T+A PSD 3100 HV\u00a0 byl vyvinut s ohledem na po\u017eadavek spojit v\u00fdkon nejlep\u0161\u00edch T+A p\u0159edzesilova\u010d\u016f a p\u0159evodn\u00edk\u016f s pohodln\u00fdm pou\u017e\u00edv\u00e1n\u00edm streamovac\u00edho p\u0159ehr\u00e1va\u010de s v\u00edce zdroji. D\u00edky \u0159ad\u011b digit\u00e1ln\u00edch vstup\u016f, FM, FM-HD, r\u00e1diu DAB i DAB+, slu\u017eb\u00e1m Bluetooth a Connect a streamov\u00e1n\u00ed pro m\u00edstn\u00ed i glob\u00e1ln\u00ed internetov\u00e9 a s\u00ed\u0165ov\u00e9 zdroje je PSD 3100 HV schopen p\u0159\u00edmo p\u0159ev\u00e1d\u011bt v\u0161e digit\u00e1ln\u00ed na analogov\u00e9 sign\u00e1ly \u0161pi\u010dkov\u00e9 kvality. Jako takov\u00fd jej lze pova\u017eovat za d\u016fslednou audiofilskou odpov\u011b\u010f pro v\u0161echny, jejich\u017e hudebn\u00ed sb\u00edrka opustila \u00e9ru CD. T+A PSD 3100 HV je univerz\u00e1ln\u00ed \u0159\u00eddic\u00ed centrum pro High-End syst\u00e9m, kter\u00e9 vy\u017eaduje pouze p\u0159ipojen\u00ed vhodn\u00fdch v\u00fdkonov\u00fdch zesilova\u010d\u016f nebo aktivn\u00edch reproduktor\u016f. Z\u00e1rove\u0148 je toto za\u0159\u00edzen\u00ed zt\u011blesn\u011bn\u00edm nekompromisn\u00ed v\u011bdeck\u00e9 metodiky <a href=\"https:\/\/www.altei.cz\/hifi\/ta-hifi\/\">T+A<\/a>: optim\u00e1ln\u00ed kvalita reprodukce bez \u0161kodliv\u00fdch interakc\u00ed mezi r\u016fzn\u00fdmi analogov\u00fdmi a digit\u00e1ln\u00edmi d\u00edl\u010d\u00edmi sestavami je v multifunk\u010dn\u00edm za\u0159\u00edzen\u00ed mo\u017en\u00e1 pouze tehdy, pokud je zalo\u017eena na jedine\u010dn\u00fdch technologi\u00edch a dlouholet\u00fdch zku\u0161enostech. P\u0159edzesilova\u010d s kmito\u010dtov\u00fdm rozsahem 0,5 Hz \u2013 300 kHz, odstupem sign\u00e1l\/\u0161um 108 \/ 112 dB, separac\u00ed kan\u00e1l\u016f &gt; 110 dB. Preamp m\u00e1 odd\u011blen\u00e9 s\u00ed\u0165ov\u00e9 p\u0159ipojen\u00ed a nap\u00e1jec\u00ed zdroje analogov\u00e9 a digit\u00e1ln\u00ed sekce.<\/span><\/span><\/p>\n<div class=\"text-wrap tlid-copy-target\">\n<div class=\"text-wrap tlid-copy-target\">\n<div class=\"result-shield-container tlid-copy-target\"><span class=\"tlid-translation translation\"><span class=\"VIiyi\" lang=\"cs\"><span class=\"JLqJ4b\" data-language-for-alternatives=\"cs\" data-language-to-translate-into=\"en\" data-phrase-index=\"0\">T+A PSD 3100 HV\u00a0 je standadn\u011b dod\u00e1v\u00e1n ve st\u0159\u00edbrn\u00e9 a titanov\u00e9 barv\u011b. D\u00edky <a title=\"T+A HV Individual\" href=\"https:\/\/www.altei.cz\/hifi\/produkt\/ta-hv-individual\/\">HV Individual<\/a> si ov\u0161em m\u016f\u017eete vybrat barvu dle va\u0161ich p\u0159edstav,<br \/>\n<\/span><\/span><\/span><\/div>\n<div class=\"result-shield-container tlid-copy-target\"><span class=\"tlid-translation translation\"><br \/>\nPro s\u00e9rii HV byla vyvinuta cel\u00e1 \u0159ada unik\u00e1tn\u00edch \u0161pi\u010dkov\u00fdch technologi\u00ed, kter\u00e9 nab\u00edz\u00ed v\u00fdhradn\u011b <a href=\"https:\/\/www.ta-hifi.de\" target=\"_blank\" rel=\"noopener\">T+A<\/a>: zesilova\u010de pracuj\u00ed p\u0159i velmi vysok\u00e9m nap\u011bt\u00ed a maj\u00ed tedy podstatn\u011b v\u00edce line\u00e1rn\u00ed charakter ne\u017e tradi\u010dn\u00ed obvodov\u00e9 \u0159e\u0161en\u00ed; p\u0159ehr\u00e1va\u010de jsou vybaveny samostatn\u00fdmi vysoce v\u00fdkonn\u00fdmi m\u011bni\u010di pro PCM a DSD, obvody pro digit\u00e1ln\u00ed a analogov\u00e9 zpracov\u00e1n\u00ed sign\u00e1lu jsou konzistentn\u011b odd\u011bleny od sebe a specifick\u00e9 podsestavy jsou odd\u011bleny i galvanicky. V\u0161echna za\u0159\u00edzen\u00ed maj\u00ed pln\u011b separovan\u00e9 kan\u00e1ly a jsou navr\u017eena na principu dual mono. Zapojen\u00ed jsou pln\u011b diskr\u00e9tn\u00ed, bez vyu\u017eit\u00ed opera\u010dn\u00edch zesilova\u010d\u016f. V\u00fdstupn\u00ed v\u00fdkon zesilova\u010d\u016f je a\u017e 500 watt\u016f na kan\u00e1l. Mechanick\u00e1 konstrukce v\u0161ech pouzder je mimo\u0159\u00e1dn\u011b sofistikovan\u00e1, zalo\u017een\u00e1 na vnit\u0159n\u00edm r\u00e1mu o tlou\u0161\u0165ce 10 mm vyroben\u00e9m z hlin\u00edkov\u00e9 desky. V\u0161echny sou\u010d\u00e1sti pouzdra jsou vyrobeny z \u010dist\u00e9ho hlin\u00edku, n\u011bkter\u00e9 jsou vyfr\u00e9zov\u00e1ny z masivn\u00edho bloku. Z\u00e1sadn\u011b nejsou pou\u017e\u00edv\u00e1ny \u017e\u00e1dn\u00e9 feromagnetick\u00e9 sou\u010d\u00e1sti.<\/span><\/div>\n<\/div>\n<\/div>\n<div>\n<div class=\"table-body active\" data-toggle-target=\"table-5-1\">\n<div class=\"table-row\"><\/div>\n<\/div>\n<div class=\"table-body active\" data-toggle-target=\"table-5-1\">\n<div class=\"table-row\">\n<div class=\"table-cell t-cell-6\"><\/div>\n<\/div>\n<\/div>\n<\/div>\n<div class=\"tlid-result-transliteration-container result-transliteration-container transliteration-container\"><\/div>\n<p>&nbsp;<\/p>\n","protected":false},"excerpt":{"rendered":"<h4 class=\"ls-l-1\">Streamovac\u00ed p\u0159edzesilova\u010d s DA p\u0159evodn\u00edkem<\/h4>\n","protected":false},"featured_media":39871,"comment_status":"closed","ping_status":"closed","template":"","meta":[],"pwb-brand":[152],"product_brand":[],"product_cat":[40,30,31],"product_tag":[33,49,54,34,57,38,59,136],"class_list":{"0":"post-39870","1":"product","2":"type-product","3":"status-publish","4":"has-post-thumbnail","6":"pwb-brand-ta","7":"product_cat-audio-prevodniky","8":"product_cat-predzesilovace","9":"product_cat-ta","10":"product_tag-dac","11":"product_tag-dsd","12":"product_tag-pcm","13":"product_tag-predzesilovac","14":"product_tag-streaming","15":"product_tag-ta-hifi","16":"product_tag-tidal","17":"product_tag-tuner-dab","19":"first","20":"onbackorder","21":"taxable","22":"shipping-taxable","23":"purchasable","24":"product-type-simple"},"aioseo_notices":[],"jetpack_sharing_enabled":true,"brands":[{"id":152,"name":"T+A","slug":"ta"}],"_links":{"self":[{"href":"https:\/\/www.altei.cz\/hifi\/wp-json\/wp\/v2\/product\/39870","targetHints":{"allow":["GET"]}}],"collection":[{"href":"https:\/\/www.altei.cz\/hifi\/wp-json\/wp\/v2\/product"}],"about":[{"href":"https:\/\/www.altei.cz\/hifi\/wp-json\/wp\/v2\/types\/product"}],"replies":[{"embeddable":true,"href":"https:\/\/www.altei.cz\/hifi\/wp-json\/wp\/v2\/comments?post=39870"}],"wp:featuredmedia":[{"embeddable":true,"href":"https:\/\/www.altei.cz\/hifi\/wp-json\/wp\/v2\/media\/39871"}],"wp:attachment":[{"href":"https:\/\/www.altei.cz\/hifi\/wp-json\/wp\/v2\/media?parent=39870"}],"wp:term":[{"taxonomy":"pwb-brand","embeddable":true,"href":"https:\/\/www.altei.cz\/hifi\/wp-json\/wp\/v2\/pwb-brand?post=39870"},{"taxonomy":"product_brand","embeddable":true,"href":"https:\/\/www.altei.cz\/hifi\/wp-json\/wp\/v2\/product_brand?post=39870"},{"taxonomy":"product_cat","embeddable":true,"href":"https:\/\/www.altei.cz\/hifi\/wp-json\/wp\/v2\/product_cat?post=39870"},{"taxonomy":"product_tag","embeddable":true,"href":"https:\/\/www.altei.cz\/hifi\/wp-json\/wp\/v2\/product_tag?post=39870"}],"curies":[{"name":"wp","href":"https:\/\/api.w.org\/{rel}","templated":true}]}}