{"id":40020,"date":"2022-11-23T18:02:27","date_gmt":"2022-11-23T17:02:27","guid":{"rendered":"https:\/\/www.altei.cz\/hifi\/?post_type=product&#038;p=40020"},"modified":"2026-03-18T20:39:12","modified_gmt":"2026-03-18T19:39:12","slug":"sorane-ssbb","status":"publish","type":"product","link":"https:\/\/www.altei.cz\/hifi\/produkt\/sorane-ssbb\/","title":{"rendered":"Sorane SSBB"},"content":{"rendered":"<section  class='av_textblock_section av-ke9w4g8a-9dc883c59d1f17aef95aa3e0d57af183 '   itemscope=\"itemscope\" itemtype=\"https:\/\/schema.org\/CreativeWork\" ><div class='avia_textblock'  itemprop=\"text\" ><p>Mont\u00e1\u017en\u00ed z\u00e1kladna pro uchycen\u00ed ramene typu SME \u010dern\u00e1.<\/p>\n<\/div><\/section>\n","protected":false},"excerpt":{"rendered":"<h4>Mont\u00e1\u017en\u00ed z\u00e1kladna typu SME \u010dern\u00e1<\/h4>\n","protected":false},"featured_media":40021,"comment_status":"closed","ping_status":"closed","template":"","meta":[],"pwb-brand":[335],"product_brand":[],"product_cat":[236,307],"product_tag":[308,238,309],"class_list":{"0":"post-40020","1":"product","2":"type-product","3":"status-publish","4":"has-post-thumbnail","6":"pwb-brand-sorane","7":"product_cat-gramofonova-ramena","8":"product_cat-sorane","9":"product_tag-abis","10":"product_tag-gramofonove-rameno","11":"product_tag-sorane","12":"product_shipping_class-z-1-kg","14":"first","15":"instock","16":"taxable","17":"shipping-taxable","18":"purchasable","19":"product-type-simple"},"aioseo_notices":[],"jetpack_sharing_enabled":true,"brands":[{"id":335,"name":"Sorane","slug":"sorane"}],"_links":{"self":[{"href":"https:\/\/www.altei.cz\/hifi\/wp-json\/wp\/v2\/product\/40020","targetHints":{"allow":["GET"]}}],"collection":[{"href":"https:\/\/www.altei.cz\/hifi\/wp-json\/wp\/v2\/product"}],"about":[{"href":"https:\/\/www.altei.cz\/hifi\/wp-json\/wp\/v2\/types\/product"}],"replies":[{"embeddable":true,"href":"https:\/\/www.altei.cz\/hifi\/wp-json\/wp\/v2\/comments?post=40020"}],"wp:featuredmedia":[{"embeddable":true,"href":"https:\/\/www.altei.cz\/hifi\/wp-json\/wp\/v2\/media\/40021"}],"wp:attachment":[{"href":"https:\/\/www.altei.cz\/hifi\/wp-json\/wp\/v2\/media?parent=40020"}],"wp:term":[{"taxonomy":"pwb-brand","embeddable":true,"href":"https:\/\/www.altei.cz\/hifi\/wp-json\/wp\/v2\/pwb-brand?post=40020"},{"taxonomy":"product_brand","embeddable":true,"href":"https:\/\/www.altei.cz\/hifi\/wp-json\/wp\/v2\/product_brand?post=40020"},{"taxonomy":"product_cat","embeddable":true,"href":"https:\/\/www.altei.cz\/hifi\/wp-json\/wp\/v2\/product_cat?post=40020"},{"taxonomy":"product_tag","embeddable":true,"href":"https:\/\/www.altei.cz\/hifi\/wp-json\/wp\/v2\/product_tag?post=40020"}],"curies":[{"name":"wp","href":"https:\/\/api.w.org\/{rel}","templated":true}]}}