{"id":40033,"date":"2022-11-23T18:21:16","date_gmt":"2022-11-23T17:21:16","guid":{"rendered":"https:\/\/www.altei.cz\/hifi\/?post_type=product&#038;p=40033"},"modified":"2026-03-18T20:37:25","modified_gmt":"2026-03-18T19:37:25","slug":"sorane-hks-30","status":"publish","type":"product","link":"https:\/\/www.altei.cz\/hifi\/produkt\/sorane-hks-30\/","title":{"rendered":"Sorane HKS-30"},"content":{"rendered":"<section  class='av_textblock_section av-ke9w4g8a-9dc883c59d1f17aef95aa3e0d57af183 '   itemscope=\"itemscope\" itemtype=\"https:\/\/schema.org\/CreativeWork\" ><div class='avia_textblock'  itemprop=\"text\" ><p>Sada 3 kus\u016f Premium hlavi\u010dek pro p\u0159enosku v d\u0159ev\u011bn\u00e9m boxu<\/p>\n<\/div><\/section>\n","protected":false},"excerpt":{"rendered":"<h4>Standard hlavi\u010dka pro p\u0159enosku<\/h4>\n","protected":false},"featured_media":40034,"comment_status":"closed","ping_status":"closed","template":"","meta":[],"pwb-brand":[335],"product_brand":[],"product_cat":[236,307],"product_tag":[308,238,309],"class_list":{"0":"post-40033","1":"product","2":"type-product","3":"status-publish","4":"has-post-thumbnail","6":"pwb-brand-sorane","7":"product_cat-gramofonova-ramena","8":"product_cat-sorane","9":"product_tag-abis","10":"product_tag-gramofonove-rameno","11":"product_tag-sorane","12":"product_shipping_class-z-5-kg","14":"first","15":"onbackorder","16":"taxable","17":"shipping-taxable","18":"purchasable","19":"product-type-simple"},"aioseo_notices":[],"jetpack_sharing_enabled":true,"brands":[{"id":335,"name":"Sorane","slug":"sorane"}],"_links":{"self":[{"href":"https:\/\/www.altei.cz\/hifi\/wp-json\/wp\/v2\/product\/40033","targetHints":{"allow":["GET"]}}],"collection":[{"href":"https:\/\/www.altei.cz\/hifi\/wp-json\/wp\/v2\/product"}],"about":[{"href":"https:\/\/www.altei.cz\/hifi\/wp-json\/wp\/v2\/types\/product"}],"replies":[{"embeddable":true,"href":"https:\/\/www.altei.cz\/hifi\/wp-json\/wp\/v2\/comments?post=40033"}],"wp:featuredmedia":[{"embeddable":true,"href":"https:\/\/www.altei.cz\/hifi\/wp-json\/wp\/v2\/media\/40034"}],"wp:attachment":[{"href":"https:\/\/www.altei.cz\/hifi\/wp-json\/wp\/v2\/media?parent=40033"}],"wp:term":[{"taxonomy":"pwb-brand","embeddable":true,"href":"https:\/\/www.altei.cz\/hifi\/wp-json\/wp\/v2\/pwb-brand?post=40033"},{"taxonomy":"product_brand","embeddable":true,"href":"https:\/\/www.altei.cz\/hifi\/wp-json\/wp\/v2\/product_brand?post=40033"},{"taxonomy":"product_cat","embeddable":true,"href":"https:\/\/www.altei.cz\/hifi\/wp-json\/wp\/v2\/product_cat?post=40033"},{"taxonomy":"product_tag","embeddable":true,"href":"https:\/\/www.altei.cz\/hifi\/wp-json\/wp\/v2\/product_tag?post=40033"}],"curies":[{"name":"wp","href":"https:\/\/api.w.org\/{rel}","templated":true}]}}