{"id":40094,"date":"2022-12-05T15:52:25","date_gmt":"2022-12-05T14:52:25","guid":{"rendered":"https:\/\/www.altei.cz\/hifi\/?post_type=product&#038;p=40094"},"modified":"2024-02-21T20:00:03","modified_gmt":"2024-02-21T19:00:03","slug":"oldstep-monoblok-pam-20w","status":"publish","type":"product","link":"https:\/\/www.altei.cz\/hifi\/produkt\/oldstep-monoblok-pam-20w\/","title":{"rendered":"OldStep Monoblok PAM 20W"},"content":{"rendered":"<p><span id=\"page30R_mcid35\" class=\"markedContent\"><span dir=\"ltr\" role=\"presentation\">High End koncov\u00e9 v\u00fdkonov\u00e9 zesilova<\/span><span dir=\"ltr\" role=\"presentation\">\u010de, polovodi\u010dov\u00e1 konstrukce t\u0159\u00eddy A, <\/span><span dir=\"ltr\" role=\"presentation\">ide\u00e1ln\u00ed v zapojen\u00ed s p\u0159edzesilova\u010dem <\/span><span dir=\"ltr\" role=\"presentation\">Comfort, ale i jin\u00fdm p\u0159edzesilova\u010dem. <\/span><span dir=\"ltr\" role=\"presentation\">V\u00fdkon 20W na kan\u00e1l. S p\u0159edzesilova<\/span><span dir=\"ltr\" role=\"presentation\">\u010dem Comfort mo\u017enost integrovan\u00e9ho <\/span><span dir=\"ltr\" role=\"presentation\">vyp\u00edn\u00e1n\u00ed a zap\u00edn\u00e1n\u00ed cel\u00e9 soustavy.<\/span><\/span><\/p>\n<p>&nbsp;<\/p>\n<p>Cena za p\u00e1r<\/p>\n<p>&nbsp;<\/p>\n","protected":false},"excerpt":{"rendered":"<h4>Koncov\u00fd zesilova\u010d monoblok ve t\u0159\u00edd\u011b A<\/h4>\n","protected":false},"featured_media":40095,"comment_status":"closed","ping_status":"closed","template":"","meta":[],"pwb-brand":[458],"product_brand":[],"product_cat":[315,133],"product_tag":[316,114,69],"class_list":{"0":"post-40094","1":"product","2":"type-product","3":"status-publish","4":"has-post-thumbnail","6":"pwb-brand-oldstep","7":"product_cat-oldstep","8":"product_cat-zesilovace-high-end-audio","9":"product_tag-class-a","10":"product_tag-monoblok","11":"product_tag-zesilovac","13":"first","14":"instock","15":"taxable","16":"shipping-taxable","17":"purchasable","18":"product-type-simple"},"aioseo_notices":[],"jetpack_sharing_enabled":true,"brands":[{"id":458,"name":"OldStep","slug":"oldstep"}],"_links":{"self":[{"href":"https:\/\/www.altei.cz\/hifi\/wp-json\/wp\/v2\/product\/40094","targetHints":{"allow":["GET"]}}],"collection":[{"href":"https:\/\/www.altei.cz\/hifi\/wp-json\/wp\/v2\/product"}],"about":[{"href":"https:\/\/www.altei.cz\/hifi\/wp-json\/wp\/v2\/types\/product"}],"replies":[{"embeddable":true,"href":"https:\/\/www.altei.cz\/hifi\/wp-json\/wp\/v2\/comments?post=40094"}],"wp:featuredmedia":[{"embeddable":true,"href":"https:\/\/www.altei.cz\/hifi\/wp-json\/wp\/v2\/media\/40095"}],"wp:attachment":[{"href":"https:\/\/www.altei.cz\/hifi\/wp-json\/wp\/v2\/media?parent=40094"}],"wp:term":[{"taxonomy":"pwb-brand","embeddable":true,"href":"https:\/\/www.altei.cz\/hifi\/wp-json\/wp\/v2\/pwb-brand?post=40094"},{"taxonomy":"product_brand","embeddable":true,"href":"https:\/\/www.altei.cz\/hifi\/wp-json\/wp\/v2\/product_brand?post=40094"},{"taxonomy":"product_cat","embeddable":true,"href":"https:\/\/www.altei.cz\/hifi\/wp-json\/wp\/v2\/product_cat?post=40094"},{"taxonomy":"product_tag","embeddable":true,"href":"https:\/\/www.altei.cz\/hifi\/wp-json\/wp\/v2\/product_tag?post=40094"}],"curies":[{"name":"wp","href":"https:\/\/api.w.org\/{rel}","templated":true}]}}