{"id":40129,"date":"2022-12-08T13:41:28","date_gmt":"2022-12-08T12:41:28","guid":{"rendered":"https:\/\/www.altei.cz\/hifi\/?post_type=product&#038;p=40129"},"modified":"2024-04-16T14:30:15","modified_gmt":"2024-04-16T12:30:15","slug":"ta-audio-triax-carbon-rca-3m","status":"publish","type":"product","link":"https:\/\/www.altei.cz\/hifi\/produkt\/ta-audio-triax-carbon-rca-3m\/","title":{"rendered":"T+A AUDIO TRIAX Carbon RCA\/3m"},"content":{"rendered":"\n<style type=\"text\/css\" data-created_by=\"avia_inline_auto\" id=\"style-css-av-ufomsc-3778971887161dfd76a604c62d6a7fd0\">\n.flex_column.av-ufomsc-3778971887161dfd76a604c62d6a7fd0{\nborder-radius:0px 0px 0px 0px;\npadding:0px 0px 0px 0px;\n}\n<\/style>\n<div  class='flex_column av-ufomsc-3778971887161dfd76a604c62d6a7fd0 av_one_full  avia-builder-el-0  avia-builder-el-no-sibling  first flex_column_div av-zero-column-padding  '     ><section  class='av_textblock_section av-jrqk2ajk-3801cb87af272ec5305a12b5981d3d06 '   itemscope=\"itemscope\" itemtype=\"https:\/\/schema.org\/CreativeWork\" ><div class='avia_textblock'  itemprop=\"text\" ><p>Po\u017eadavky na vysoce kvalitn\u00ed audio kabely se z\u00e1sadn\u011b li\u0161\u00ed od po\u017eadavk\u016f na kabely pro reproduktory. P\u0159en\u00e1\u0161ej\u00ed sign\u00e1ly v \u0159\u00e1du milivolt\u016f a prot\u00e9kaj\u00edc\u00ed proudy jsou relativn\u011b n\u00edzk\u00e9. Proto v T+A vyvinuli speci\u00e1ln\u00ed kabelov\u00e9 syst\u00e9my, kter\u00e9 dokonale spl\u0148uj\u00ed v\u0161echny tyto po\u017eadavky.<\/p>\n<ul>\n<li>Sada dvou audio kabel\u016f Audio Triax (Carbon)<\/li>\n<li>Konektory: RCA<\/li>\n<li>D\u00e9lka: 3 m<\/li>\n<\/ul>\n<div class=\"tlid-result-transliteration-container result-transliteration-container transliteration-container\">\n<div class=\"tlid-transliteration-content transliteration-content full\"><\/div>\n<\/div>\n<\/div><\/section><\/div>\n","protected":false},"excerpt":{"rendered":"<h4 class=\"ls-l-1\">Sada audio kabel\u016f<\/h4>\n","protected":false},"featured_media":40124,"comment_status":"closed","ping_status":"closed","template":"","meta":[],"pwb-brand":[152],"product_brand":[],"product_cat":[75,31],"product_tag":[72,38,128],"class_list":{"0":"post-40129","1":"product","2":"type-product","3":"status-publish","4":"has-post-thumbnail","6":"pwb-brand-ta","7":"product_cat-kabely-a-redukce","8":"product_cat-ta","9":"product_tag-kabel","10":"product_tag-ta-hifi","11":"product_tag-xlr","13":"first","14":"onbackorder","15":"taxable","16":"shipping-taxable","17":"purchasable","18":"product-type-simple"},"aioseo_notices":[],"jetpack_sharing_enabled":true,"brands":[{"id":152,"name":"T+A","slug":"ta"}],"_links":{"self":[{"href":"https:\/\/www.altei.cz\/hifi\/wp-json\/wp\/v2\/product\/40129","targetHints":{"allow":["GET"]}}],"collection":[{"href":"https:\/\/www.altei.cz\/hifi\/wp-json\/wp\/v2\/product"}],"about":[{"href":"https:\/\/www.altei.cz\/hifi\/wp-json\/wp\/v2\/types\/product"}],"replies":[{"embeddable":true,"href":"https:\/\/www.altei.cz\/hifi\/wp-json\/wp\/v2\/comments?post=40129"}],"wp:featuredmedia":[{"embeddable":true,"href":"https:\/\/www.altei.cz\/hifi\/wp-json\/wp\/v2\/media\/40124"}],"wp:attachment":[{"href":"https:\/\/www.altei.cz\/hifi\/wp-json\/wp\/v2\/media?parent=40129"}],"wp:term":[{"taxonomy":"pwb-brand","embeddable":true,"href":"https:\/\/www.altei.cz\/hifi\/wp-json\/wp\/v2\/pwb-brand?post=40129"},{"taxonomy":"product_brand","embeddable":true,"href":"https:\/\/www.altei.cz\/hifi\/wp-json\/wp\/v2\/product_brand?post=40129"},{"taxonomy":"product_cat","embeddable":true,"href":"https:\/\/www.altei.cz\/hifi\/wp-json\/wp\/v2\/product_cat?post=40129"},{"taxonomy":"product_tag","embeddable":true,"href":"https:\/\/www.altei.cz\/hifi\/wp-json\/wp\/v2\/product_tag?post=40129"}],"curies":[{"name":"wp","href":"https:\/\/api.w.org\/{rel}","templated":true}]}}