{"id":40143,"date":"2022-12-08T15:41:29","date_gmt":"2022-12-08T14:41:29","guid":{"rendered":"https:\/\/www.altei.cz\/hifi\/?post_type=product&#038;p=40143"},"modified":"2025-09-23T10:46:50","modified_gmt":"2025-09-23T08:46:50","slug":"ta-power-three-carbon-c13-3m","status":"publish","type":"product","link":"https:\/\/www.altei.cz\/hifi\/produkt\/ta-power-three-carbon-c13-3m\/","title":{"rendered":"T+A POWER THREE Carbon HD C13\/3m"},"content":{"rendered":"<p>T+A POWER THREE Carbon HD je High-end s\u00ed\u0165ov\u00fd kabel velmi odoln\u00e9 konstrukce s \u00fa\u010dinn\u00fdm st\u00edn\u011bn\u00edm. Velk\u00e9 pr\u016f\u0159ezy vodi\u010d\u016f pro velmi vysokou proudovou zat\u00ed\u017eitelnost.<\/p>\n<p>Konstrukce kabelu T+A POWER THREE je jednou z nejlep\u0161\u00edch mo\u017en\u00fdch z hlediska mechanick\u00fdch, elektrick\u00fdch a materi\u00e1lov\u00fdch vlastnost\u00ed. Ka\u017ed\u00fd kabel je tak\u00e9 vybaven posuvn\u00fdm filtrem pro blokov\u00e1n\u00ed proudu ve st\u00edn\u011bn\u00ed. Pou\u017eit\u00e9 s\u00ed\u0165ov\u00e9 z\u00e1str\u010dky a z\u00e1suvky IEC jsou velmi robustn\u00ed a odoln\u00e9. Voliteln\u011b se dod\u00e1v\u00e1 i velkou verzi z\u00e1suvky C19, kter\u00e1 je schv\u00e1lena pro 16 A.<br \/>\nTyto z\u00e1suvky jsou pot\u0159ebn\u00e9 nap\u0159\u00edklad pro pou\u017eit\u00ed s vysoce v\u00fdkonn\u00fdmi koncov\u00fdmi stupni a s\u00ed\u0165ov\u00fdmi zdroji, kter\u00e9 jsou sou\u010d\u00e1st\u00ed\u00a0 \u0159ady HV.<br \/>\nPou\u017eit\u00ed kabelu Power Three HD vede k \u010dist\u00e9mu, otev\u0159en\u00e9mu a \u017eiv\u00e9mu zvukov\u00e9mu obrazu, a\u010dkoli m\u00edra zlep\u0161en\u00ed zvuku se velmi li\u0161\u00ed podle skute\u010dn\u00e9 \u00farovn\u011b zne\u010di\u0161t\u011bn\u00ed v nap\u00e1jec\u00ed s\u00edti: \u010d\u00edm v\u00fdrazn\u011bj\u0161\u00ed je ru\u0161en\u00ed v s\u00edti, t\u00edm v\u00fdrazn\u011bj\u0161\u00ed je zlep\u0161en\u00ed zvuku, kter\u00e9 kabel Power Three p\u0159in\u00e1\u0161\u00ed.<\/p>\n<p>&nbsp;<\/p>\n<p>Power Three HD je jedn\u00edm z nejlep\u0161\u00edch a nejkomplexn\u011bj\u0161\u00edch s\u00ed\u0165ov\u00fdch kabel\u016f na trhu. Kabel m\u00e1 tlou\u0161\u0165ku 11 mm a je extr\u00e9mn\u011b kompaktn\u00ed konstrukce, aby se zabr\u00e1nilo jak\u00fdmkoli stop\u00e1m rezonance nebo oscilac\u00ed i p\u0159i pr\u016ftoku vysok\u00fdch proud\u016f. Tvrd\u00fd vn\u011bj\u0161\u00ed pl\u00e1\u0161\u0165 z antistatick\u00e9ho PVC obklopuje hust\u00fd oplet z PE monofilamentu, kter\u00fd zaji\u0161\u0165uje mechanick\u00e9 tlumen\u00ed. Pod n\u00edm se nach\u00e1z\u00ed dal\u0161\u00ed vysoce kvalitn\u00ed izol\u00e1tor, kter\u00fd uzav\u00edr\u00e1 hlin\u00edkov\u00e9 st\u00edn\u011bn\u00ed z PET f\u00f3lie se st\u00ednic\u00edm dr\u00e1tem, kter\u00fd je trvale laminov\u00e1n na PP f\u00f3lii. Uvnit\u0159 j\u00e1dra jsou t\u0159i sto\u010den\u00e9 kabely, ka\u017ed\u00fd o pr\u016f\u0159ezu 1,5 mm\u00b2. Ka\u017ed\u00fd z t\u011bchto t\u0159\u00ed vodi\u010d\u016f se skl\u00e1d\u00e1 ze svazku t\u0159iceti pevn\u011b sto\u010den\u00fdch \u017eil z vysoce \u010dist\u00e9 bezkysl\u00edkat\u00e9 m\u011bdi, kter\u00e9 jsou zase obaleny vysoce kvalitn\u00edm PE izol\u00e1torem.<\/p>\n<p>&nbsp;<\/p>\n<p>&nbsp;<\/p>\n<div class=\"tlid-result-transliteration-container result-transliteration-container transliteration-container\">\n<div class=\"tlid-transliteration-content transliteration-content full\">Konektor C13<\/div>\n<div>D\u00e9lka 3 m<\/div>\n<\/div>\n<p>&nbsp;<\/p>\n","protected":false},"excerpt":{"rendered":"<h4 class=\"ls-l-1\">S\u00ed\u0165ov\u00fd kabel<\/h4>\n","protected":false},"featured_media":41603,"comment_status":"closed","ping_status":"closed","template":"","meta":[],"pwb-brand":[152],"product_brand":[],"product_cat":[75,31],"product_tag":[72,524,38],"class_list":{"0":"post-40143","1":"product","2":"type-product","3":"status-publish","4":"has-post-thumbnail","6":"pwb-brand-ta","7":"product_cat-kabely-a-redukce","8":"product_cat-ta","9":"product_tag-kabel","10":"product_tag-sitovy-kabel","11":"product_tag-ta-hifi","12":"product_shipping_class-z-2-kg","14":"first","15":"onbackorder","16":"taxable","17":"shipping-taxable","18":"purchasable","19":"product-type-simple"},"aioseo_notices":[],"jetpack_sharing_enabled":true,"brands":[{"id":152,"name":"T+A","slug":"ta"}],"_links":{"self":[{"href":"https:\/\/www.altei.cz\/hifi\/wp-json\/wp\/v2\/product\/40143","targetHints":{"allow":["GET"]}}],"collection":[{"href":"https:\/\/www.altei.cz\/hifi\/wp-json\/wp\/v2\/product"}],"about":[{"href":"https:\/\/www.altei.cz\/hifi\/wp-json\/wp\/v2\/types\/product"}],"replies":[{"embeddable":true,"href":"https:\/\/www.altei.cz\/hifi\/wp-json\/wp\/v2\/comments?post=40143"}],"wp:featuredmedia":[{"embeddable":true,"href":"https:\/\/www.altei.cz\/hifi\/wp-json\/wp\/v2\/media\/41603"}],"wp:attachment":[{"href":"https:\/\/www.altei.cz\/hifi\/wp-json\/wp\/v2\/media?parent=40143"}],"wp:term":[{"taxonomy":"pwb-brand","embeddable":true,"href":"https:\/\/www.altei.cz\/hifi\/wp-json\/wp\/v2\/pwb-brand?post=40143"},{"taxonomy":"product_brand","embeddable":true,"href":"https:\/\/www.altei.cz\/hifi\/wp-json\/wp\/v2\/product_brand?post=40143"},{"taxonomy":"product_cat","embeddable":true,"href":"https:\/\/www.altei.cz\/hifi\/wp-json\/wp\/v2\/product_cat?post=40143"},{"taxonomy":"product_tag","embeddable":true,"href":"https:\/\/www.altei.cz\/hifi\/wp-json\/wp\/v2\/product_tag?post=40143"}],"curies":[{"name":"wp","href":"https:\/\/api.w.org\/{rel}","templated":true}]}}