{"id":40195,"date":"2022-12-13T10:06:39","date_gmt":"2022-12-13T09:06:39","guid":{"rendered":"https:\/\/www.altei.cz\/hifi\/?post_type=product&#038;p=40195"},"modified":"2025-09-24T14:08:41","modified_gmt":"2025-09-24T12:08:41","slug":"soundstream-m20","status":"publish","type":"product","link":"https:\/\/www.altei.cz\/hifi\/produkt\/soundstream-m20\/","title":{"rendered":"iEast SoundStream M20 (EX-DEMO)"},"content":{"rendered":"<ul>\n<li>Ovl\u00e1d\u00e1n\u00ed a nastavov\u00e1n\u00ed pomoc\u00ed iEast aplikace<\/li>\n<li>Mo\u017enost ovl\u00e1d\u00e1n\u00ed streamov\u00e1n\u00ed pomoc\u00ed DLNA aplikace (funkce DLNA renderer)<\/li>\n<li>Streamov\u00e1n\u00ed z\u00a0pam\u011bti telefonu \u010di tabletu<\/li>\n<li>Streamov\u00e1n\u00ed z\u00a0dom\u00e1c\u00edho NAS serveru<\/li>\n<li>Podpora obl\u00edben\u00fdch hudebn\u00edch on-line slu\u017eeb jako Spotify, Qobuz, Tidal, Pandora, vTuner, Napster, TuneIn, iHeartRadio atd. (nab\u00eddka se li\u0161\u00ed dle regionu).<\/li>\n<li>Kompatibilita se streamov\u00e1n\u00edm AirPlay z Mac OSX, iOS a iTunes (nemus\u00ed v\u0161ak b\u00fdt podporov\u00e1no u v\u0161ech verz\u00ed)<\/li>\n<li>Mo\u017enost vytvo\u0159en\u00ed v\u00edcez\u00f3nov\u00e9ho syst\u00e9mu (multiroom) pomoc\u00ed v\u00edce p\u0159\u00edstroj\u016f iEast v jedn\u00e9 s\u00edti \u2013 lze p\u0159ehr\u00e1vat v ka\u017ed\u00e9 z\u00f3n\u011b jin\u00fd zdroj, nebo synchronizovan\u011b stejn\u00fd zdroj ve v\u0161ech z\u00f3n\u00e1ch najednou.<\/li>\n<li>\u010casovan\u00e9 vypnut\u00ed<\/li>\n<li>Nastaviteln\u00fd bud\u00edk<\/li>\n<li>Analogov\u00fd i digit\u00e1ln\u00ed v\u00fdstup<\/li>\n<li>P\u0159ipojen\u00ed po WiFi \u010di kabelu (Ethernetov\u00fd port)<\/li>\n<\/ul>\n<p><strong>DEMO kus<\/strong><\/p>\n","protected":false},"excerpt":{"rendered":"<p>Bezdr\u00e1tov\u00fd audio streamer<\/p>\n","protected":false},"featured_media":40202,"comment_status":"open","ping_status":"closed","template":"","meta":[],"pwb-brand":[492],"product_brand":[],"product_cat":[258,25],"product_tag":[66,28,59],"class_list":{"0":"post-40195","1":"product","2":"type-product","3":"status-publish","4":"has-post-thumbnail","6":"pwb-brand-ieast","7":"product_cat-b-stock","8":"product_cat-streamovaci-prehravace","9":"product_tag-hi-fi","10":"product_tag-sitove-prehravace","11":"product_tag-tidal","13":"first","14":"instock","15":"taxable","16":"shipping-taxable","17":"purchasable","18":"product-type-simple"},"aioseo_notices":[],"jetpack_sharing_enabled":true,"brands":[{"id":492,"name":"iEast","slug":"ieast"}],"_links":{"self":[{"href":"https:\/\/www.altei.cz\/hifi\/wp-json\/wp\/v2\/product\/40195","targetHints":{"allow":["GET"]}}],"collection":[{"href":"https:\/\/www.altei.cz\/hifi\/wp-json\/wp\/v2\/product"}],"about":[{"href":"https:\/\/www.altei.cz\/hifi\/wp-json\/wp\/v2\/types\/product"}],"replies":[{"embeddable":true,"href":"https:\/\/www.altei.cz\/hifi\/wp-json\/wp\/v2\/comments?post=40195"}],"wp:featuredmedia":[{"embeddable":true,"href":"https:\/\/www.altei.cz\/hifi\/wp-json\/wp\/v2\/media\/40202"}],"wp:attachment":[{"href":"https:\/\/www.altei.cz\/hifi\/wp-json\/wp\/v2\/media?parent=40195"}],"wp:term":[{"taxonomy":"pwb-brand","embeddable":true,"href":"https:\/\/www.altei.cz\/hifi\/wp-json\/wp\/v2\/pwb-brand?post=40195"},{"taxonomy":"product_brand","embeddable":true,"href":"https:\/\/www.altei.cz\/hifi\/wp-json\/wp\/v2\/product_brand?post=40195"},{"taxonomy":"product_cat","embeddable":true,"href":"https:\/\/www.altei.cz\/hifi\/wp-json\/wp\/v2\/product_cat?post=40195"},{"taxonomy":"product_tag","embeddable":true,"href":"https:\/\/www.altei.cz\/hifi\/wp-json\/wp\/v2\/product_tag?post=40195"}],"curies":[{"name":"wp","href":"https:\/\/api.w.org\/{rel}","templated":true}]}}