{"id":40271,"date":"2022-12-15T11:12:52","date_gmt":"2022-12-15T10:12:52","guid":{"rendered":"https:\/\/www.altei.cz\/hifi\/?post_type=product&#038;p=40271"},"modified":"2022-12-29T16:32:00","modified_gmt":"2022-12-29T15:32:00","slug":"manley-jumbo-shrimp","status":"publish","type":"product","link":"https:\/\/www.altei.cz\/hifi\/produkt\/manley-jumbo-shrimp\/","title":{"rendered":"Manley JUMBO SHRIMP"},"content":{"rendered":"<p>Manley JUMBO SHRIMP\u00ae Line Preamplifier \u0160pi\u010dkov\u00fd elektronkov\u00fd p\u0159edzesilova\u010d s kr\u00e1tkou, jednoduchou a minimalistickou sign\u00e1lovou cestou poskytuje vysok\u00fd dynamick\u00fd rozsah s velkou v\u00fdstupn\u00ed kapacitou. Zam\u011b\u0159uje se na vysokou \u0161\u00ed\u0159ku p\u00e1sma, n\u00edzk\u00fd \u0161um, nepatrnou lok\u00e1ln\u00ed z\u00e1pornou zp\u011btnou vazbu a n\u00edzk\u00e9 zkreslen\u00ed &#8211; pro \u010dist\u00fd hudebn\u00ed v\u00fdkon. Vstupy osazeny 2 x 12AT7EH, stupe\u0148 White Follower vyu\u017e\u00edv\u00e1 du\u00e1ln\u00ed triody 5670 GE a v\u00fdstup 2x 744 nebo 5760 GE. Bez n\u00e1mahy \u0159\u00edd\u00ed pasivn\u00ed mezistup\u0148ovou regulaci hlasitosti. Rychl\u00fd, \u017eiv\u00fd, transparentn\u00ed. P\u011bt linkov\u00fdch vstup\u016f, t\u0159i v\u00fdstupy (1x Tape, 2x reg.). V\u010detn\u011b d\u00e1lkov\u00e9ho ovl\u00e1d\u00e1n\u00ed Remora.<\/p>\n","protected":false},"excerpt":{"rendered":"<p>Manley JUMBO SHRIMP\u00ae je \u0161pi\u010dkov\u00fd elektronkov\u00fd linkov\u00fd p\u0159edzesilova\u010d<\/p>\n","protected":false},"featured_media":40272,"comment_status":"closed","ping_status":"closed","template":"","meta":[],"pwb-brand":[326],"product_brand":[],"product_cat":[294,266,30],"product_tag":[267,34],"class_list":{"0":"post-40271","1":"product","2":"type-product","3":"status-publish","4":"has-post-thumbnail","6":"pwb-brand-manley","7":"product_cat-manley-hi-fi","8":"product_cat-predzesilovace-2","9":"product_cat-predzesilovace","10":"product_tag-elektronkovy","11":"product_tag-predzesilovac","13":"first","14":"onbackorder","15":"taxable","16":"shipping-taxable","17":"purchasable","18":"product-type-simple"},"aioseo_notices":[],"jetpack_sharing_enabled":true,"brands":[{"id":326,"name":"Manley","slug":"manley"}],"_links":{"self":[{"href":"https:\/\/www.altei.cz\/hifi\/wp-json\/wp\/v2\/product\/40271","targetHints":{"allow":["GET"]}}],"collection":[{"href":"https:\/\/www.altei.cz\/hifi\/wp-json\/wp\/v2\/product"}],"about":[{"href":"https:\/\/www.altei.cz\/hifi\/wp-json\/wp\/v2\/types\/product"}],"replies":[{"embeddable":true,"href":"https:\/\/www.altei.cz\/hifi\/wp-json\/wp\/v2\/comments?post=40271"}],"wp:featuredmedia":[{"embeddable":true,"href":"https:\/\/www.altei.cz\/hifi\/wp-json\/wp\/v2\/media\/40272"}],"wp:attachment":[{"href":"https:\/\/www.altei.cz\/hifi\/wp-json\/wp\/v2\/media?parent=40271"}],"wp:term":[{"taxonomy":"pwb-brand","embeddable":true,"href":"https:\/\/www.altei.cz\/hifi\/wp-json\/wp\/v2\/pwb-brand?post=40271"},{"taxonomy":"product_brand","embeddable":true,"href":"https:\/\/www.altei.cz\/hifi\/wp-json\/wp\/v2\/product_brand?post=40271"},{"taxonomy":"product_cat","embeddable":true,"href":"https:\/\/www.altei.cz\/hifi\/wp-json\/wp\/v2\/product_cat?post=40271"},{"taxonomy":"product_tag","embeddable":true,"href":"https:\/\/www.altei.cz\/hifi\/wp-json\/wp\/v2\/product_tag?post=40271"}],"curies":[{"name":"wp","href":"https:\/\/api.w.org\/{rel}","templated":true}]}}