{"id":40301,"date":"2022-12-16T17:17:28","date_gmt":"2022-12-16T16:17:28","guid":{"rendered":"https:\/\/www.altei.cz\/hifi\/?post_type=product&#038;p=40301"},"modified":"2024-09-06T14:35:22","modified_gmt":"2024-09-06T12:35:22","slug":"kef-reference-5-meta","status":"publish","type":"product","link":"https:\/\/www.altei.cz\/hifi\/produkt\/kef-reference-5-meta\/","title":{"rendered":"KEF Reference 5 Meta"},"content":{"rendered":"<p>KEF Reference 5 Meta je vlajkov\u00e1 lo\u010f \u0159ady Reference, model se kter\u00fdm se srovn\u00e1vaj\u00ed v\u0161echny ostatn\u00ed vysoce v\u00fdkonn\u00e9 reproduktory. Nyn\u00ed s mimo\u0159\u00e1dn\u011b schopn\u00fdm polem m\u011bni\u010d\u016f Uni-Q\u00ae 12. generace s MAT\u2122 je Reference 5 Meta p\u0159\u00edkladem v\u00e1\u0161n\u011b pro inovace, kter\u00e1 je z\u00e1kladem filozofie designu KEF.<br \/>\nCena za p\u00e1r.<\/p>\n","protected":false},"excerpt":{"rendered":"<h4>KEF Reference 5 Meta<\/h4>\n","protected":false},"featured_media":40314,"comment_status":"open","ping_status":"closed","template":"","meta":[],"pwb-brand":[496],"product_brand":[],"product_cat":[497,82],"product_tag":[66,108,264,85],"class_list":{"0":"post-40301","1":"product","2":"type-product","3":"status-publish","4":"has-post-thumbnail","6":"pwb-brand-kef","7":"product_cat-kef","8":"product_cat-reprosoustavy","9":"product_tag-hi-fi","10":"product_tag-referencni","11":"product_tag-reprosoustava","12":"product_tag-sloupova","14":"first","15":"onbackorder","16":"taxable","17":"shipping-taxable","18":"purchasable","19":"product-type-simple"},"aioseo_notices":[],"jetpack_sharing_enabled":true,"brands":[{"id":496,"name":"KEF","slug":"kef"}],"_links":{"self":[{"href":"https:\/\/www.altei.cz\/hifi\/wp-json\/wp\/v2\/product\/40301","targetHints":{"allow":["GET"]}}],"collection":[{"href":"https:\/\/www.altei.cz\/hifi\/wp-json\/wp\/v2\/product"}],"about":[{"href":"https:\/\/www.altei.cz\/hifi\/wp-json\/wp\/v2\/types\/product"}],"replies":[{"embeddable":true,"href":"https:\/\/www.altei.cz\/hifi\/wp-json\/wp\/v2\/comments?post=40301"}],"wp:featuredmedia":[{"embeddable":true,"href":"https:\/\/www.altei.cz\/hifi\/wp-json\/wp\/v2\/media\/40314"}],"wp:attachment":[{"href":"https:\/\/www.altei.cz\/hifi\/wp-json\/wp\/v2\/media?parent=40301"}],"wp:term":[{"taxonomy":"pwb-brand","embeddable":true,"href":"https:\/\/www.altei.cz\/hifi\/wp-json\/wp\/v2\/pwb-brand?post=40301"},{"taxonomy":"product_brand","embeddable":true,"href":"https:\/\/www.altei.cz\/hifi\/wp-json\/wp\/v2\/product_brand?post=40301"},{"taxonomy":"product_cat","embeddable":true,"href":"https:\/\/www.altei.cz\/hifi\/wp-json\/wp\/v2\/product_cat?post=40301"},{"taxonomy":"product_tag","embeddable":true,"href":"https:\/\/www.altei.cz\/hifi\/wp-json\/wp\/v2\/product_tag?post=40301"}],"curies":[{"name":"wp","href":"https:\/\/api.w.org\/{rel}","templated":true}]}}