{"id":40320,"date":"2022-12-19T09:29:47","date_gmt":"2022-12-19T08:29:47","guid":{"rendered":"https:\/\/www.altei.cz\/hifi\/?post_type=product&#038;p=40320"},"modified":"2024-09-05T16:52:27","modified_gmt":"2024-09-05T14:52:27","slug":"kef-reference-3-meta","status":"publish","type":"product","link":"https:\/\/www.altei.cz\/hifi\/produkt\/kef-reference-3-meta\/","title":{"rendered":"KEF Reference 3 Meta"},"content":{"rendered":"<p>Sloupov\u00e1 reprosoustava Reference 3 Meta je schopna poskytnout senza\u010dn\u00ed zvukovou sc\u00e9nu pro \u0161irokou \u0161k\u00e1lu poslucha\u010d\u016f. V jeho srdci je 12. generace Uni-Q\u00ae m\u011bni\u010d\u016f s MAT\u2122, nejnov\u011bj\u0161\u00edm technologick\u00fdm v\u00fdvojem od KEF, kter\u00fd v\u00e1s postav\u00ed pevn\u011b do centra d\u011bn\u00ed.<br \/>\nCena za p\u00e1r.<\/p>\n","protected":false},"excerpt":{"rendered":"<h4>KEF Reference 3 Meta<\/h4>\n","protected":false},"featured_media":40323,"comment_status":"open","ping_status":"closed","template":"","meta":[],"pwb-brand":[496],"product_brand":[],"product_cat":[497,82],"product_tag":[66,108,264,85],"class_list":{"0":"post-40320","1":"product","2":"type-product","3":"status-publish","4":"has-post-thumbnail","6":"pwb-brand-kef","7":"product_cat-kef","8":"product_cat-reprosoustavy","9":"product_tag-hi-fi","10":"product_tag-referencni","11":"product_tag-reprosoustava","12":"product_tag-sloupova","14":"first","15":"onbackorder","16":"taxable","17":"shipping-taxable","18":"purchasable","19":"product-type-simple"},"aioseo_notices":[],"jetpack_sharing_enabled":true,"brands":[{"id":496,"name":"KEF","slug":"kef"}],"_links":{"self":[{"href":"https:\/\/www.altei.cz\/hifi\/wp-json\/wp\/v2\/product\/40320","targetHints":{"allow":["GET"]}}],"collection":[{"href":"https:\/\/www.altei.cz\/hifi\/wp-json\/wp\/v2\/product"}],"about":[{"href":"https:\/\/www.altei.cz\/hifi\/wp-json\/wp\/v2\/types\/product"}],"replies":[{"embeddable":true,"href":"https:\/\/www.altei.cz\/hifi\/wp-json\/wp\/v2\/comments?post=40320"}],"wp:featuredmedia":[{"embeddable":true,"href":"https:\/\/www.altei.cz\/hifi\/wp-json\/wp\/v2\/media\/40323"}],"wp:attachment":[{"href":"https:\/\/www.altei.cz\/hifi\/wp-json\/wp\/v2\/media?parent=40320"}],"wp:term":[{"taxonomy":"pwb-brand","embeddable":true,"href":"https:\/\/www.altei.cz\/hifi\/wp-json\/wp\/v2\/pwb-brand?post=40320"},{"taxonomy":"product_brand","embeddable":true,"href":"https:\/\/www.altei.cz\/hifi\/wp-json\/wp\/v2\/product_brand?post=40320"},{"taxonomy":"product_cat","embeddable":true,"href":"https:\/\/www.altei.cz\/hifi\/wp-json\/wp\/v2\/product_cat?post=40320"},{"taxonomy":"product_tag","embeddable":true,"href":"https:\/\/www.altei.cz\/hifi\/wp-json\/wp\/v2\/product_tag?post=40320"}],"curies":[{"name":"wp","href":"https:\/\/api.w.org\/{rel}","templated":true}]}}