{"id":40327,"date":"2022-12-19T10:54:12","date_gmt":"2022-12-19T09:54:12","guid":{"rendered":"https:\/\/www.altei.cz\/hifi\/?post_type=product&#038;p=40327"},"modified":"2024-09-05T16:57:56","modified_gmt":"2024-09-05T14:57:56","slug":"kef-reference-1-meta","status":"publish","type":"product","link":"https:\/\/www.altei.cz\/hifi\/produkt\/kef-reference-1-meta\/","title":{"rendered":"KEF Reference 1 Meta"},"content":{"rendered":"<p>N\u00e1stupce \u0161pi\u010dkov\u00e9ho modelu Reference 1 z roku 2015. Elegantn\u00ed pln\u011b t\u0159\u00edp\u00e1smov\u00e1 reg\u00e1lov\u00e1 reprosoustava s bassreflexem a koaxi\u00e1ln\u00edm reproduktorem Uni-Q s Meta \u00fapravou. Nov\u011b navr\u017een\u00e9 165mm basov\u00e9 reproduktory s jemn\u011b zvln\u011bn\u00fdmi k\u00f3nick\u00fdmi hlin\u00edkov\u00fdmi membr\u00e1nami, kter\u00e9 jsou pou\u017eity ve v\u0161ech produktech nov\u00e9 referen\u010dn\u00ed \u0159ady. Nov\u00e1 \u0159ada Reference 1 Meta se vyr\u00e1b\u00ed v p\u011bti barevn\u00fdch proveden\u00edch.<br \/>\nCena za p\u00e1r.<\/p>\n","protected":false},"excerpt":{"rendered":"<h4>KEF Reference 1 Meta<\/h4>\n","protected":false},"featured_media":40328,"comment_status":"open","ping_status":"closed","template":"","meta":[],"pwb-brand":[496],"product_brand":[],"product_cat":[497,82],"product_tag":[66,108,86,264],"class_list":{"0":"post-40327","1":"product","2":"type-product","3":"status-publish","4":"has-post-thumbnail","6":"pwb-brand-kef","7":"product_cat-kef","8":"product_cat-reprosoustavy","9":"product_tag-hi-fi","10":"product_tag-referencni","11":"product_tag-regalova","12":"product_tag-reprosoustava","14":"first","15":"instock","16":"taxable","17":"shipping-taxable","18":"purchasable","19":"product-type-simple"},"aioseo_notices":[],"jetpack_sharing_enabled":true,"brands":[{"id":496,"name":"KEF","slug":"kef"}],"_links":{"self":[{"href":"https:\/\/www.altei.cz\/hifi\/wp-json\/wp\/v2\/product\/40327","targetHints":{"allow":["GET"]}}],"collection":[{"href":"https:\/\/www.altei.cz\/hifi\/wp-json\/wp\/v2\/product"}],"about":[{"href":"https:\/\/www.altei.cz\/hifi\/wp-json\/wp\/v2\/types\/product"}],"replies":[{"embeddable":true,"href":"https:\/\/www.altei.cz\/hifi\/wp-json\/wp\/v2\/comments?post=40327"}],"wp:featuredmedia":[{"embeddable":true,"href":"https:\/\/www.altei.cz\/hifi\/wp-json\/wp\/v2\/media\/40328"}],"wp:attachment":[{"href":"https:\/\/www.altei.cz\/hifi\/wp-json\/wp\/v2\/media?parent=40327"}],"wp:term":[{"taxonomy":"pwb-brand","embeddable":true,"href":"https:\/\/www.altei.cz\/hifi\/wp-json\/wp\/v2\/pwb-brand?post=40327"},{"taxonomy":"product_brand","embeddable":true,"href":"https:\/\/www.altei.cz\/hifi\/wp-json\/wp\/v2\/product_brand?post=40327"},{"taxonomy":"product_cat","embeddable":true,"href":"https:\/\/www.altei.cz\/hifi\/wp-json\/wp\/v2\/product_cat?post=40327"},{"taxonomy":"product_tag","embeddable":true,"href":"https:\/\/www.altei.cz\/hifi\/wp-json\/wp\/v2\/product_tag?post=40327"}],"curies":[{"name":"wp","href":"https:\/\/api.w.org\/{rel}","templated":true}]}}