{"id":40382,"date":"2022-12-20T11:05:32","date_gmt":"2022-12-20T10:05:32","guid":{"rendered":"https:\/\/www.altei.cz\/hifi\/?post_type=product&#038;p=40382"},"modified":"2023-04-20T11:09:48","modified_gmt":"2023-04-20T09:09:48","slug":"kef-blade-one-meta","status":"publish","type":"product","link":"https:\/\/www.altei.cz\/hifi\/produkt\/kef-blade-one-meta\/","title":{"rendered":"KEF Blade One Meta"},"content":{"rendered":"<p>Sv\u011btov\u011b prvn\u00ed reproduktor Single Apparent Source, nyn\u00ed s 12. generac\u00ed Uni-Q\u00ae s MAT\u2122. Zak\u00e1zkov\u00e1 sada ovlada\u010d\u016f navr\u017een\u00e1 tak, aby poskytovala nedot\u010den\u00fd v\u00fdkon, a schopn\u00e1 pozvednout Blade na novou \u00farove\u0148 v\u00fdkonu. Blade One Meta se \u010dty\u0159mi 225mm (9 palci) basov\u00fdmi m\u011bni\u010di s potla\u010den\u00edm s\u00edly je \u0161pi\u010dkov\u00fdm modelem \u0159ady Blade.<br \/>\ncena za kus<\/p>\n","protected":false},"excerpt":{"rendered":"<h4>KEF Blade One Meta<\/h4>\n","protected":false},"featured_media":40383,"comment_status":"open","ping_status":"closed","template":"","meta":[],"pwb-brand":[496],"product_brand":[],"product_cat":[497,82],"product_tag":[66,108,264,85],"class_list":{"0":"post-40382","1":"product","2":"type-product","3":"status-publish","4":"has-post-thumbnail","6":"pwb-brand-kef","7":"product_cat-kef","8":"product_cat-reprosoustavy","9":"product_tag-hi-fi","10":"product_tag-referencni","11":"product_tag-reprosoustava","12":"product_tag-sloupova","14":"first","15":"onbackorder","16":"taxable","17":"shipping-taxable","18":"purchasable","19":"product-type-simple"},"aioseo_notices":[],"jetpack_sharing_enabled":true,"brands":[{"id":496,"name":"KEF","slug":"kef"}],"_links":{"self":[{"href":"https:\/\/www.altei.cz\/hifi\/wp-json\/wp\/v2\/product\/40382","targetHints":{"allow":["GET"]}}],"collection":[{"href":"https:\/\/www.altei.cz\/hifi\/wp-json\/wp\/v2\/product"}],"about":[{"href":"https:\/\/www.altei.cz\/hifi\/wp-json\/wp\/v2\/types\/product"}],"replies":[{"embeddable":true,"href":"https:\/\/www.altei.cz\/hifi\/wp-json\/wp\/v2\/comments?post=40382"}],"wp:featuredmedia":[{"embeddable":true,"href":"https:\/\/www.altei.cz\/hifi\/wp-json\/wp\/v2\/media\/40383"}],"wp:attachment":[{"href":"https:\/\/www.altei.cz\/hifi\/wp-json\/wp\/v2\/media?parent=40382"}],"wp:term":[{"taxonomy":"pwb-brand","embeddable":true,"href":"https:\/\/www.altei.cz\/hifi\/wp-json\/wp\/v2\/pwb-brand?post=40382"},{"taxonomy":"product_brand","embeddable":true,"href":"https:\/\/www.altei.cz\/hifi\/wp-json\/wp\/v2\/product_brand?post=40382"},{"taxonomy":"product_cat","embeddable":true,"href":"https:\/\/www.altei.cz\/hifi\/wp-json\/wp\/v2\/product_cat?post=40382"},{"taxonomy":"product_tag","embeddable":true,"href":"https:\/\/www.altei.cz\/hifi\/wp-json\/wp\/v2\/product_tag?post=40382"}],"curies":[{"name":"wp","href":"https:\/\/api.w.org\/{rel}","templated":true}]}}